{"id":863,"date":"2023-07-10T16:54:32","date_gmt":"2023-07-10T16:54:32","guid":{"rendered":"https:\/\/ksj.microshop.cz\/?page_id=863"},"modified":"2025-01-07T13:14:43","modified_gmt":"2025-01-07T13:14:43","slug":"konzultace","status":"publish","type":"page","link":"https:\/\/ksj.microshop.cz\/en\/konzultace\/","title":{"rendered":"Konzultace"},"content":{"rendered":"\n<p><strong>Individu\u00e1ln\u00ed konzultace<\/strong>&nbsp;jsou pro ka\u017ed\u00e9ho, kdo p\u0159ipravuje text nebo prezentaci v angli\u010dtin\u011b a cht\u011bl by si v pr\u016fb\u011bhu tvorby svou pr\u00e1ci testovat na cvi\u010dn\u00e9m publiku. Nab\u00edz\u00edme zp\u011btnou vazbu, kter\u00e1 v\u00e1m pom\u016f\u017ee text smyslupln\u011b upravovat do fin\u00e1ln\u00ed podoby. Na konzultaci m\u016f\u017eete p\u0159ij\u00edt s&nbsp;hotov\u00fdm textem, ale i&nbsp;s&nbsp;pr\u00e1zdn\u00fdm pap\u00edrem \u2013 pom\u00e1h\u00e1me ve v\u0161ech f\u00e1z\u00edch procesu psan\u00ed, v\u010detn\u011b po\u010d\u00e1te\u010dn\u00edho pl\u00e1nov\u00e1n\u00ed z\u00e1m\u011bru textu, nebo ve f\u00e1z\u00edch tzv. &#8220;tv\u016fr\u010d\u00ed krize.&#8221; Zku\u0161enosti m\u00e1me zejm\u00e9na s psan\u00edm <strong>odborn\u00fd \u010dl\u00e1nk\u016f<\/strong> dle anglofonn\u00edch konvenc\u00ed, ale i s psan\u00edm dizerta\u010dn\u00edch a magistersk\u00fdch prac\u00ed, v\u00fdzkumn\u00fdch z\u00e1m\u011br\u016f nebo grantov\u00fdch \u017e\u00e1dost\u00ed. <strong>NED\u011aL\u00c1ME KOREKTURY<\/strong>, proto\u017ee ty se t\u00fdkaj\u00ed fin\u00e1ln\u00edho lad\u011bn\u00ed ji\u017e hotov\u00e9ho textu a snadno je za v\u00e1s ud\u011blaj\u00ed n\u00e1stroje AI nebo rodil\u00fd mluv\u010d\u00ed. Prim\u00e1rn\u011b se zam\u011b\u0159ujeme na hlub\u0161\u00ed \u00farovn\u011b textu, logiku, strukturu a vyj\u00e1d\u0159en\u00ed my\u0161lenek, kter\u00e9 se v odborn\u00fdch textech o\u010dek\u00e1vaj\u00ed, ale auto\u0159i si je nev\u011bdomky \u010dasto nech\u00e1vaj\u00ed sami pro sebe. Nab\u00edz\u00edme vhled \u010dlov\u011bka zvenku, kter\u00fd autor\u016fm pom\u016f\u017ee uv\u011bdomovat si potenci\u00e1ln\u00ed \u010dten\u00e1\u0159e a text mu p\u0159izp\u016fsobovat.<\/p>\n\n\n\n<p><\/p>\n\n\n\n<div class=\"wp-block-columns is-layout-flex wp-container-core-columns-is-layout-9d6595d7 wp-block-columns-is-layout-flex\">\n<div class=\"wp-block-column is-layout-flow wp-block-column-is-layout-flow\">\n<h2 class=\"wp-block-heading\">Pr\u016fb\u011bh konzultace<\/h2>\n\n\n\n<p>Konzultace prob\u00edh\u00e1 formou rozhovoru o va\u0161em textu. Vysv\u011btl\u00edte n\u00e1m, co jste v textu cht\u011bli \u0159\u00edct a spolu srovn\u00e1me, do jak\u00e9 m\u00edry a jak jsou va\u0161e my\u0161lenku v textu skute\u010dn\u011b vyj\u00e1d\u0159en\u00e9. Spole\u010dn\u011b se pod\u00edv\u00e1me a zhodnot\u00edme, jak v textu \u0159ad\u00edte informace, jak vysv\u011btlujete sv\u016fj v\u00fdzkumn\u00fd z\u00e1m\u011br, p\u0159\u00ednos studie atp. Zam\u011b\u0159ujeme se hlavn\u011b na my\u0161lenky, logiku a organizaci textu. Gramatiku a stylistiku \u0159e\u0161\u00edme okrajov\u011b v p\u0159\u00edpadech, kdy formulace nebo chyby komplikuj\u00ed porozum\u011bn\u00ed textu. Bylo by zbyte\u010dn\u00e9 pilovat \u010d\u00e1sti textu, kter\u00e9 budete p\u0159i reviz\u00edch p\u0159episovat nebo \u00fapln\u011b zmiz\u00ed.<\/p>\n\n\n\n<div class=\"wp-block-group is-nowrap is-layout-flex wp-container-core-group-is-layout-ad2f72ca wp-block-group-is-layout-flex\"><\/div>\n\n\n\n<div class=\"wp-block-group is-layout-constrained wp-block-group-is-layout-constrained\">\n<div class=\"wp-block-columns is-layout-flex wp-container-core-columns-is-layout-9d6595d7 wp-block-columns-is-layout-flex\">\n<div class=\"wp-block-column is-layout-flow wp-block-column-is-layout-flow\">\n<h2 class=\"wp-block-heading\">Postup:<\/h2>\n\n\n\n<ul class=\"wp-block-list\">\n<li style=\"font-size:18px\">sezn\u00e1m\u00edte n\u00e1s s kontextem textu a konkr\u00e9tn\u00edmi po\u017eadavky na dan\u00fd text (nap\u0159. po\u017eadavky odborn\u00e9ho \u010dasopisu, krit\u00e9ria pro posuzov\u00e1n\u00ed grantov\u00e9 \u017e\u00e1dosti atp.)<\/li>\n\n\n\n<li style=\"font-size:18px\">vysv\u011btl\u00edte n\u00e1m, co se sna\u017e\u00edte v textu sd\u011blit<\/li>\n\n\n\n<li style=\"font-size:18px\">text spole\u010dn\u011b zanalyzujeme &#8211; zkontrolujeme, zda text obsahuje d\u016fle\u017eit\u00e9 informace, kter\u00e9 zazn\u011bly v na\u0161em rozhovoru a zda jsou tyto informace na odpov\u00eddaj\u00edm m\u00edst\u011b (nap\u0159. ob\u010das se autor\u016fm st\u00e1v\u00e1, \u017ee informace, kter\u00e9 by m\u011bly b\u00fdt v \u00favodu odborn\u00e9ho \u010dl\u00e1nku zazn\u00edvaj\u00ed a\u017e v diskusi)<\/li>\n\n\n\n<li style=\"font-size:18px\">dopt\u00e1me se na to, co n\u00e1m nen\u00ed jasn\u00e9, p\u0159\u00edp. co n\u00e1m v textu chyb\u00ed; atp.<\/li>\n\n\n\n<li style=\"font-size:18px\">budete odch\u00e1zet s konkr\u00e9tn\u00edm pl\u00e1nem \u00faprav, kter\u00e9 si text vy\u017eaduje<\/li>\n\n\n\n<li style=\"font-size:18px\">z\u00edsk\u00e1te tipy na strategie a zdroje, kter\u00e9 v\u00e1m psan\u00ed a dal\u0161\u00ed upravov\u00e1n\u00ed textu usnadn\u00ed<\/li>\n<\/ul>\n<\/div>\n\n\n\n<div class=\"wp-block-column is-layout-flow wp-block-column-is-layout-flow\">\n<figure class=\"wp-block-gallery has-nested-images columns-default is-cropped wp-block-gallery-1 is-layout-flex wp-block-gallery-is-layout-flex\">\n<figure class=\"wp-block-image size-large\"><img loading=\"lazy\" decoding=\"async\" width=\"1024\" height=\"683\" data-id=\"3110\" src=\"https:\/\/ksj.microshop.cz\/wp-content\/uploads\/2024\/04\/2023-10-24_UJC-Kabinet-jazyku_web-27-1024x683.jpg\" alt=\"\" class=\"wp-image-3110\" srcset=\"https:\/\/ksj.microshop.cz\/wp-content\/uploads\/2024\/04\/2023-10-24_UJC-Kabinet-jazyku_web-27-1024x683.jpg 1024w, https:\/\/ksj.microshop.cz\/wp-content\/uploads\/2024\/04\/2023-10-24_UJC-Kabinet-jazyku_web-27-300x200.jpg 300w, https:\/\/ksj.microshop.cz\/wp-content\/uploads\/2024\/04\/2023-10-24_UJC-Kabinet-jazyku_web-27-768x512.jpg 768w, https:\/\/ksj.microshop.cz\/wp-content\/uploads\/2024\/04\/2023-10-24_UJC-Kabinet-jazyku_web-27-1536x1024.jpg 1536w, https:\/\/ksj.microshop.cz\/wp-content\/uploads\/2024\/04\/2023-10-24_UJC-Kabinet-jazyku_web-27.jpg 2048w\" sizes=\"auto, (max-width: 1024px) 100vw, 1024px\" \/><\/figure>\n<\/figure>\n<\/div>\n<\/div>\n<\/div>\n<\/div>\n<\/div>\n\n\n\n<h2 class=\"wp-block-heading\">D\u00e9lka konzultace: 30\u201390 minut<\/h2>\n\n\n\n<ul class=\"wp-block-list\">\n<li>konzultace poskytujeme osobn\u011b nebo p\u0159es Zoom<\/li>\n\n\n\n<li>celkov\u00fd po\u010det konzultac\u00ed za semestr na jednoho klienta se bude odv\u00edjet od \u010dasov\u00fdch mo\u017enost\u00ed instruktor\u016f, popt\u00e1vky po konzultac\u00edch a individu\u00e1ln\u00edch po\u017eadavk\u016f klienta<\/li>\n\n\n\n<li>pokud n\u00e1m po\u0161lete n\u011bjak\u00fd text p\u0159edem, k \u010dasu konzultace se p\u0159ipo\u010d\u00edt\u00e1v\u00e1 \u010das instruktora s<\/li>\n<\/ul>\n\n\n\n<p><em>Upozorn\u011bn\u00ed:<\/em>&nbsp;<em>b\u011bhem jedn\u00e9 konzultace s v\u00e1mi zpravidla projdeme n\u011bkolik str\u00e1nek va\u0161eho textu. Pros\u00edm, ne\u010dekejte, \u017ee za 30-90 minut zvl\u00e1dneme spole\u010dn\u011b zanalyzovat cel\u00fd v\u00e1\u0161 text. <\/em><\/p>\n\n\n\n<h2 class=\"wp-block-heading\">Co p\u0159in\u00e9st s sebou<\/h2>\n\n\n\n<ul class=\"wp-block-list\">\n<li>Pokud se hl\u00e1s\u00edte na \u00favodn\u00ed 60 min. konzultaci \u2013 2 kopie sv\u00e9ho textu (1x pro v\u00e1s, 1x pro instruktora). Pokud jste si objednali konzulta\u010dn\u00ed bal\u00ed\u010dek a pos\u00edl\u00e1te text p\u0159edem, p\u0159ineste si kopii pouze pro sebe.<\/li>\n\n\n\n<li>Jak\u00e9koli dal\u0161\u00ed informace k&nbsp;textu (nap\u0159. u odborn\u00e9ho \u010dl\u00e1nku instrukce autor\u016fm, v&nbsp;p\u0159\u00edpad\u011b \u017eivotopisu popis pracovn\u00ed pozice atp.)<\/li>\n<\/ul>\n\n\n\n<p><\/p>\n\n\n\n<h2 class=\"wp-block-heading\">Cena konzultace<\/h2>\n\n\n\n<h3 class=\"wp-block-heading\">1 hodina = <strong>500 K\u010d<\/strong> (zam\u011bstnanci AV \u010cR) <\/h3>\n\n\n\n<p><em>Ve\u0159ejnost\/klienti mimo AV \u010cR 1 hodina = 600 K\u010d<\/em><\/p>\n\n\n\n<p>Pokud text pos\u00edl\u00e1te p\u0159edem a&nbsp;o\u010dek\u00e1v\u00e1te p\u0159\u00edpravu instruktora, je t\u0159eba zaplatit v\u00edc hodin \u2013 cena je pak p\u0159edm\u011btem dohody s&nbsp;instruktorem a na z\u00e1klad\u011b rozsahu textu.<\/p>\n\n\n\n<p><\/p>\n\n\n\n<hr class=\"wp-block-separator has-alpha-channel-opacity is-style-wide\"\/>\n\n\n\n<p><\/p>\n\n\n\n<h3 class=\"wp-block-heading\">Zv\u00fdhodn\u011bn\u00fd bal\u00ed\u010dek (4 hod.) pro zam\u011bstnance AV \u010cR \u2013 <strong>1.800 K\u010d<\/strong><\/h3>\n\n\n\n<p>Osobn\u00ed setk\u00e1n\u00ed + instruktor\u016fv \u010das na p\u0159\u00edpravu (celkem&nbsp;<strong>4 hod<\/strong>. instruktorova \u010dasu v\u010detn\u011b setk\u00e1n\u00ed<\/p>\n\n\n\n<p><em>Pro klienty mimo AV \u010cR cena 2.200 K\u010d.<\/em><\/p>\n\n\n\n<p><\/p>\n\n\n\n<hr class=\"wp-block-separator has-alpha-channel-opacity is-style-wide\"\/>\n\n\n\n<p><\/p>\n\n\n\n<h3 class=\"wp-block-heading\">Nadstandardn\u00ed popt\u00e1vky &#8211; <strong>Individu\u00e1ln\u00ed cena<\/strong><\/h3>\n\n\n\n<p>Nap\u0159. dizerta\u010dn\u00ed pr\u00e1ce, nebo expresn\u00ed slu\u017eby, tzn. do 1-3 dn\u016f.<\/p>\n\n\n\n<p><\/p>\n\n\n\n<hr class=\"wp-block-separator has-alpha-channel-opacity is-style-wide\"\/>\n\n\n\n<p><\/p>\n\n\n\n<h2 class=\"wp-block-heading\">Z\u00e1pis na konzultaci<\/h2>\n\n\n\n<p>Na konzultaci se registrujte na n\u00e1sleduj\u00edc\u00ed adrese:<\/p>\n\n\n\n<p><strong><a href=\"http:\/\/registrace.langdpt.avcr.cz\/?\">http:\/\/registrace.langdpt.avcr.cz\/<\/a><\/strong><\/p>\n\n\n\n<p>Zkontaktujeme v\u00e1s po t\u00e9, co se zaregistrujete.<\/p>\n","protected":false},"excerpt":{"rendered":"<p>Individu\u00e1ln\u00ed konzultace&nbsp;jsou pro ka\u017ed\u00e9ho, kdo p\u0159ipravuje text nebo prezentaci v angli\u010dtin\u011b a cht\u011bl by si v pr\u016fb\u011bhu tvorby svou pr\u00e1ci testovat na cvi\u010dn\u00e9m publiku. Nab\u00edz\u00edme zp\u011btnou vazbu, kter\u00e1 v\u00e1m pom\u016f\u017ee text smyslupln\u011b upravovat do fin\u00e1ln\u00ed podoby. Na konzultaci m\u016f\u017eete p\u0159ij\u00edt s&nbsp;hotov\u00fdm textem, ale i&nbsp;s&nbsp;pr\u00e1zdn\u00fdm pap\u00edrem \u2013 pom\u00e1h\u00e1me ve v\u0161ech f\u00e1z\u00edch procesu psan\u00ed, v\u010detn\u011b po\u010d\u00e1te\u010dn\u00edho pl\u00e1nov\u00e1n\u00ed [&hellip;]<\/p>\n","protected":false},"author":8,"featured_media":3110,"parent":0,"menu_order":0,"comment_status":"closed","ping_status":"closed","template":"","meta":{"footnotes":""},"categories":[],"tags":[],"class_list":["post-863","page","type-page","status-publish","has-post-thumbnail","hentry"],"acf":[],"yoast_head":"<!-- This site is optimized with the Yoast SEO plugin v27.4 - https:\/\/yoast.com\/product\/yoast-seo-wordpress\/ -->\n<title>Konzultace - Kabinet studia jazyk\u016f<\/title>\n<meta name=\"robots\" content=\"noindex, follow, max-snippet:-1, max-image-preview:large, max-video-preview:-1\" \/>\n<meta property=\"og:locale\" content=\"en_US\" \/>\n<meta property=\"og:type\" content=\"article\" \/>\n<meta property=\"og:title\" content=\"Konzultace - Kabinet studia jazyk\u016f\" \/>\n<meta property=\"og:description\" content=\"Individu\u00e1ln\u00ed konzultace&nbsp;jsou pro ka\u017ed\u00e9ho, kdo p\u0159ipravuje text nebo prezentaci v angli\u010dtin\u011b a cht\u011bl by si v pr\u016fb\u011bhu tvorby svou pr\u00e1ci testovat na cvi\u010dn\u00e9m publiku. Nab\u00edz\u00edme zp\u011btnou vazbu, kter\u00e1 v\u00e1m pom\u016f\u017ee text smyslupln\u011b upravovat do fin\u00e1ln\u00ed podoby. Na konzultaci m\u016f\u017eete p\u0159ij\u00edt s&nbsp;hotov\u00fdm textem, ale i&nbsp;s&nbsp;pr\u00e1zdn\u00fdm pap\u00edrem \u2013 pom\u00e1h\u00e1me ve v\u0161ech f\u00e1z\u00edch procesu psan\u00ed, v\u010detn\u011b po\u010d\u00e1te\u010dn\u00edho pl\u00e1nov\u00e1n\u00ed [&hellip;]\" \/>\n<meta property=\"og:url\" content=\"https:\/\/ksj.microshop.cz\/konzultace\/\" \/>\n<meta property=\"og:site_name\" content=\"Kabinet studia jazyk\u016f\" \/>\n<meta property=\"article:modified_time\" content=\"2025-01-07T13:14:43+00:00\" \/>\n<meta property=\"og:image\" content=\"https:\/\/ksj.microshop.cz\/wp-content\/uploads\/2024\/04\/2023-10-24_UJC-Kabinet-jazyku_web-27.jpg\" \/>\n\t<meta property=\"og:image:width\" content=\"2048\" \/>\n\t<meta property=\"og:image:height\" content=\"1365\" \/>\n\t<meta property=\"og:image:type\" content=\"image\/jpeg\" \/>\n<meta name=\"twitter:card\" content=\"summary_large_image\" \/>\n<meta name=\"twitter:label1\" content=\"Est. reading time\" \/>\n\t<meta name=\"twitter:data1\" content=\"4 minutes\" \/>\n<script type=\"application\/ld+json\" class=\"yoast-schema-graph\">{\"@context\":\"https:\\\/\\\/schema.org\",\"@graph\":[{\"@type\":\"WebPage\",\"@id\":\"https:\\\/\\\/ksj.microshop.cz\\\/konzultace\\\/\",\"url\":\"https:\\\/\\\/ksj.microshop.cz\\\/konzultace\\\/\",\"name\":\"Konzultace - Kabinet studia jazyk\u016f\",\"isPartOf\":{\"@id\":\"https:\\\/\\\/ksj.microshop.cz\\\/#website\"},\"primaryImageOfPage\":{\"@id\":\"https:\\\/\\\/ksj.microshop.cz\\\/konzultace\\\/#primaryimage\"},\"image\":{\"@id\":\"https:\\\/\\\/ksj.microshop.cz\\\/konzultace\\\/#primaryimage\"},\"thumbnailUrl\":\"https:\\\/\\\/ksj.microshop.cz\\\/wp-content\\\/uploads\\\/2024\\\/04\\\/2023-10-24_UJC-Kabinet-jazyku_web-27.jpg\",\"datePublished\":\"2023-07-10T16:54:32+00:00\",\"dateModified\":\"2025-01-07T13:14:43+00:00\",\"breadcrumb\":{\"@id\":\"https:\\\/\\\/ksj.microshop.cz\\\/konzultace\\\/#breadcrumb\"},\"inLanguage\":\"en-US\",\"potentialAction\":[{\"@type\":\"ReadAction\",\"target\":[\"https:\\\/\\\/ksj.microshop.cz\\\/konzultace\\\/\"]}]},{\"@type\":\"ImageObject\",\"inLanguage\":\"en-US\",\"@id\":\"https:\\\/\\\/ksj.microshop.cz\\\/konzultace\\\/#primaryimage\",\"url\":\"https:\\\/\\\/ksj.microshop.cz\\\/wp-content\\\/uploads\\\/2024\\\/04\\\/2023-10-24_UJC-Kabinet-jazyku_web-27.jpg\",\"contentUrl\":\"https:\\\/\\\/ksj.microshop.cz\\\/wp-content\\\/uploads\\\/2024\\\/04\\\/2023-10-24_UJC-Kabinet-jazyku_web-27.jpg\",\"width\":2048,\"height\":1365},{\"@type\":\"BreadcrumbList\",\"@id\":\"https:\\\/\\\/ksj.microshop.cz\\\/konzultace\\\/#breadcrumb\",\"itemListElement\":[{\"@type\":\"ListItem\",\"position\":1,\"name\":\"Home\",\"item\":\"https:\\\/\\\/ksj.microshop.cz\\\/\"},{\"@type\":\"ListItem\",\"position\":2,\"name\":\"Konzultace\"}]},{\"@type\":\"WebSite\",\"@id\":\"https:\\\/\\\/ksj.microshop.cz\\\/#website\",\"url\":\"https:\\\/\\\/ksj.microshop.cz\\\/\",\"name\":\"Kabinet studia jazyk\u016f\",\"description\":\"\",\"publisher\":{\"@id\":\"https:\\\/\\\/ksj.microshop.cz\\\/#organization\"},\"potentialAction\":[{\"@type\":\"SearchAction\",\"target\":{\"@type\":\"EntryPoint\",\"urlTemplate\":\"https:\\\/\\\/ksj.microshop.cz\\\/?s={search_term_string}\"},\"query-input\":{\"@type\":\"PropertyValueSpecification\",\"valueRequired\":true,\"valueName\":\"search_term_string\"}}],\"inLanguage\":\"en-US\"},{\"@type\":\"Organization\",\"@id\":\"https:\\\/\\\/ksj.microshop.cz\\\/#organization\",\"name\":\"Kabinet studia jazyk\u016f\",\"url\":\"https:\\\/\\\/ksj.microshop.cz\\\/\",\"logo\":{\"@type\":\"ImageObject\",\"inLanguage\":\"en-US\",\"@id\":\"https:\\\/\\\/ksj.microshop.cz\\\/#\\\/schema\\\/logo\\\/image\\\/\",\"url\":\"https:\\\/\\\/ksj.microshop.cz\\\/wp-content\\\/uploads\\\/2023\\\/04\\\/ksj-logo.svg\",\"contentUrl\":\"https:\\\/\\\/ksj.microshop.cz\\\/wp-content\\\/uploads\\\/2023\\\/04\\\/ksj-logo.svg\",\"width\":55,\"height\":63,\"caption\":\"Kabinet studia jazyk\u016f\"},\"image\":{\"@id\":\"https:\\\/\\\/ksj.microshop.cz\\\/#\\\/schema\\\/logo\\\/image\\\/\"}}]}<\/script>\n<!-- \/ Yoast SEO plugin. -->","yoast_head_json":{"title":"Konzultace - Kabinet studia jazyk\u016f","robots":{"index":"noindex","follow":"follow","max-snippet":"max-snippet:-1","max-image-preview":"max-image-preview:large","max-video-preview":"max-video-preview:-1"},"og_locale":"en_US","og_type":"article","og_title":"Konzultace - Kabinet studia jazyk\u016f","og_description":"Individu\u00e1ln\u00ed konzultace&nbsp;jsou pro ka\u017ed\u00e9ho, kdo p\u0159ipravuje text nebo prezentaci v angli\u010dtin\u011b a cht\u011bl by si v pr\u016fb\u011bhu tvorby svou pr\u00e1ci testovat na cvi\u010dn\u00e9m publiku. Nab\u00edz\u00edme zp\u011btnou vazbu, kter\u00e1 v\u00e1m pom\u016f\u017ee text smyslupln\u011b upravovat do fin\u00e1ln\u00ed podoby. Na konzultaci m\u016f\u017eete p\u0159ij\u00edt s&nbsp;hotov\u00fdm textem, ale i&nbsp;s&nbsp;pr\u00e1zdn\u00fdm pap\u00edrem \u2013 pom\u00e1h\u00e1me ve v\u0161ech f\u00e1z\u00edch procesu psan\u00ed, v\u010detn\u011b po\u010d\u00e1te\u010dn\u00edho pl\u00e1nov\u00e1n\u00ed [&hellip;]","og_url":"https:\/\/ksj.microshop.cz\/konzultace\/","og_site_name":"Kabinet studia jazyk\u016f","article_modified_time":"2025-01-07T13:14:43+00:00","og_image":[{"width":2048,"height":1365,"url":"https:\/\/ksj.microshop.cz\/wp-content\/uploads\/2024\/04\/2023-10-24_UJC-Kabinet-jazyku_web-27.jpg","type":"image\/jpeg"}],"twitter_card":"summary_large_image","twitter_misc":{"Est. reading time":"4 minutes"},"schema":{"@context":"https:\/\/schema.org","@graph":[{"@type":"WebPage","@id":"https:\/\/ksj.microshop.cz\/konzultace\/","url":"https:\/\/ksj.microshop.cz\/konzultace\/","name":"Konzultace - Kabinet studia jazyk\u016f","isPartOf":{"@id":"https:\/\/ksj.microshop.cz\/#website"},"primaryImageOfPage":{"@id":"https:\/\/ksj.microshop.cz\/konzultace\/#primaryimage"},"image":{"@id":"https:\/\/ksj.microshop.cz\/konzultace\/#primaryimage"},"thumbnailUrl":"https:\/\/ksj.microshop.cz\/wp-content\/uploads\/2024\/04\/2023-10-24_UJC-Kabinet-jazyku_web-27.jpg","datePublished":"2023-07-10T16:54:32+00:00","dateModified":"2025-01-07T13:14:43+00:00","breadcrumb":{"@id":"https:\/\/ksj.microshop.cz\/konzultace\/#breadcrumb"},"inLanguage":"en-US","potentialAction":[{"@type":"ReadAction","target":["https:\/\/ksj.microshop.cz\/konzultace\/"]}]},{"@type":"ImageObject","inLanguage":"en-US","@id":"https:\/\/ksj.microshop.cz\/konzultace\/#primaryimage","url":"https:\/\/ksj.microshop.cz\/wp-content\/uploads\/2024\/04\/2023-10-24_UJC-Kabinet-jazyku_web-27.jpg","contentUrl":"https:\/\/ksj.microshop.cz\/wp-content\/uploads\/2024\/04\/2023-10-24_UJC-Kabinet-jazyku_web-27.jpg","width":2048,"height":1365},{"@type":"BreadcrumbList","@id":"https:\/\/ksj.microshop.cz\/konzultace\/#breadcrumb","itemListElement":[{"@type":"ListItem","position":1,"name":"Home","item":"https:\/\/ksj.microshop.cz\/"},{"@type":"ListItem","position":2,"name":"Konzultace"}]},{"@type":"WebSite","@id":"https:\/\/ksj.microshop.cz\/#website","url":"https:\/\/ksj.microshop.cz\/","name":"Kabinet studia jazyk\u016f","description":"","publisher":{"@id":"https:\/\/ksj.microshop.cz\/#organization"},"potentialAction":[{"@type":"SearchAction","target":{"@type":"EntryPoint","urlTemplate":"https:\/\/ksj.microshop.cz\/?s={search_term_string}"},"query-input":{"@type":"PropertyValueSpecification","valueRequired":true,"valueName":"search_term_string"}}],"inLanguage":"en-US"},{"@type":"Organization","@id":"https:\/\/ksj.microshop.cz\/#organization","name":"Kabinet studia jazyk\u016f","url":"https:\/\/ksj.microshop.cz\/","logo":{"@type":"ImageObject","inLanguage":"en-US","@id":"https:\/\/ksj.microshop.cz\/#\/schema\/logo\/image\/","url":"https:\/\/ksj.microshop.cz\/wp-content\/uploads\/2023\/04\/ksj-logo.svg","contentUrl":"https:\/\/ksj.microshop.cz\/wp-content\/uploads\/2023\/04\/ksj-logo.svg","width":55,"height":63,"caption":"Kabinet studia jazyk\u016f"},"image":{"@id":"https:\/\/ksj.microshop.cz\/#\/schema\/logo\/image\/"}}]}},"_links":{"self":[{"href":"https:\/\/ksj.microshop.cz\/en\/wp-json\/wp\/v2\/pages\/863","targetHints":{"allow":["GET"]}}],"collection":[{"href":"https:\/\/ksj.microshop.cz\/en\/wp-json\/wp\/v2\/pages"}],"about":[{"href":"https:\/\/ksj.microshop.cz\/en\/wp-json\/wp\/v2\/types\/page"}],"author":[{"embeddable":true,"href":"https:\/\/ksj.microshop.cz\/en\/wp-json\/wp\/v2\/users\/8"}],"replies":[{"embeddable":true,"href":"https:\/\/ksj.microshop.cz\/en\/wp-json\/wp\/v2\/comments?post=863"}],"version-history":[{"count":33,"href":"https:\/\/ksj.microshop.cz\/en\/wp-json\/wp\/v2\/pages\/863\/revisions"}],"predecessor-version":[{"id":11425,"href":"https:\/\/ksj.microshop.cz\/en\/wp-json\/wp\/v2\/pages\/863\/revisions\/11425"}],"wp:featuredmedia":[{"embeddable":true,"href":"https:\/\/ksj.microshop.cz\/en\/wp-json\/wp\/v2\/media\/3110"}],"wp:attachment":[{"href":"https:\/\/ksj.microshop.cz\/en\/wp-json\/wp\/v2\/media?parent=863"}],"wp:term":[{"taxonomy":"category","embeddable":true,"href":"https:\/\/ksj.microshop.cz\/en\/wp-json\/wp\/v2\/categories?post=863"},{"taxonomy":"post_tag","embeddable":true,"href":"https:\/\/ksj.microshop.cz\/en\/wp-json\/wp\/v2\/tags?post=863"}],"curies":[{"name":"wp","href":"https:\/\/api.w.org\/{rel}","templated":true}]}}