{"id":856,"date":"2023-07-10T16:43:12","date_gmt":"2023-07-10T16:43:12","guid":{"rendered":"https:\/\/ksj.microshop.cz\/?page_id=856"},"modified":"2024-05-10T10:57:37","modified_gmt":"2024-05-10T10:57:37","slug":"seminare","status":"publish","type":"page","link":"https:\/\/ksj.microshop.cz\/en\/seminare\/","title":{"rendered":"Semin\u00e1\u0159e"},"content":{"rendered":"\n<h2 class=\"wp-block-heading\">Nab\u00eddka semin\u00e1\u0159\u016f<\/h2>\n\n\n\n<p>Univerzit\u00e1m, v\u011bdeck\u00fdm institut\u016fm a jak\u00fdmkoli dal\u0161\u00edm z\u00e1jemc\u016fm nab\u00edz\u00edme semin\u00e1\u0159e na m\u00edru v d\u00e9lce 90-180 min. (p\u0159\u00edp. i del\u0161\u00ed) k n\u00e1sleduj\u00edc\u00edm t\u00e9mat\u016fm:<\/p>\n\n\n\n<ul class=\"wp-block-list\">\n<li style=\"font-style:normal;font-weight:500\">Introduction to Research Writing<\/li>\n\n\n\n<li style=\"font-style:normal;font-weight:500\">Writing a Research Article in English<\/li>\n\n\n\n<li style=\"font-style:normal;font-weight:500\">Communicating Science: Effective Presentations<\/li>\n\n\n\n<li style=\"font-style:normal;font-weight:500\">Key Principles of Effective Writing: Cohesion, Coherence &amp; Concision<\/li>\n<\/ul>\n\n\n\n<p>Semin\u00e1\u0159e obsahuj\u00ed \u0159adu aktivit a autentick\u00fdch odborn\u00fdch text\u016f, na nich\u017e si \u00fa\u010dastn\u00edci procvi\u010d\u00ed prob\u00edran\u00e9 principy. D\u00e9lku i konkr\u00e9tn\u00ed n\u00e1pl\u0148  (zejm\u00e9na v\u00fdb\u011br text\u016f) p\u0159izp\u016fsobujeme va\u0161im konkr\u00e9tn\u00edm po\u017eadavk\u016fm.<\/p>\n\n\n\n<p><\/p>\n\n\n\n<h3 class=\"wp-block-heading has-text-align-left has-cyan-bluish-gray-background-color has-background\">V p\u0159\u00edpad\u011b z\u00e1jmu n\u00e1s kontaktujte na adrese <a href=\"mailto:kurzy@langdpt.cas\">kurzy@langdpt.cas<\/a><\/h3>\n\n\n\n<p><\/p>\n\n\n\n<h3 class=\"wp-block-heading\">Reference:<\/h3>\n\n\n\n<p><\/p>\n\n\n\n<ul class=\"wp-block-list\">\n<li>Biologick\u00e9 Centrum AV \u010cR, v. v. i. \u010cesk\u00e9 Bud\u011bjovice<\/li>\n\n\n\n<li>Fyzik\u00e1ln\u00ed \u00fastav AV \u010cR, v. v. i.<\/li>\n\n\n\n<li>CEITEC Brno<\/li>\n\n\n\n<li>Masarykova Univerzita<\/li>\n\n\n\n<li>Sociologick\u00fd \u00fastav AV \u010cR, v. v. i.<\/li>\n\n\n\n<li>\u00dastav fyzik\u00e1ln\u00ed chemie J. Heyrovsk\u00e9ho AV \u010cR, v. v. i.<\/li>\n\n\n\n<li>Vysok\u00e9 u\u010den\u00ed technick\u00e9 Brno<\/li>\n\n\n\n<li>UK Point Praha a r\u016fzn\u00e9 fakulty UK (FF, LF HK, P\u0159F, MFF, PedF)<\/li>\n<\/ul>\n","protected":false},"excerpt":{"rendered":"<p>Nab\u00eddka semin\u00e1\u0159\u016f Univerzit\u00e1m, v\u011bdeck\u00fdm institut\u016fm a jak\u00fdmkoli dal\u0161\u00edm z\u00e1jemc\u016fm nab\u00edz\u00edme semin\u00e1\u0159e na m\u00edru v d\u00e9lce 90-180 min. (p\u0159\u00edp. i del\u0161\u00ed) k n\u00e1sleduj\u00edc\u00edm t\u00e9mat\u016fm: Semin\u00e1\u0159e obsahuj\u00ed \u0159adu aktivit a autentick\u00fdch odborn\u00fdch text\u016f, na nich\u017e si \u00fa\u010dastn\u00edci procvi\u010d\u00ed prob\u00edran\u00e9 principy. D\u00e9lku i konkr\u00e9tn\u00ed n\u00e1pl\u0148 (zejm\u00e9na v\u00fdb\u011br text\u016f) p\u0159izp\u016fsobujeme va\u0161im konkr\u00e9tn\u00edm po\u017eadavk\u016fm. V p\u0159\u00edpad\u011b z\u00e1jmu n\u00e1s kontaktujte na [&hellip;]<\/p>\n","protected":false},"author":1,"featured_media":0,"parent":0,"menu_order":0,"comment_status":"closed","ping_status":"closed","template":"","meta":{"footnotes":""},"categories":[],"tags":[],"class_list":["post-856","page","type-page","status-publish","hentry"],"acf":[],"yoast_head":"<!-- This site is optimized with the Yoast SEO plugin v27.4 - https:\/\/yoast.com\/product\/yoast-seo-wordpress\/ -->\n<title>Semin\u00e1\u0159e - Kabinet studia jazyk\u016f<\/title>\n<meta name=\"robots\" content=\"noindex, follow, max-snippet:-1, max-image-preview:large, max-video-preview:-1\" \/>\n<meta property=\"og:locale\" content=\"en_US\" \/>\n<meta property=\"og:type\" content=\"article\" \/>\n<meta property=\"og:title\" content=\"Semin\u00e1\u0159e - Kabinet studia jazyk\u016f\" \/>\n<meta property=\"og:description\" content=\"Nab\u00eddka semin\u00e1\u0159\u016f Univerzit\u00e1m, v\u011bdeck\u00fdm institut\u016fm a jak\u00fdmkoli dal\u0161\u00edm z\u00e1jemc\u016fm nab\u00edz\u00edme semin\u00e1\u0159e na m\u00edru v d\u00e9lce 90-180 min. (p\u0159\u00edp. i del\u0161\u00ed) k n\u00e1sleduj\u00edc\u00edm t\u00e9mat\u016fm: Semin\u00e1\u0159e obsahuj\u00ed \u0159adu aktivit a autentick\u00fdch odborn\u00fdch text\u016f, na nich\u017e si \u00fa\u010dastn\u00edci procvi\u010d\u00ed prob\u00edran\u00e9 principy. D\u00e9lku i konkr\u00e9tn\u00ed n\u00e1pl\u0148 (zejm\u00e9na v\u00fdb\u011br text\u016f) p\u0159izp\u016fsobujeme va\u0161im konkr\u00e9tn\u00edm po\u017eadavk\u016fm. V p\u0159\u00edpad\u011b z\u00e1jmu n\u00e1s kontaktujte na [&hellip;]\" \/>\n<meta property=\"og:url\" content=\"https:\/\/ksj.microshop.cz\/seminare\/\" \/>\n<meta property=\"og:site_name\" content=\"Kabinet studia jazyk\u016f\" \/>\n<meta property=\"article:modified_time\" content=\"2024-05-10T10:57:37+00:00\" \/>\n<meta name=\"twitter:card\" content=\"summary_large_image\" \/>\n<meta name=\"twitter:label1\" content=\"Est. reading time\" \/>\n\t<meta name=\"twitter:data1\" content=\"1 minute\" \/>\n<script type=\"application\/ld+json\" class=\"yoast-schema-graph\">{\"@context\":\"https:\\\/\\\/schema.org\",\"@graph\":[{\"@type\":\"WebPage\",\"@id\":\"https:\\\/\\\/ksj.microshop.cz\\\/seminare\\\/\",\"url\":\"https:\\\/\\\/ksj.microshop.cz\\\/seminare\\\/\",\"name\":\"Semin\u00e1\u0159e - Kabinet studia jazyk\u016f\",\"isPartOf\":{\"@id\":\"https:\\\/\\\/ksj.microshop.cz\\\/#website\"},\"datePublished\":\"2023-07-10T16:43:12+00:00\",\"dateModified\":\"2024-05-10T10:57:37+00:00\",\"breadcrumb\":{\"@id\":\"https:\\\/\\\/ksj.microshop.cz\\\/seminare\\\/#breadcrumb\"},\"inLanguage\":\"en-US\",\"potentialAction\":[{\"@type\":\"ReadAction\",\"target\":[\"https:\\\/\\\/ksj.microshop.cz\\\/seminare\\\/\"]}]},{\"@type\":\"BreadcrumbList\",\"@id\":\"https:\\\/\\\/ksj.microshop.cz\\\/seminare\\\/#breadcrumb\",\"itemListElement\":[{\"@type\":\"ListItem\",\"position\":1,\"name\":\"Home\",\"item\":\"https:\\\/\\\/ksj.microshop.cz\\\/\"},{\"@type\":\"ListItem\",\"position\":2,\"name\":\"Semin\u00e1\u0159e\"}]},{\"@type\":\"WebSite\",\"@id\":\"https:\\\/\\\/ksj.microshop.cz\\\/#website\",\"url\":\"https:\\\/\\\/ksj.microshop.cz\\\/\",\"name\":\"Kabinet studia jazyk\u016f\",\"description\":\"\",\"publisher\":{\"@id\":\"https:\\\/\\\/ksj.microshop.cz\\\/#organization\"},\"potentialAction\":[{\"@type\":\"SearchAction\",\"target\":{\"@type\":\"EntryPoint\",\"urlTemplate\":\"https:\\\/\\\/ksj.microshop.cz\\\/?s={search_term_string}\"},\"query-input\":{\"@type\":\"PropertyValueSpecification\",\"valueRequired\":true,\"valueName\":\"search_term_string\"}}],\"inLanguage\":\"en-US\"},{\"@type\":\"Organization\",\"@id\":\"https:\\\/\\\/ksj.microshop.cz\\\/#organization\",\"name\":\"Kabinet studia jazyk\u016f\",\"url\":\"https:\\\/\\\/ksj.microshop.cz\\\/\",\"logo\":{\"@type\":\"ImageObject\",\"inLanguage\":\"en-US\",\"@id\":\"https:\\\/\\\/ksj.microshop.cz\\\/#\\\/schema\\\/logo\\\/image\\\/\",\"url\":\"https:\\\/\\\/ksj.microshop.cz\\\/wp-content\\\/uploads\\\/2023\\\/04\\\/ksj-logo.svg\",\"contentUrl\":\"https:\\\/\\\/ksj.microshop.cz\\\/wp-content\\\/uploads\\\/2023\\\/04\\\/ksj-logo.svg\",\"width\":55,\"height\":63,\"caption\":\"Kabinet studia jazyk\u016f\"},\"image\":{\"@id\":\"https:\\\/\\\/ksj.microshop.cz\\\/#\\\/schema\\\/logo\\\/image\\\/\"}}]}<\/script>\n<!-- \/ Yoast SEO plugin. -->","yoast_head_json":{"title":"Semin\u00e1\u0159e - Kabinet studia jazyk\u016f","robots":{"index":"noindex","follow":"follow","max-snippet":"max-snippet:-1","max-image-preview":"max-image-preview:large","max-video-preview":"max-video-preview:-1"},"og_locale":"en_US","og_type":"article","og_title":"Semin\u00e1\u0159e - Kabinet studia jazyk\u016f","og_description":"Nab\u00eddka semin\u00e1\u0159\u016f Univerzit\u00e1m, v\u011bdeck\u00fdm institut\u016fm a jak\u00fdmkoli dal\u0161\u00edm z\u00e1jemc\u016fm nab\u00edz\u00edme semin\u00e1\u0159e na m\u00edru v d\u00e9lce 90-180 min. (p\u0159\u00edp. i del\u0161\u00ed) k n\u00e1sleduj\u00edc\u00edm t\u00e9mat\u016fm: Semin\u00e1\u0159e obsahuj\u00ed \u0159adu aktivit a autentick\u00fdch odborn\u00fdch text\u016f, na nich\u017e si \u00fa\u010dastn\u00edci procvi\u010d\u00ed prob\u00edran\u00e9 principy. D\u00e9lku i konkr\u00e9tn\u00ed n\u00e1pl\u0148 (zejm\u00e9na v\u00fdb\u011br text\u016f) p\u0159izp\u016fsobujeme va\u0161im konkr\u00e9tn\u00edm po\u017eadavk\u016fm. V p\u0159\u00edpad\u011b z\u00e1jmu n\u00e1s kontaktujte na [&hellip;]","og_url":"https:\/\/ksj.microshop.cz\/seminare\/","og_site_name":"Kabinet studia jazyk\u016f","article_modified_time":"2024-05-10T10:57:37+00:00","twitter_card":"summary_large_image","twitter_misc":{"Est. reading time":"1 minute"},"schema":{"@context":"https:\/\/schema.org","@graph":[{"@type":"WebPage","@id":"https:\/\/ksj.microshop.cz\/seminare\/","url":"https:\/\/ksj.microshop.cz\/seminare\/","name":"Semin\u00e1\u0159e - Kabinet studia jazyk\u016f","isPartOf":{"@id":"https:\/\/ksj.microshop.cz\/#website"},"datePublished":"2023-07-10T16:43:12+00:00","dateModified":"2024-05-10T10:57:37+00:00","breadcrumb":{"@id":"https:\/\/ksj.microshop.cz\/seminare\/#breadcrumb"},"inLanguage":"en-US","potentialAction":[{"@type":"ReadAction","target":["https:\/\/ksj.microshop.cz\/seminare\/"]}]},{"@type":"BreadcrumbList","@id":"https:\/\/ksj.microshop.cz\/seminare\/#breadcrumb","itemListElement":[{"@type":"ListItem","position":1,"name":"Home","item":"https:\/\/ksj.microshop.cz\/"},{"@type":"ListItem","position":2,"name":"Semin\u00e1\u0159e"}]},{"@type":"WebSite","@id":"https:\/\/ksj.microshop.cz\/#website","url":"https:\/\/ksj.microshop.cz\/","name":"Kabinet studia jazyk\u016f","description":"","publisher":{"@id":"https:\/\/ksj.microshop.cz\/#organization"},"potentialAction":[{"@type":"SearchAction","target":{"@type":"EntryPoint","urlTemplate":"https:\/\/ksj.microshop.cz\/?s={search_term_string}"},"query-input":{"@type":"PropertyValueSpecification","valueRequired":true,"valueName":"search_term_string"}}],"inLanguage":"en-US"},{"@type":"Organization","@id":"https:\/\/ksj.microshop.cz\/#organization","name":"Kabinet studia jazyk\u016f","url":"https:\/\/ksj.microshop.cz\/","logo":{"@type":"ImageObject","inLanguage":"en-US","@id":"https:\/\/ksj.microshop.cz\/#\/schema\/logo\/image\/","url":"https:\/\/ksj.microshop.cz\/wp-content\/uploads\/2023\/04\/ksj-logo.svg","contentUrl":"https:\/\/ksj.microshop.cz\/wp-content\/uploads\/2023\/04\/ksj-logo.svg","width":55,"height":63,"caption":"Kabinet studia jazyk\u016f"},"image":{"@id":"https:\/\/ksj.microshop.cz\/#\/schema\/logo\/image\/"}}]}},"_links":{"self":[{"href":"https:\/\/ksj.microshop.cz\/en\/wp-json\/wp\/v2\/pages\/856","targetHints":{"allow":["GET"]}}],"collection":[{"href":"https:\/\/ksj.microshop.cz\/en\/wp-json\/wp\/v2\/pages"}],"about":[{"href":"https:\/\/ksj.microshop.cz\/en\/wp-json\/wp\/v2\/types\/page"}],"author":[{"embeddable":true,"href":"https:\/\/ksj.microshop.cz\/en\/wp-json\/wp\/v2\/users\/1"}],"replies":[{"embeddable":true,"href":"https:\/\/ksj.microshop.cz\/en\/wp-json\/wp\/v2\/comments?post=856"}],"version-history":[{"count":8,"href":"https:\/\/ksj.microshop.cz\/en\/wp-json\/wp\/v2\/pages\/856\/revisions"}],"predecessor-version":[{"id":3766,"href":"https:\/\/ksj.microshop.cz\/en\/wp-json\/wp\/v2\/pages\/856\/revisions\/3766"}],"wp:attachment":[{"href":"https:\/\/ksj.microshop.cz\/en\/wp-json\/wp\/v2\/media?parent=856"}],"wp:term":[{"taxonomy":"category","embeddable":true,"href":"https:\/\/ksj.microshop.cz\/en\/wp-json\/wp\/v2\/categories?post=856"},{"taxonomy":"post_tag","embeddable":true,"href":"https:\/\/ksj.microshop.cz\/en\/wp-json\/wp\/v2\/tags?post=856"}],"curies":[{"name":"wp","href":"https:\/\/api.w.org\/{rel}","templated":true}]}}