{"id":851,"date":"2023-07-10T16:31:36","date_gmt":"2023-07-10T16:31:36","guid":{"rendered":"https:\/\/ksj.microshop.cz\/?page_id=851"},"modified":"2024-05-10T11:09:19","modified_gmt":"2024-05-10T11:09:19","slug":"reference","status":"publish","type":"page","link":"https:\/\/ksj.microshop.cz\/en\/reference\/","title":{"rendered":"Reference"},"content":{"rendered":"\n<h2 class=\"wp-block-heading has-dark-blue-color has-text-color has-link-color wp-elements-8234a907d6e96e370455b568e43adc51\">Napsali o n\u00e1s<\/h2>\n\n\n\n<blockquote class=\"wp-block-quote is-layout-flow wp-block-quote-is-layout-flow\">\n<p class=\"has-dark-blue-color has-text-color has-link-color wp-elements-760bded61fec3903728b62e188114221\">\u201cKurz Academic Writing byl nejlep\u0161\u00ed, jak\u00fd jsem kdy m\u011bl (a mus\u00edm \u0159\u00edct, \u017ee jsem hodn\u011b kritick\u00fd). Velmi oce\u0148uji, \u017ee kurz byl online a pr\u00e1ci v kurzu jsem mohl p\u0159izp\u016fsobit sv\u00fdm pracovn\u00edm povinnostem. Dost\u00e1val jsem zp\u011btnou vazbu a mohl si pr\u016fb\u011b\u017en\u011b zlep\u0161ovat sv\u00e9 dovednosti v psan\u00ed, ani\u017e bych se stresoval. L\u00edbila se mi forma v\u00fduky, kter\u00e1 je b\u011b\u017en\u00e1 v zahrani\u010d\u00ed, ale u n\u00e1s se moc nepou\u017e\u00edv\u00e1.\u201d<\/p>\n<cite>&#8211; v\u00fdzkumn\u00edk, historie<\/cite><\/blockquote>\n\n\n\n<blockquote class=\"wp-block-quote is-layout-flow wp-block-quote-is-layout-flow\">\n<p class=\"has-dark-color has-text-color has-link-color wp-elements-927f1d841170e5f50d786d823dedf09b\">\u201eKonzultace jsem vyu\u017eil p\u0159i p\u0159\u00edprav\u011b podklad\u016f k p\u0159ihl\u00e1\u0161ce na zahrani\u010dn\u00ed \u0161kolu a bohat\u011b se mi vyplatily. Flexibiln\u00ed, ochotn\u00fd a modern\u00ed p\u0159\u00edstup lektorky zcela odpov\u00eddal tomu, jak by to b\u011b\u017en\u011b m\u011blo vypadat. Vedle skv\u011ble p\u0159ipraven\u00fdch podklad\u016f jsem si odnesl i v\u011bdomosti a roz\u0161\u00ed\u0159il anglicko-jazy\u010dn\u00e9 obzory. Doslova jsem se nau\u010dil l\u00edp ps\u00e1t a d\u00e1t textu strukturu. Anglick\u00e1 stylistika mi jako \u010cechovi za\u010dala d\u00e1vat smysl, gramatika se \u0159e\u0161\u00ed jen kdy\u017e je to nutn\u00e9. Cena je bezkonkuren\u010dn\u00ed. Ke studiu v zahrani\u010d\u00ed m\u011b p\u0159ijali. Kudy chod\u00edm, tam doporu\u010duju.\u201c<\/p>\n<cite>&#8211; pr\u00e1vn\u00edk, budouc\u00ed student magistersk\u00e9ho studijn\u00edho program pr\u00e1v na univerzit\u011b v Amsterdamu<\/cite><\/blockquote>\n\n\n\n<blockquote class=\"wp-block-quote is-layout-flow wp-block-quote-is-layout-flow\">\n<p class=\"has-dark-blue-color has-text-color has-link-color wp-elements-c4e7ed1a377b54df04163a1c17a5fa41\">\u201cAbsolvoval jsem n\u011bkolik e-learningov\u00fdch kurz\u016f, ale v kurzu Academic Writing jsem vid\u011bl, jak se d\u00e1 e-learning d\u011blat efektivn\u011b.\u201d<\/p>\n<cite>&#8211; reakce z anonymn\u00edho dotazn\u00edku v z\u00e1v\u011bru kurzu Academic Writing: Session 1<\/cite><\/blockquote>\n\n\n\n<blockquote class=\"wp-block-quote is-layout-flow wp-block-quote-is-layout-flow\">\n<p class=\"has-dark-color has-text-color has-link-color wp-elements-58eaf2dd0990f1d412b6c4df37d89280\">\u201cTento kurz pat\u0159\u00ed mezi to nejlep\u0161\u00ed, s \u010d\u00edm jsem se dosud setkala ve sv\u00e9m doktorsk\u00e9m studiu. Je to kurz, kter\u00fd se m\u00e1lokdy vid\u00ed a kter\u00fd skute\u010dn\u011b pom\u00e1h\u00e1 mlad\u00fdm v\u011bdc\u016fm.\u201d<\/p>\n<cite>&#8211; Barbora, doktorsk\u00e9 stadium v oboru neurologie<\/cite><\/blockquote>\n\n\n\n<p><a href=\"http:\/\/cap.avcr.cz\/reference\/#top\"><\/a><\/p>\n","protected":false},"excerpt":{"rendered":"<p>Napsali o n\u00e1s \u201cKurz Academic Writing byl nejlep\u0161\u00ed, jak\u00fd jsem kdy m\u011bl (a mus\u00edm \u0159\u00edct, \u017ee jsem hodn\u011b kritick\u00fd). Velmi oce\u0148uji, \u017ee kurz byl online a pr\u00e1ci v kurzu jsem mohl p\u0159izp\u016fsobit sv\u00fdm pracovn\u00edm povinnostem. Dost\u00e1val jsem zp\u011btnou vazbu a mohl si pr\u016fb\u011b\u017en\u011b zlep\u0161ovat sv\u00e9 dovednosti v psan\u00ed, ani\u017e bych se stresoval. L\u00edbila se mi [&hellip;]<\/p>\n","protected":false},"author":1,"featured_media":0,"parent":0,"menu_order":0,"comment_status":"closed","ping_status":"closed","template":"","meta":{"footnotes":""},"categories":[],"tags":[],"class_list":["post-851","page","type-page","status-publish","hentry"],"acf":[],"yoast_head":"<!-- This site is optimized with the Yoast SEO plugin v27.4 - https:\/\/yoast.com\/product\/yoast-seo-wordpress\/ -->\n<title>Reference - Kabinet studia jazyk\u016f<\/title>\n<meta name=\"robots\" content=\"noindex, follow, max-snippet:-1, max-image-preview:large, max-video-preview:-1\" \/>\n<meta property=\"og:locale\" content=\"en_US\" \/>\n<meta property=\"og:type\" content=\"article\" \/>\n<meta property=\"og:title\" content=\"Reference - Kabinet studia jazyk\u016f\" \/>\n<meta property=\"og:description\" content=\"Napsali o n\u00e1s \u201cKurz Academic Writing byl nejlep\u0161\u00ed, jak\u00fd jsem kdy m\u011bl (a mus\u00edm \u0159\u00edct, \u017ee jsem hodn\u011b kritick\u00fd). Velmi oce\u0148uji, \u017ee kurz byl online a pr\u00e1ci v kurzu jsem mohl p\u0159izp\u016fsobit sv\u00fdm pracovn\u00edm povinnostem. Dost\u00e1val jsem zp\u011btnou vazbu a mohl si pr\u016fb\u011b\u017en\u011b zlep\u0161ovat sv\u00e9 dovednosti v psan\u00ed, ani\u017e bych se stresoval. L\u00edbila se mi [&hellip;]\" \/>\n<meta property=\"og:url\" content=\"https:\/\/ksj.microshop.cz\/reference\/\" \/>\n<meta property=\"og:site_name\" content=\"Kabinet studia jazyk\u016f\" \/>\n<meta property=\"article:modified_time\" content=\"2024-05-10T11:09:19+00:00\" \/>\n<meta name=\"twitter:card\" content=\"summary_large_image\" \/>\n<meta name=\"twitter:label1\" content=\"Est. reading time\" \/>\n\t<meta name=\"twitter:data1\" content=\"1 minute\" \/>\n<script type=\"application\/ld+json\" class=\"yoast-schema-graph\">{\"@context\":\"https:\\\/\\\/schema.org\",\"@graph\":[{\"@type\":\"WebPage\",\"@id\":\"https:\\\/\\\/ksj.microshop.cz\\\/reference\\\/\",\"url\":\"https:\\\/\\\/ksj.microshop.cz\\\/reference\\\/\",\"name\":\"Reference - Kabinet studia jazyk\u016f\",\"isPartOf\":{\"@id\":\"https:\\\/\\\/ksj.microshop.cz\\\/#website\"},\"datePublished\":\"2023-07-10T16:31:36+00:00\",\"dateModified\":\"2024-05-10T11:09:19+00:00\",\"breadcrumb\":{\"@id\":\"https:\\\/\\\/ksj.microshop.cz\\\/reference\\\/#breadcrumb\"},\"inLanguage\":\"en-US\",\"potentialAction\":[{\"@type\":\"ReadAction\",\"target\":[\"https:\\\/\\\/ksj.microshop.cz\\\/reference\\\/\"]}]},{\"@type\":\"BreadcrumbList\",\"@id\":\"https:\\\/\\\/ksj.microshop.cz\\\/reference\\\/#breadcrumb\",\"itemListElement\":[{\"@type\":\"ListItem\",\"position\":1,\"name\":\"Home\",\"item\":\"https:\\\/\\\/ksj.microshop.cz\\\/\"},{\"@type\":\"ListItem\",\"position\":2,\"name\":\"Reference\"}]},{\"@type\":\"WebSite\",\"@id\":\"https:\\\/\\\/ksj.microshop.cz\\\/#website\",\"url\":\"https:\\\/\\\/ksj.microshop.cz\\\/\",\"name\":\"Kabinet studia jazyk\u016f\",\"description\":\"\",\"publisher\":{\"@id\":\"https:\\\/\\\/ksj.microshop.cz\\\/#organization\"},\"potentialAction\":[{\"@type\":\"SearchAction\",\"target\":{\"@type\":\"EntryPoint\",\"urlTemplate\":\"https:\\\/\\\/ksj.microshop.cz\\\/?s={search_term_string}\"},\"query-input\":{\"@type\":\"PropertyValueSpecification\",\"valueRequired\":true,\"valueName\":\"search_term_string\"}}],\"inLanguage\":\"en-US\"},{\"@type\":\"Organization\",\"@id\":\"https:\\\/\\\/ksj.microshop.cz\\\/#organization\",\"name\":\"Kabinet studia jazyk\u016f\",\"url\":\"https:\\\/\\\/ksj.microshop.cz\\\/\",\"logo\":{\"@type\":\"ImageObject\",\"inLanguage\":\"en-US\",\"@id\":\"https:\\\/\\\/ksj.microshop.cz\\\/#\\\/schema\\\/logo\\\/image\\\/\",\"url\":\"https:\\\/\\\/ksj.microshop.cz\\\/wp-content\\\/uploads\\\/2023\\\/04\\\/ksj-logo.svg\",\"contentUrl\":\"https:\\\/\\\/ksj.microshop.cz\\\/wp-content\\\/uploads\\\/2023\\\/04\\\/ksj-logo.svg\",\"width\":55,\"height\":63,\"caption\":\"Kabinet studia jazyk\u016f\"},\"image\":{\"@id\":\"https:\\\/\\\/ksj.microshop.cz\\\/#\\\/schema\\\/logo\\\/image\\\/\"}}]}<\/script>\n<!-- \/ Yoast SEO plugin. -->","yoast_head_json":{"title":"Reference - Kabinet studia jazyk\u016f","robots":{"index":"noindex","follow":"follow","max-snippet":"max-snippet:-1","max-image-preview":"max-image-preview:large","max-video-preview":"max-video-preview:-1"},"og_locale":"en_US","og_type":"article","og_title":"Reference - Kabinet studia jazyk\u016f","og_description":"Napsali o n\u00e1s \u201cKurz Academic Writing byl nejlep\u0161\u00ed, jak\u00fd jsem kdy m\u011bl (a mus\u00edm \u0159\u00edct, \u017ee jsem hodn\u011b kritick\u00fd). Velmi oce\u0148uji, \u017ee kurz byl online a pr\u00e1ci v kurzu jsem mohl p\u0159izp\u016fsobit sv\u00fdm pracovn\u00edm povinnostem. Dost\u00e1val jsem zp\u011btnou vazbu a mohl si pr\u016fb\u011b\u017en\u011b zlep\u0161ovat sv\u00e9 dovednosti v psan\u00ed, ani\u017e bych se stresoval. L\u00edbila se mi [&hellip;]","og_url":"https:\/\/ksj.microshop.cz\/reference\/","og_site_name":"Kabinet studia jazyk\u016f","article_modified_time":"2024-05-10T11:09:19+00:00","twitter_card":"summary_large_image","twitter_misc":{"Est. reading time":"1 minute"},"schema":{"@context":"https:\/\/schema.org","@graph":[{"@type":"WebPage","@id":"https:\/\/ksj.microshop.cz\/reference\/","url":"https:\/\/ksj.microshop.cz\/reference\/","name":"Reference - Kabinet studia jazyk\u016f","isPartOf":{"@id":"https:\/\/ksj.microshop.cz\/#website"},"datePublished":"2023-07-10T16:31:36+00:00","dateModified":"2024-05-10T11:09:19+00:00","breadcrumb":{"@id":"https:\/\/ksj.microshop.cz\/reference\/#breadcrumb"},"inLanguage":"en-US","potentialAction":[{"@type":"ReadAction","target":["https:\/\/ksj.microshop.cz\/reference\/"]}]},{"@type":"BreadcrumbList","@id":"https:\/\/ksj.microshop.cz\/reference\/#breadcrumb","itemListElement":[{"@type":"ListItem","position":1,"name":"Home","item":"https:\/\/ksj.microshop.cz\/"},{"@type":"ListItem","position":2,"name":"Reference"}]},{"@type":"WebSite","@id":"https:\/\/ksj.microshop.cz\/#website","url":"https:\/\/ksj.microshop.cz\/","name":"Kabinet studia jazyk\u016f","description":"","publisher":{"@id":"https:\/\/ksj.microshop.cz\/#organization"},"potentialAction":[{"@type":"SearchAction","target":{"@type":"EntryPoint","urlTemplate":"https:\/\/ksj.microshop.cz\/?s={search_term_string}"},"query-input":{"@type":"PropertyValueSpecification","valueRequired":true,"valueName":"search_term_string"}}],"inLanguage":"en-US"},{"@type":"Organization","@id":"https:\/\/ksj.microshop.cz\/#organization","name":"Kabinet studia jazyk\u016f","url":"https:\/\/ksj.microshop.cz\/","logo":{"@type":"ImageObject","inLanguage":"en-US","@id":"https:\/\/ksj.microshop.cz\/#\/schema\/logo\/image\/","url":"https:\/\/ksj.microshop.cz\/wp-content\/uploads\/2023\/04\/ksj-logo.svg","contentUrl":"https:\/\/ksj.microshop.cz\/wp-content\/uploads\/2023\/04\/ksj-logo.svg","width":55,"height":63,"caption":"Kabinet studia jazyk\u016f"},"image":{"@id":"https:\/\/ksj.microshop.cz\/#\/schema\/logo\/image\/"}}]}},"_links":{"self":[{"href":"https:\/\/ksj.microshop.cz\/en\/wp-json\/wp\/v2\/pages\/851","targetHints":{"allow":["GET"]}}],"collection":[{"href":"https:\/\/ksj.microshop.cz\/en\/wp-json\/wp\/v2\/pages"}],"about":[{"href":"https:\/\/ksj.microshop.cz\/en\/wp-json\/wp\/v2\/types\/page"}],"author":[{"embeddable":true,"href":"https:\/\/ksj.microshop.cz\/en\/wp-json\/wp\/v2\/users\/1"}],"replies":[{"embeddable":true,"href":"https:\/\/ksj.microshop.cz\/en\/wp-json\/wp\/v2\/comments?post=851"}],"version-history":[{"count":6,"href":"https:\/\/ksj.microshop.cz\/en\/wp-json\/wp\/v2\/pages\/851\/revisions"}],"predecessor-version":[{"id":3777,"href":"https:\/\/ksj.microshop.cz\/en\/wp-json\/wp\/v2\/pages\/851\/revisions\/3777"}],"wp:attachment":[{"href":"https:\/\/ksj.microshop.cz\/en\/wp-json\/wp\/v2\/media?parent=851"}],"wp:term":[{"taxonomy":"category","embeddable":true,"href":"https:\/\/ksj.microshop.cz\/en\/wp-json\/wp\/v2\/categories?post=851"},{"taxonomy":"post_tag","embeddable":true,"href":"https:\/\/ksj.microshop.cz\/en\/wp-json\/wp\/v2\/tags?post=851"}],"curies":[{"name":"wp","href":"https:\/\/api.w.org\/{rel}","templated":true}]}}