{"id":793,"date":"2023-06-24T05:06:44","date_gmt":"2023-06-24T05:06:44","guid":{"rendered":"https:\/\/ksj.microshop.cz\/?page_id=793"},"modified":"2023-06-24T05:26:36","modified_gmt":"2023-06-24T05:26:36","slug":"zajimave-odkazy","status":"publish","type":"page","link":"https:\/\/ksj.microshop.cz\/en\/zajimave-odkazy\/","title":{"rendered":"Zaj\u00edmav\u00e9 odkazy"},"content":{"rendered":"\n<p><strong>Lingvistick\u00e1 sdru\u017een\u00ed:&nbsp;<\/strong><\/p>\n\n\n\n<p><a target=\"_blank\" href=\"http:\/\/ucjtk.ff.cuni.cz\/kpcj\" rel=\"noreferrer noopener\">Kruh p\u0159\u00e1tel \u010desk\u00e9ho jazyka<\/a><\/p>\n\n\n\n<p><a target=\"_blank\" href=\"http:\/\/cercledeprague.org\/\" rel=\"noreferrer noopener\">Pra\u017esk\u00fd lingvistick\u00fd krou\u017eek<\/a><\/p>\n\n\n\n<p><a target=\"_blank\" href=\"http:\/\/www.jazykovednesdruzeni.cz\/\" rel=\"noreferrer noopener\">Jazykov\u011bdn\u00e9 sdru\u017een\u00ed \u010cesk\u00e9 republiky<\/a><\/p>\n\n\n\n<p><a href=\"http:\/\/www.ascestinaru.cz\/\">Asociace \u010de\u0161tin\u00e1\u0159\u016f<\/a><\/p>\n\n\n\n<p><a target=\"_blank\" href=\"http:\/\/www.euralex.org\/\" rel=\"noreferrer noopener\">EURALEX &#8211; European Association for Lexicography<\/a><\/p>\n\n\n\n<p><a target=\"_blank\" href=\"http:\/\/www.uni-muenster.de\/Ling\/iada\/\" rel=\"noreferrer noopener\">International Association for Dialogue Analysis<\/a><br><a target=\"_blank\" href=\"http:\/\/czechlanguageassociation.tumblr.com\/\" rel=\"noreferrer noopener\">International Association of Teachers of Czech<\/a><br><a target=\"_blank\" href=\"http:\/\/www.icosweb.net\/\" rel=\"noreferrer noopener\">International Council of Onomastic Sciences<\/a><\/p>\n\n\n\n<p><strong>Dal\u0161\u00ed odkazy:<\/strong><\/p>\n\n\n\n<p><a target=\"_blank\" href=\"http:\/\/www.korpus.cz\/\" rel=\"noreferrer noopener\">\u010cesk\u00fd n\u00e1rodn\u00ed korpus<\/a><\/p>\n\n\n\n<p><a href=\"https:\/\/ufal.mff.cuni.cz\/pdt3.0\">Pra\u017esk\u00fd z\u00e1vislostn\u00ed korpus<\/a>&nbsp;a&nbsp;<a href=\"http:\/\/ufal.mff.cuni.cz\/data\">dal\u0161\u00ed zdroje<\/a>&nbsp;\u00daFAL MFF UK<\/p>\n\n\n\n<p><a href=\"http:\/\/corpus.upol.cz\/\">Corpus Linguistics<\/a>&nbsp;\u2013 korpusy a n\u00e1stroje katedry bohemistiky FF UP<\/p>\n\n\n\n<p><a href=\"http:\/\/www.phil.muni.cz\/linguistica\/art\/vecerka\/vec-medailonky2.pdf\">Biografickobibliografick\u00e9 medailonky \u010desk\u00fdch lingvist\u016f: bohemist\u016f a slavist\u016f<\/a><\/p>\n\n\n\n<p><a href=\"http:\/\/www.slaviste.cz\/\">Kdo je kdo v \u010desk\u00e9 slavistice<\/a><\/p>\n\n\n\n<p><a href=\"http:\/\/www.manuscriptorium.com\/\" target=\"_blank\" rel=\"noreferrer noopener\">Manuscriptorium<\/a>&nbsp;\u2013 digit\u00e1ln\u00ed knihovna historick\u00fdch dokument\u016f<\/p>\n\n\n\n<p><a href=\"http:\/\/www.knihopis.cz\/\" target=\"_blank\" rel=\"noreferrer noopener\">Knihopis<\/a>&nbsp;\u2013 \u010desk\u00e9 prvotisky a star\u00e9 tisky<\/p>\n\n\n\n<p><a href=\"https:\/\/oltk.upol.cz\/aktivity-katedry\/edice-qfwfq\/\" target=\"_blank\" rel=\"noreferrer noopener\">Edice Qfwfq<\/a>&nbsp;&#8211; voln\u011b p\u0159\u00edstupn\u00e9 publikace katedry obecn\u00e9 lingvistiky FF UP<\/p>\n\n\n\n<p><a href=\"https:\/\/sites.google.com\/site\/mluvnicecestiny\/publikacni-vystupy\">Studie k Modern\u00ed mluvnici \u010de\u0161tiny<\/a><\/p>\n\n\n\n<p><a href=\"http:\/\/languagemanagement.ff.cuni.cz\/\">Jazykov\u00fd management<\/a><\/p>\n","protected":false},"excerpt":{"rendered":"<p>Lingvistick\u00e1 sdru\u017een\u00ed:&nbsp; Kruh p\u0159\u00e1tel \u010desk\u00e9ho jazyka Pra\u017esk\u00fd lingvistick\u00fd krou\u017eek Jazykov\u011bdn\u00e9 sdru\u017een\u00ed \u010cesk\u00e9 republiky Asociace \u010de\u0161tin\u00e1\u0159\u016f EURALEX &#8211; European Association for Lexicography International Association for Dialogue AnalysisInternational Association of Teachers of CzechInternational Council of Onomastic Sciences Dal\u0161\u00ed odkazy: \u010cesk\u00fd n\u00e1rodn\u00ed korpus Pra\u017esk\u00fd z\u00e1vislostn\u00ed korpus&nbsp;a&nbsp;dal\u0161\u00ed zdroje&nbsp;\u00daFAL MFF UK Corpus Linguistics&nbsp;\u2013 korpusy a n\u00e1stroje katedry bohemistiky FF UP [&hellip;]<\/p>\n","protected":false},"author":1,"featured_media":0,"parent":0,"menu_order":0,"comment_status":"closed","ping_status":"closed","template":"","meta":{"footnotes":""},"categories":[29],"tags":[],"class_list":["post-793","page","type-page","status-publish","hentry","category-o-ustavu"],"acf":[],"yoast_head":"<!-- This site is optimized with the Yoast SEO plugin v27.4 - https:\/\/yoast.com\/product\/yoast-seo-wordpress\/ -->\n<title>Zaj\u00edmav\u00e9 odkazy - Kabinet studia jazyk\u016f<\/title>\n<meta name=\"robots\" content=\"noindex, follow, max-snippet:-1, max-image-preview:large, max-video-preview:-1\" \/>\n<meta property=\"og:locale\" content=\"en_US\" \/>\n<meta property=\"og:type\" content=\"article\" \/>\n<meta property=\"og:title\" content=\"Zaj\u00edmav\u00e9 odkazy - Kabinet studia jazyk\u016f\" \/>\n<meta property=\"og:description\" content=\"Lingvistick\u00e1 sdru\u017een\u00ed:&nbsp; Kruh p\u0159\u00e1tel \u010desk\u00e9ho jazyka Pra\u017esk\u00fd lingvistick\u00fd krou\u017eek Jazykov\u011bdn\u00e9 sdru\u017een\u00ed \u010cesk\u00e9 republiky Asociace \u010de\u0161tin\u00e1\u0159\u016f EURALEX &#8211; European Association for Lexicography International Association for Dialogue AnalysisInternational Association of Teachers of CzechInternational Council of Onomastic Sciences Dal\u0161\u00ed odkazy: \u010cesk\u00fd n\u00e1rodn\u00ed korpus Pra\u017esk\u00fd z\u00e1vislostn\u00ed korpus&nbsp;a&nbsp;dal\u0161\u00ed zdroje&nbsp;\u00daFAL MFF UK Corpus Linguistics&nbsp;\u2013 korpusy a n\u00e1stroje katedry bohemistiky FF UP [&hellip;]\" \/>\n<meta property=\"og:url\" content=\"https:\/\/ksj.microshop.cz\/zajimave-odkazy\/\" \/>\n<meta property=\"og:site_name\" content=\"Kabinet studia jazyk\u016f\" \/>\n<meta property=\"article:modified_time\" content=\"2023-06-24T05:26:36+00:00\" \/>\n<meta name=\"twitter:card\" content=\"summary_large_image\" \/>\n<meta name=\"twitter:label1\" content=\"Est. reading time\" \/>\n\t<meta name=\"twitter:data1\" content=\"1 minute\" \/>\n<script type=\"application\/ld+json\" class=\"yoast-schema-graph\">{\"@context\":\"https:\\\/\\\/schema.org\",\"@graph\":[{\"@type\":\"WebPage\",\"@id\":\"https:\\\/\\\/ksj.microshop.cz\\\/zajimave-odkazy\\\/\",\"url\":\"https:\\\/\\\/ksj.microshop.cz\\\/zajimave-odkazy\\\/\",\"name\":\"Zaj\u00edmav\u00e9 odkazy - Kabinet studia jazyk\u016f\",\"isPartOf\":{\"@id\":\"https:\\\/\\\/ksj.microshop.cz\\\/#website\"},\"datePublished\":\"2023-06-24T05:06:44+00:00\",\"dateModified\":\"2023-06-24T05:26:36+00:00\",\"breadcrumb\":{\"@id\":\"https:\\\/\\\/ksj.microshop.cz\\\/zajimave-odkazy\\\/#breadcrumb\"},\"inLanguage\":\"en-US\",\"potentialAction\":[{\"@type\":\"ReadAction\",\"target\":[\"https:\\\/\\\/ksj.microshop.cz\\\/zajimave-odkazy\\\/\"]}]},{\"@type\":\"BreadcrumbList\",\"@id\":\"https:\\\/\\\/ksj.microshop.cz\\\/zajimave-odkazy\\\/#breadcrumb\",\"itemListElement\":[{\"@type\":\"ListItem\",\"position\":1,\"name\":\"Home\",\"item\":\"https:\\\/\\\/ksj.microshop.cz\\\/\"},{\"@type\":\"ListItem\",\"position\":2,\"name\":\"Zaj\u00edmav\u00e9 odkazy\"}]},{\"@type\":\"WebSite\",\"@id\":\"https:\\\/\\\/ksj.microshop.cz\\\/#website\",\"url\":\"https:\\\/\\\/ksj.microshop.cz\\\/\",\"name\":\"Kabinet studia jazyk\u016f\",\"description\":\"\",\"publisher\":{\"@id\":\"https:\\\/\\\/ksj.microshop.cz\\\/#organization\"},\"potentialAction\":[{\"@type\":\"SearchAction\",\"target\":{\"@type\":\"EntryPoint\",\"urlTemplate\":\"https:\\\/\\\/ksj.microshop.cz\\\/?s={search_term_string}\"},\"query-input\":{\"@type\":\"PropertyValueSpecification\",\"valueRequired\":true,\"valueName\":\"search_term_string\"}}],\"inLanguage\":\"en-US\"},{\"@type\":\"Organization\",\"@id\":\"https:\\\/\\\/ksj.microshop.cz\\\/#organization\",\"name\":\"Kabinet studia jazyk\u016f\",\"url\":\"https:\\\/\\\/ksj.microshop.cz\\\/\",\"logo\":{\"@type\":\"ImageObject\",\"inLanguage\":\"en-US\",\"@id\":\"https:\\\/\\\/ksj.microshop.cz\\\/#\\\/schema\\\/logo\\\/image\\\/\",\"url\":\"https:\\\/\\\/ksj.microshop.cz\\\/wp-content\\\/uploads\\\/2023\\\/04\\\/ksj-logo.svg\",\"contentUrl\":\"https:\\\/\\\/ksj.microshop.cz\\\/wp-content\\\/uploads\\\/2023\\\/04\\\/ksj-logo.svg\",\"width\":55,\"height\":63,\"caption\":\"Kabinet studia jazyk\u016f\"},\"image\":{\"@id\":\"https:\\\/\\\/ksj.microshop.cz\\\/#\\\/schema\\\/logo\\\/image\\\/\"}}]}<\/script>\n<!-- \/ Yoast SEO plugin. -->","yoast_head_json":{"title":"Zaj\u00edmav\u00e9 odkazy - Kabinet studia jazyk\u016f","robots":{"index":"noindex","follow":"follow","max-snippet":"max-snippet:-1","max-image-preview":"max-image-preview:large","max-video-preview":"max-video-preview:-1"},"og_locale":"en_US","og_type":"article","og_title":"Zaj\u00edmav\u00e9 odkazy - Kabinet studia jazyk\u016f","og_description":"Lingvistick\u00e1 sdru\u017een\u00ed:&nbsp; Kruh p\u0159\u00e1tel \u010desk\u00e9ho jazyka Pra\u017esk\u00fd lingvistick\u00fd krou\u017eek Jazykov\u011bdn\u00e9 sdru\u017een\u00ed \u010cesk\u00e9 republiky Asociace \u010de\u0161tin\u00e1\u0159\u016f EURALEX &#8211; European Association for Lexicography International Association for Dialogue AnalysisInternational Association of Teachers of CzechInternational Council of Onomastic Sciences Dal\u0161\u00ed odkazy: \u010cesk\u00fd n\u00e1rodn\u00ed korpus Pra\u017esk\u00fd z\u00e1vislostn\u00ed korpus&nbsp;a&nbsp;dal\u0161\u00ed zdroje&nbsp;\u00daFAL MFF UK Corpus Linguistics&nbsp;\u2013 korpusy a n\u00e1stroje katedry bohemistiky FF UP [&hellip;]","og_url":"https:\/\/ksj.microshop.cz\/zajimave-odkazy\/","og_site_name":"Kabinet studia jazyk\u016f","article_modified_time":"2023-06-24T05:26:36+00:00","twitter_card":"summary_large_image","twitter_misc":{"Est. reading time":"1 minute"},"schema":{"@context":"https:\/\/schema.org","@graph":[{"@type":"WebPage","@id":"https:\/\/ksj.microshop.cz\/zajimave-odkazy\/","url":"https:\/\/ksj.microshop.cz\/zajimave-odkazy\/","name":"Zaj\u00edmav\u00e9 odkazy - Kabinet studia jazyk\u016f","isPartOf":{"@id":"https:\/\/ksj.microshop.cz\/#website"},"datePublished":"2023-06-24T05:06:44+00:00","dateModified":"2023-06-24T05:26:36+00:00","breadcrumb":{"@id":"https:\/\/ksj.microshop.cz\/zajimave-odkazy\/#breadcrumb"},"inLanguage":"en-US","potentialAction":[{"@type":"ReadAction","target":["https:\/\/ksj.microshop.cz\/zajimave-odkazy\/"]}]},{"@type":"BreadcrumbList","@id":"https:\/\/ksj.microshop.cz\/zajimave-odkazy\/#breadcrumb","itemListElement":[{"@type":"ListItem","position":1,"name":"Home","item":"https:\/\/ksj.microshop.cz\/"},{"@type":"ListItem","position":2,"name":"Zaj\u00edmav\u00e9 odkazy"}]},{"@type":"WebSite","@id":"https:\/\/ksj.microshop.cz\/#website","url":"https:\/\/ksj.microshop.cz\/","name":"Kabinet studia jazyk\u016f","description":"","publisher":{"@id":"https:\/\/ksj.microshop.cz\/#organization"},"potentialAction":[{"@type":"SearchAction","target":{"@type":"EntryPoint","urlTemplate":"https:\/\/ksj.microshop.cz\/?s={search_term_string}"},"query-input":{"@type":"PropertyValueSpecification","valueRequired":true,"valueName":"search_term_string"}}],"inLanguage":"en-US"},{"@type":"Organization","@id":"https:\/\/ksj.microshop.cz\/#organization","name":"Kabinet studia jazyk\u016f","url":"https:\/\/ksj.microshop.cz\/","logo":{"@type":"ImageObject","inLanguage":"en-US","@id":"https:\/\/ksj.microshop.cz\/#\/schema\/logo\/image\/","url":"https:\/\/ksj.microshop.cz\/wp-content\/uploads\/2023\/04\/ksj-logo.svg","contentUrl":"https:\/\/ksj.microshop.cz\/wp-content\/uploads\/2023\/04\/ksj-logo.svg","width":55,"height":63,"caption":"Kabinet studia jazyk\u016f"},"image":{"@id":"https:\/\/ksj.microshop.cz\/#\/schema\/logo\/image\/"}}]}},"_links":{"self":[{"href":"https:\/\/ksj.microshop.cz\/en\/wp-json\/wp\/v2\/pages\/793","targetHints":{"allow":["GET"]}}],"collection":[{"href":"https:\/\/ksj.microshop.cz\/en\/wp-json\/wp\/v2\/pages"}],"about":[{"href":"https:\/\/ksj.microshop.cz\/en\/wp-json\/wp\/v2\/types\/page"}],"author":[{"embeddable":true,"href":"https:\/\/ksj.microshop.cz\/en\/wp-json\/wp\/v2\/users\/1"}],"replies":[{"embeddable":true,"href":"https:\/\/ksj.microshop.cz\/en\/wp-json\/wp\/v2\/comments?post=793"}],"version-history":[{"count":1,"href":"https:\/\/ksj.microshop.cz\/en\/wp-json\/wp\/v2\/pages\/793\/revisions"}],"predecessor-version":[{"id":794,"href":"https:\/\/ksj.microshop.cz\/en\/wp-json\/wp\/v2\/pages\/793\/revisions\/794"}],"wp:attachment":[{"href":"https:\/\/ksj.microshop.cz\/en\/wp-json\/wp\/v2\/media?parent=793"}],"wp:term":[{"taxonomy":"category","embeddable":true,"href":"https:\/\/ksj.microshop.cz\/en\/wp-json\/wp\/v2\/categories?post=793"},{"taxonomy":"post_tag","embeddable":true,"href":"https:\/\/ksj.microshop.cz\/en\/wp-json\/wp\/v2\/tags?post=793"}],"curies":[{"name":"wp","href":"https:\/\/api.w.org\/{rel}","templated":true}]}}