{"id":788,"date":"2023-06-24T05:06:18","date_gmt":"2023-06-24T05:06:18","guid":{"rendered":"https:\/\/ksj.microshop.cz\/?page_id=788"},"modified":"2023-06-24T05:26:37","modified_gmt":"2023-06-24T05:26:37","slug":"dokumenty","status":"publish","type":"page","link":"https:\/\/ksj.microshop.cz\/en\/dokumenty\/","title":{"rendered":"Dokumenty"},"content":{"rendered":"\n<h2 class=\"wp-block-heading\">Pl\u00e1n genderov\u00e9 rovnosti<\/h2>\n\n\n\n<p><a href=\"https:\/\/ujc.avcr.cz\/miranda2\/export\/sitesavcr\/ujc\/sys\/galerie-download\/GEP\/UJC_Plan_genderove_rovnosti_0329.pdf\">\u010cesk\u00e1 verze<\/a><\/p>\n\n\n\n<p><a href=\"https:\/\/ujc.avcr.cz\/miranda2\/export\/sitesavcr\/ujc\/sys\/galerie-download\/GEP\/UJC_Gender_equality_plan_0328.pdf\">Anglick\u00e1 verze<\/a><\/p>\n\n\n\n<ul class=\"wp-block-list\">\n<li><a href=\"https:\/\/ujc.avcr.cz\/o-ustavu\/dokumenty\/pracovni-skupina.html\">Pracovn\u00ed skupina pro genderovou problematiku<\/a><\/li>\n<\/ul>\n\n\n\n<h2 class=\"wp-block-heading\">V\u00fdro\u010dn\u00ed zpr\u00e1vy<\/h2>\n\n\n\n<p><a href=\"https:\/\/ujc.avcr.cz\/miranda2\/export\/sitesavcr\/ujc\/sys\/galerie-download\/VZ\/UJC-vyrocni-zprava-2021.pdf\" target=\"_blank\" rel=\"noreferrer noopener\">V\u00fdro\u010dn\u00ed zpr\u00e1va o \u010dinnosti a hospoda\u0159en\u00ed za rok 2021<\/a><\/p>\n\n\n\n<p><a href=\"https:\/\/ujc.avcr.cz\/miranda2\/export\/sitesavcr\/ujc\/sys\/galerie-download\/VZ\/UJC-vyrocni-zprava-2020.pdf\" target=\"_blank\" rel=\"noreferrer noopener\">V\u00fdro\u010dn\u00ed zpr\u00e1va o \u010dinnosti a hospoda\u0159en\u00ed za rok 2020<\/a><\/p>\n\n\n\n<p><a href=\"https:\/\/ujc.avcr.cz\/miranda2\/export\/sitesavcr\/ujc\/sys\/galerie-download\/VZ\/UJC-vyrocni-zprava-2019.pdf\" target=\"_blank\" rel=\"noreferrer noopener\">V\u00fdro\u010dn\u00ed zpr\u00e1va o \u010dinnosti a hospoda\u0159en\u00ed za rok 2019<\/a><\/p>\n\n\n\n<p><a href=\"https:\/\/ujc.avcr.cz\/miranda2\/export\/sitesavcr\/ujc\/sys\/galerie-download\/VZ\/UJC-vyrocni-zprava-2018.pdf\" target=\"_blank\" rel=\"noreferrer noopener\">V\u00fdro\u010dn\u00ed zpr\u00e1va o \u010dinnosti a hospoda\u0159en\u00ed za rok 2018<\/a><\/p>\n\n\n\n<p><a href=\"https:\/\/ujc.avcr.cz\/miranda2\/export\/sitesavcr\/ujc\/sys\/galerie-download\/VZ\/UJC-vyrocni-zprava-2017.pdf\" target=\"_blank\" rel=\"noreferrer noopener\">V\u00fdro\u010dn\u00ed zpr\u00e1va o \u010dinnosti a hospoda\u0159en\u00ed za rok 2017<\/a><\/p>\n\n\n\n<p><a href=\"https:\/\/ujc.avcr.cz\/miranda2\/export\/sitesavcr\/ujc\/sys\/galerie-download\/VZ\/UJC-vyrocni-zprava-2016.pdf\" target=\"_blank\" rel=\"noreferrer noopener\">V\u00fdro\u010dn\u00ed zpr\u00e1va o \u010dinnosti a hospoda\u0159en\u00ed za rok 2016<\/a><\/p>\n\n\n\n<p><a href=\"https:\/\/ujc.avcr.cz\/miranda2\/export\/sitesavcr\/ujc\/sys\/galerie-download\/VZ\/vyrocni_zprava_2015.pdf\">V\u00fdro\u010dn\u00ed zpr\u00e1va za rok 2015<\/a><\/p>\n\n\n\n<p><a href=\"https:\/\/ujc.avcr.cz\/miranda2\/export\/sitesavcr\/ujc\/sys\/galerie-download\/VZ\/zprava_auditora_2015.pdf\">Zpr\u00e1va auditora za rok 2015<\/a><\/p>\n\n\n\n<p><a href=\"https:\/\/ujc.avcr.cz\/miranda2\/export\/sitesavcr\/ujc\/sys\/galerie-download\/VZ\/vyrocni_zprava_2014.pdf\">V\u00fdro\u010dn\u00ed zpr\u00e1va za rok 2014<\/a><\/p>\n\n\n\n<p><a href=\"https:\/\/ujc.avcr.cz\/miranda2\/export\/sitesavcr\/ujc\/sys\/galerie-download\/VZ\/zprava_auditora_2014.pdf\">Zpr\u00e1va auditora za rok 2014<\/a><\/p>\n\n\n\n<p><a href=\"https:\/\/ujc.avcr.cz\/miranda2\/export\/sitesavcr\/ujc\/sys\/galerie-download\/VZ\/vyrocni_zprava_2013.pdf\">V\u00fdro\u010dn\u00ed zpr\u00e1va za rok 2013<\/a><br><a href=\"https:\/\/ujc.avcr.cz\/miranda2\/export\/sitesavcr\/ujc\/sys\/galerie-download\/VZ\/zprava_auditora_2013.pdf\">Zpr\u00e1va auditora za rok 2013<\/a><br><a href=\"https:\/\/ujc.avcr.cz\/miranda2\/export\/sitesavcr\/ujc\/sys\/galerie-download\/VZ\/vyrocni_zprava_2012.pdf\">V\u00fdro\u010dn\u00ed zpr\u00e1va za rok 2012<\/a><br><a href=\"https:\/\/ujc.avcr.cz\/miranda2\/export\/sitesavcr\/ujc\/sys\/galerie-download\/VZ\/zprava_auditora_2012.pdf\">Zpr\u00e1va auditora za rok 2012<\/a><br><a href=\"https:\/\/ujc.avcr.cz\/miranda2\/export\/sitesavcr\/ujc\/sys\/galerie-download\/VZ\/vyrocni_zprava_2011.pdf\">V\u00fdro\u010dn\u00ed zpr\u00e1va za rok 2011<\/a><br><a href=\"https:\/\/ujc.avcr.cz\/miranda2\/export\/sitesavcr\/ujc\/sys\/galerie-download\/VZ\/zprava_auditora_2011.pdf\">Zpr\u00e1va auditora za rok 2011<\/a><br><a href=\"https:\/\/ujc.avcr.cz\/miranda2\/export\/sitesavcr\/ujc\/sys\/galerie-download\/VZ\/vyrocni_zprava_2010.pdf\">V\u00fdro\u010dn\u00ed zpr\u00e1va za rok 2010<\/a><br><a href=\"https:\/\/ujc.avcr.cz\/miranda2\/export\/sitesavcr\/ujc\/sys\/galerie-download\/VZ\/zprava_auditora_2010.pdf\">Zpr\u00e1va auditora za rok 2010<\/a><br><a href=\"https:\/\/ujc.avcr.cz\/miranda2\/export\/sitesavcr\/ujc\/sys\/galerie-download\/VZ\/vyrocni_zprava_2009.pdf\">V\u00fdro\u010dn\u00ed zpr\u00e1va za rok 2009<\/a><br><a href=\"https:\/\/ujc.avcr.cz\/miranda2\/export\/sitesavcr\/ujc\/sys\/galerie-download\/VZ\/zprava_auditora_2009.pdf\">Zpr\u00e1va auditora za rok 2009<\/a><br><a href=\"https:\/\/ujc.avcr.cz\/miranda2\/export\/sitesavcr\/ujc\/sys\/galerie-download\/VZ\/vyrocni_zprava_2008.pdf\">V\u00fdro\u010dn\u00ed zpr\u00e1va za rok 2008<\/a><br><a href=\"https:\/\/ujc.avcr.cz\/miranda2\/export\/sitesavcr\/ujc\/sys\/galerie-download\/VZ\/zprava_auditora_2008.pdf\">Zpr\u00e1va auditora za rok 2008<\/a><br><a href=\"https:\/\/ujc.avcr.cz\/miranda2\/export\/sitesavcr\/ujc\/sys\/galerie-download\/VZ\/vyrocni_zprava_2007.pdf\">V\u00fdro\u010dn\u00ed zpr\u00e1va za rok 2007<\/a><br><a href=\"https:\/\/ujc.avcr.cz\/miranda2\/export\/sitesavcr\/ujc\/sys\/galerie-download\/VZ\/zprava_auditora_2007.pdf\">Zpr\u00e1va auditora za rok 2007<\/a><\/p>\n\n\n\n<h2 class=\"wp-block-heading\">Rozpo\u010det<\/h2>\n\n\n\n<p><a href=\"https:\/\/ujc.avcr.cz\/miranda2\/export\/sitesavcr\/ujc\/sys\/galerie-download\/VZ\/rozpocet-na-rok-2022.pdf\">Rozpo\u010det na rok 2022<\/a><\/p>\n\n\n\n<p><a href=\"https:\/\/ujc.avcr.cz\/miranda2\/export\/sitesavcr\/ujc\/sys\/galerie-download\/VZ\/strednedoby-vyhled-rozpoctu-2022.pdf\">St\u0159edn\u011bdob\u00fd v\u00fdhled rozpo\u010dtu<\/a><\/p>\n","protected":false},"excerpt":{"rendered":"<p>Pl\u00e1n genderov\u00e9 rovnosti \u010cesk\u00e1 verze Anglick\u00e1 verze V\u00fdro\u010dn\u00ed zpr\u00e1vy V\u00fdro\u010dn\u00ed zpr\u00e1va o \u010dinnosti a hospoda\u0159en\u00ed za rok 2021 V\u00fdro\u010dn\u00ed zpr\u00e1va o \u010dinnosti a hospoda\u0159en\u00ed za rok 2020 V\u00fdro\u010dn\u00ed zpr\u00e1va o \u010dinnosti a hospoda\u0159en\u00ed za rok 2019 V\u00fdro\u010dn\u00ed zpr\u00e1va o \u010dinnosti a hospoda\u0159en\u00ed za rok 2018 V\u00fdro\u010dn\u00ed zpr\u00e1va o \u010dinnosti a hospoda\u0159en\u00ed za rok 2017 V\u00fdro\u010dn\u00ed [&hellip;]<\/p>\n","protected":false},"author":1,"featured_media":0,"parent":0,"menu_order":0,"comment_status":"closed","ping_status":"closed","template":"","meta":{"footnotes":""},"categories":[29],"tags":[],"class_list":["post-788","page","type-page","status-publish","hentry","category-o-ustavu"],"acf":[],"yoast_head":"<!-- This site is optimized with the Yoast SEO plugin v27.4 - https:\/\/yoast.com\/product\/yoast-seo-wordpress\/ -->\n<title>Dokumenty - Kabinet studia jazyk\u016f<\/title>\n<meta name=\"robots\" content=\"noindex, follow, max-snippet:-1, max-image-preview:large, max-video-preview:-1\" \/>\n<meta property=\"og:locale\" content=\"en_US\" \/>\n<meta property=\"og:type\" content=\"article\" \/>\n<meta property=\"og:title\" content=\"Dokumenty - Kabinet studia jazyk\u016f\" \/>\n<meta property=\"og:description\" content=\"Pl\u00e1n genderov\u00e9 rovnosti \u010cesk\u00e1 verze Anglick\u00e1 verze V\u00fdro\u010dn\u00ed zpr\u00e1vy V\u00fdro\u010dn\u00ed zpr\u00e1va o \u010dinnosti a hospoda\u0159en\u00ed za rok 2021 V\u00fdro\u010dn\u00ed zpr\u00e1va o \u010dinnosti a hospoda\u0159en\u00ed za rok 2020 V\u00fdro\u010dn\u00ed zpr\u00e1va o \u010dinnosti a hospoda\u0159en\u00ed za rok 2019 V\u00fdro\u010dn\u00ed zpr\u00e1va o \u010dinnosti a hospoda\u0159en\u00ed za rok 2018 V\u00fdro\u010dn\u00ed zpr\u00e1va o \u010dinnosti a hospoda\u0159en\u00ed za rok 2017 V\u00fdro\u010dn\u00ed [&hellip;]\" \/>\n<meta property=\"og:url\" content=\"https:\/\/ksj.microshop.cz\/dokumenty\/\" \/>\n<meta property=\"og:site_name\" content=\"Kabinet studia jazyk\u016f\" \/>\n<meta property=\"article:modified_time\" content=\"2023-06-24T05:26:37+00:00\" \/>\n<meta name=\"twitter:card\" content=\"summary_large_image\" \/>\n<script type=\"application\/ld+json\" class=\"yoast-schema-graph\">{\"@context\":\"https:\\\/\\\/schema.org\",\"@graph\":[{\"@type\":\"WebPage\",\"@id\":\"https:\\\/\\\/ksj.microshop.cz\\\/dokumenty\\\/\",\"url\":\"https:\\\/\\\/ksj.microshop.cz\\\/dokumenty\\\/\",\"name\":\"Dokumenty - Kabinet studia jazyk\u016f\",\"isPartOf\":{\"@id\":\"https:\\\/\\\/ksj.microshop.cz\\\/#website\"},\"datePublished\":\"2023-06-24T05:06:18+00:00\",\"dateModified\":\"2023-06-24T05:26:37+00:00\",\"breadcrumb\":{\"@id\":\"https:\\\/\\\/ksj.microshop.cz\\\/dokumenty\\\/#breadcrumb\"},\"inLanguage\":\"en-US\",\"potentialAction\":[{\"@type\":\"ReadAction\",\"target\":[\"https:\\\/\\\/ksj.microshop.cz\\\/dokumenty\\\/\"]}]},{\"@type\":\"BreadcrumbList\",\"@id\":\"https:\\\/\\\/ksj.microshop.cz\\\/dokumenty\\\/#breadcrumb\",\"itemListElement\":[{\"@type\":\"ListItem\",\"position\":1,\"name\":\"Home\",\"item\":\"https:\\\/\\\/ksj.microshop.cz\\\/\"},{\"@type\":\"ListItem\",\"position\":2,\"name\":\"Dokumenty\"}]},{\"@type\":\"WebSite\",\"@id\":\"https:\\\/\\\/ksj.microshop.cz\\\/#website\",\"url\":\"https:\\\/\\\/ksj.microshop.cz\\\/\",\"name\":\"Kabinet studia jazyk\u016f\",\"description\":\"\",\"publisher\":{\"@id\":\"https:\\\/\\\/ksj.microshop.cz\\\/#organization\"},\"potentialAction\":[{\"@type\":\"SearchAction\",\"target\":{\"@type\":\"EntryPoint\",\"urlTemplate\":\"https:\\\/\\\/ksj.microshop.cz\\\/?s={search_term_string}\"},\"query-input\":{\"@type\":\"PropertyValueSpecification\",\"valueRequired\":true,\"valueName\":\"search_term_string\"}}],\"inLanguage\":\"en-US\"},{\"@type\":\"Organization\",\"@id\":\"https:\\\/\\\/ksj.microshop.cz\\\/#organization\",\"name\":\"Kabinet studia jazyk\u016f\",\"url\":\"https:\\\/\\\/ksj.microshop.cz\\\/\",\"logo\":{\"@type\":\"ImageObject\",\"inLanguage\":\"en-US\",\"@id\":\"https:\\\/\\\/ksj.microshop.cz\\\/#\\\/schema\\\/logo\\\/image\\\/\",\"url\":\"https:\\\/\\\/ksj.microshop.cz\\\/wp-content\\\/uploads\\\/2023\\\/04\\\/ksj-logo.svg\",\"contentUrl\":\"https:\\\/\\\/ksj.microshop.cz\\\/wp-content\\\/uploads\\\/2023\\\/04\\\/ksj-logo.svg\",\"width\":55,\"height\":63,\"caption\":\"Kabinet studia jazyk\u016f\"},\"image\":{\"@id\":\"https:\\\/\\\/ksj.microshop.cz\\\/#\\\/schema\\\/logo\\\/image\\\/\"}}]}<\/script>\n<!-- \/ Yoast SEO plugin. -->","yoast_head_json":{"title":"Dokumenty - Kabinet studia jazyk\u016f","robots":{"index":"noindex","follow":"follow","max-snippet":"max-snippet:-1","max-image-preview":"max-image-preview:large","max-video-preview":"max-video-preview:-1"},"og_locale":"en_US","og_type":"article","og_title":"Dokumenty - Kabinet studia jazyk\u016f","og_description":"Pl\u00e1n genderov\u00e9 rovnosti \u010cesk\u00e1 verze Anglick\u00e1 verze V\u00fdro\u010dn\u00ed zpr\u00e1vy V\u00fdro\u010dn\u00ed zpr\u00e1va o \u010dinnosti a hospoda\u0159en\u00ed za rok 2021 V\u00fdro\u010dn\u00ed zpr\u00e1va o \u010dinnosti a hospoda\u0159en\u00ed za rok 2020 V\u00fdro\u010dn\u00ed zpr\u00e1va o \u010dinnosti a hospoda\u0159en\u00ed za rok 2019 V\u00fdro\u010dn\u00ed zpr\u00e1va o \u010dinnosti a hospoda\u0159en\u00ed za rok 2018 V\u00fdro\u010dn\u00ed zpr\u00e1va o \u010dinnosti a hospoda\u0159en\u00ed za rok 2017 V\u00fdro\u010dn\u00ed [&hellip;]","og_url":"https:\/\/ksj.microshop.cz\/dokumenty\/","og_site_name":"Kabinet studia jazyk\u016f","article_modified_time":"2023-06-24T05:26:37+00:00","twitter_card":"summary_large_image","schema":{"@context":"https:\/\/schema.org","@graph":[{"@type":"WebPage","@id":"https:\/\/ksj.microshop.cz\/dokumenty\/","url":"https:\/\/ksj.microshop.cz\/dokumenty\/","name":"Dokumenty - Kabinet studia jazyk\u016f","isPartOf":{"@id":"https:\/\/ksj.microshop.cz\/#website"},"datePublished":"2023-06-24T05:06:18+00:00","dateModified":"2023-06-24T05:26:37+00:00","breadcrumb":{"@id":"https:\/\/ksj.microshop.cz\/dokumenty\/#breadcrumb"},"inLanguage":"en-US","potentialAction":[{"@type":"ReadAction","target":["https:\/\/ksj.microshop.cz\/dokumenty\/"]}]},{"@type":"BreadcrumbList","@id":"https:\/\/ksj.microshop.cz\/dokumenty\/#breadcrumb","itemListElement":[{"@type":"ListItem","position":1,"name":"Home","item":"https:\/\/ksj.microshop.cz\/"},{"@type":"ListItem","position":2,"name":"Dokumenty"}]},{"@type":"WebSite","@id":"https:\/\/ksj.microshop.cz\/#website","url":"https:\/\/ksj.microshop.cz\/","name":"Kabinet studia jazyk\u016f","description":"","publisher":{"@id":"https:\/\/ksj.microshop.cz\/#organization"},"potentialAction":[{"@type":"SearchAction","target":{"@type":"EntryPoint","urlTemplate":"https:\/\/ksj.microshop.cz\/?s={search_term_string}"},"query-input":{"@type":"PropertyValueSpecification","valueRequired":true,"valueName":"search_term_string"}}],"inLanguage":"en-US"},{"@type":"Organization","@id":"https:\/\/ksj.microshop.cz\/#organization","name":"Kabinet studia jazyk\u016f","url":"https:\/\/ksj.microshop.cz\/","logo":{"@type":"ImageObject","inLanguage":"en-US","@id":"https:\/\/ksj.microshop.cz\/#\/schema\/logo\/image\/","url":"https:\/\/ksj.microshop.cz\/wp-content\/uploads\/2023\/04\/ksj-logo.svg","contentUrl":"https:\/\/ksj.microshop.cz\/wp-content\/uploads\/2023\/04\/ksj-logo.svg","width":55,"height":63,"caption":"Kabinet studia jazyk\u016f"},"image":{"@id":"https:\/\/ksj.microshop.cz\/#\/schema\/logo\/image\/"}}]}},"_links":{"self":[{"href":"https:\/\/ksj.microshop.cz\/en\/wp-json\/wp\/v2\/pages\/788","targetHints":{"allow":["GET"]}}],"collection":[{"href":"https:\/\/ksj.microshop.cz\/en\/wp-json\/wp\/v2\/pages"}],"about":[{"href":"https:\/\/ksj.microshop.cz\/en\/wp-json\/wp\/v2\/types\/page"}],"author":[{"embeddable":true,"href":"https:\/\/ksj.microshop.cz\/en\/wp-json\/wp\/v2\/users\/1"}],"replies":[{"embeddable":true,"href":"https:\/\/ksj.microshop.cz\/en\/wp-json\/wp\/v2\/comments?post=788"}],"version-history":[{"count":1,"href":"https:\/\/ksj.microshop.cz\/en\/wp-json\/wp\/v2\/pages\/788\/revisions"}],"predecessor-version":[{"id":789,"href":"https:\/\/ksj.microshop.cz\/en\/wp-json\/wp\/v2\/pages\/788\/revisions\/789"}],"wp:attachment":[{"href":"https:\/\/ksj.microshop.cz\/en\/wp-json\/wp\/v2\/media?parent=788"}],"wp:term":[{"taxonomy":"category","embeddable":true,"href":"https:\/\/ksj.microshop.cz\/en\/wp-json\/wp\/v2\/categories?post=788"},{"taxonomy":"post_tag","embeddable":true,"href":"https:\/\/ksj.microshop.cz\/en\/wp-json\/wp\/v2\/tags?post=788"}],"curies":[{"name":"wp","href":"https:\/\/api.w.org\/{rel}","templated":true}]}}