{"id":784,"date":"2023-06-24T05:05:47","date_gmt":"2023-06-24T05:05:47","guid":{"rendered":"https:\/\/ksj.microshop.cz\/?page_id=784"},"modified":"2023-06-24T05:26:38","modified_gmt":"2023-06-24T05:26:38","slug":"oddeleni-vedeckych-informaci-knihovna","status":"publish","type":"page","link":"https:\/\/ksj.microshop.cz\/en\/oddeleni-vedeckych-informaci-knihovna\/","title":{"rendered":"Knihovna"},"content":{"rendered":"\n<p><strong>Adresa<\/strong>:<\/p>\n\n\n\n<p>Valentinsk\u00e1 1<\/p>\n\n\n\n<p>116 46&nbsp;Praha 1<\/p>\n\n\n\n<p>1. patro<\/p>\n\n\n\n<p>tel.: +420 225 391&nbsp;462, +420 225 391&nbsp;463<\/p>\n\n\n\n<p>e-mail: knihovna at ujc.cas.cz&nbsp;(v\u00fdp\u016fj\u010dky, rezervace, prodlou\u017een\u00ed v\u00fdp\u016fj\u010dek, MVS)<\/p>\n\n\n\n<p><strong>Otev\u00edrac\u00ed doba:<\/strong><\/p>\n\n\n\n<p>Pond\u011bl\u00ed: 9:00\u201315:30<br>\u00dater\u00fd: 9:00\u201315:30<br>St\u0159eda: zav\u0159eno<br>\u010ctvrtek: 9:00\u201315:30<br>P\u00e1tek: 9:00\u201314:00<\/p>\n\n\n\n<p>Knihovna odd\u011blen\u00ed v\u011bdeck\u00fdch informac\u00ed se specializuje na lingvistickou a&nbsp;bohemistickou literaturu, v\u00fdb\u011brov\u011b obsahuje tak\u00e9 publikace z&nbsp;p\u0159\u00edbuzn\u00fdch obor\u016f, nap\u0159. z&nbsp;liter\u00e1rn\u00ed v\u011bdy, historie apod., a&nbsp;je budov\u00e1na od 50.&nbsp;let 20.&nbsp;stolet\u00ed. Ve sv\u00e9m fondu m\u00e1 asi 55&nbsp;tis\u00edc svazk\u016f a&nbsp;140&nbsp;titul\u016f aktu\u00e1ln\u011b odeb\u00edran\u00fdch dom\u00e1c\u00edch i&nbsp;zahrani\u010dn\u00edch \u010dasopis\u016f; ro\u010dn\u00ed p\u0159\u00edr\u016fstek \u010din\u00ed zhruba 600&nbsp;titul\u016f. Katalog knih se od roku 1995 zpracov\u00e1v\u00e1 elektronicky (zpo\u010d\u00e1tku v&nbsp;programu ISIS, nyn\u00ed Aleph) a je sou\u010d\u00e1st\u00ed souborn\u00e9ho&nbsp;<a href=\"https:\/\/aleph23.lib.cas.cz\/F\/?func=file&amp;file_name=find-b&amp;local_base=UJCP\" target=\"_blank\" rel=\"noreferrer noopener\">katalogu knihoven \u00fastav\u016f Akademie v\u011bd<\/a>, katalog periodik je sou\u010d\u00e1st\u00ed datab\u00e1ze N\u00e1rodn\u00ed knihovny&nbsp;<a href=\"http:\/\/aleph.nkp.cz\/F\/XPHP2HSLUBSIKIQ5QM2CI86H5VJ13996XTXNHYTHE55NE98M8H-01978?func=file&amp;file_name=find-b&amp;local_base=SKCP\" target=\"_blank\" rel=\"noreferrer noopener\">SKCP<\/a>.<\/p>\n\n\n\n<p>Knihovn\u00ed fondy dialektologick\u00e9ho (cca 8500 svazk\u016f) a&nbsp;etymologick\u00e9ho (cca 11600 svazk\u016f) odd\u011blen\u00ed v&nbsp;Brn\u011b, organiza\u010dn\u011b spadaj\u00edc\u00ed pod knihovnu \u00dastavu pro jazyk \u010desk\u00fd, jsou zpracov\u00e1v\u00e1ny samostatn\u011b a&nbsp;jejich elektronick\u00e9 katalogy jsou rovn\u011b\u017e zp\u0159\u00edstupn\u011bny v&nbsp;<a href=\"http:\/\/aleph.lib.cas.cz\/F\/3TXST2DMMHK2ML5GGGNT7FN3I77D4QNJA9IP17D5E6D5C94GIL-21870?func=file&amp;file_name=find-b&amp;local_base=UJCS\">souborn\u00e9m katalogu<\/a>.<\/p>\n\n\n\n<p>Knihovna slou\u017e\u00ed nejen pracovn\u00edk\u016fm akademick\u00fdch \u00fastav\u016f a&nbsp;student\u016fm, ale i&nbsp;ve\u0159ejnosti.<\/p>\n\n\n\n<p><strong>Katalogy knihovny<\/strong><\/p>\n\n\n\n<p><a href=\"https:\/\/aleph23.lib.cas.cz\/F\/?func=file&amp;file_name=find-b&amp;local_base=UJCP\" target=\"_blank\" rel=\"noreferrer noopener\">knihy<\/a><a href=\"https:\/\/ujc.avcr.cz\/o-ustavu\/knihovna.html#_msocom_1\"><\/a><\/p>\n\n\n\n<p>Elektronick\u00fd katalog knihovny \u00dastavu pro jazyk \u010desk\u00fd AV&nbsp;\u010cR, v.&nbsp;v.&nbsp;i., poskytuje na sv\u00fdch webov\u00fdch str\u00e1nk\u00e1ch Knihovna Akademie v\u011bd&nbsp;\u010cR v&nbsp;r\u00e1mci souborn\u00e9ho katalogu knihoven \u00fastav\u016f.<\/p>\n\n\n\n<p>Po zobrazen\u00ed str\u00e1nky je t\u0159eba zav\u0159\u00edt modr\u00e9 vyskakovac\u00ed okno tla\u010d\u00edtkem Cancel.<\/p>\n\n\n\n<p><a href=\"http:\/\/aleph.nkp.cz\/F\/CG33QFLEIIYCAUA7PAIVAYF3C8TEED3GL6AUMUR4M7HS8RQLTA-59110?func=file&amp;file_name=find-b&amp;local_base=SKCP\" target=\"_blank\" rel=\"noreferrer noopener\">\u010dasopisy<\/a><\/p>\n\n\n\n<p>Katalog periodik je sou\u010d\u00e1st\u00ed datab\u00e1ze N\u00e1rodn\u00ed knihovny SKCP.<br>Po zobrazen\u00ed str\u00e1nky m\u016f\u017eete vyhled\u00e1vat podle n\u00e1zvu \u010dasopisu nebo podle sigly vlastn\u00edka dokumentu (ABB047).<\/p>\n\n\n\n<p><strong>Bibliografie<\/strong><\/p>\n\n\n\n<p>tel.: +420 224&nbsp;818&nbsp;182, +420 225&nbsp;391&nbsp;464<br>e-mail: bibliografie at ujc.cas.cz (re\u0161er\u0161e, ASEP)<\/p>\n\n\n\n<p><a href=\"http:\/\/bibliografie.ujc.cas.cz\/\" target=\"_blank\" rel=\"noreferrer noopener\">Bibliografick\u00e1 datab\u00e1ze<\/a>&nbsp;online<br><a href=\"https:\/\/ujc.avcr.cz\/sitesavcr\/data.avcr.cz\/humansci\/ujc\/publikace\/elektronicke-zdroje\/bibliografie-ceske-lingvistiky\/index.html\" target=\"_blank\" rel=\"noreferrer noopener\">Bibliografick\u00e1 datab\u00e1ze<\/a>&nbsp;pdf<\/p>\n\n\n\n<p>\u00dasek bibliografie analyticky zpracov\u00e1v\u00e1 \u010deskou lingvistickou a&nbsp;zahrani\u010dn\u00ed bohemistickou produkci (od roku 1992 elektronicky v&nbsp;datab\u00e1zi BCL). V\u0161echny z\u00e1znamy jsou opat\u0159ov\u00e1ny t\u0159\u00eddn\u00edky speci\u00e1ln\u00edho desetinn\u00e9ho t\u0159\u00edd\u011bn\u00ed a&nbsp;kl\u00ed\u010dov\u00fdmi slovy, v\u011bt\u0161ina z\u00e1znam\u016f obsahuje anotaci. V&nbsp;datab\u00e1zi lze snadno vyhled\u00e1vat podle r\u016fzn\u00fdch hledisek, na po\u017e\u00e1d\u00e1n\u00ed se z&nbsp;n\u00ed poskytuj\u00ed re\u0161er\u0161n\u00ed slu\u017eby.<\/p>\n\n\n\n<p>P\u0159\u00edstup do bibliografick\u00e9 datab\u00e1ze:&nbsp;<a href=\"https:\/\/ujc.avcr.cz\/sitesavcr\/data.avcr.cz\/humansci\/ujc\/sys\/galerie-linky\/bibliografie-ceske-lingvistiky\">Bibliografie \u010desk\u00e9 lingvistiky<\/a>&nbsp;(1991\u2013)&nbsp;<\/p>\n\n\n\n<p>V\u011bt\u0161ina vydan\u00fdch bibliografick\u00fdch ro\u010denek je zp\u0159\u00edstupn\u011bna ve form\u00e1tu pdf&nbsp;(1945\u20131963, 1973\u20131992, 1995\u20132001):&nbsp;<a href=\"https:\/\/ujc.avcr.cz\/elektronicke-slovniky-a-zdroje\/bibliografie-ceske-lingvistiky\/index.html\" target=\"_blank\" rel=\"noreferrer noopener\">Bibliografick\u00e9 ro\u010denky-pdf<\/a>&nbsp;(postupn\u011b dopl\u0148ov\u00e1no).<\/p>\n\n\n\n<p>Vnit\u0159n\u00edm pot\u0159eb\u00e1m \u00fastavu slou\u017e\u00ed datab\u00e1ze ASEP (automatizovan\u00fd syst\u00e9m evidence publikac\u00ed), kter\u00e1 se zpracov\u00e1v\u00e1 od roku 1993 a je p\u0159\u00edstupn\u00e1 na internetov\u00fdch str\u00e1nk\u00e1ch&nbsp;<a href=\"http:\/\/www.library.sk\/i2\/i2.entry.cls?ictx=cav&amp;logout=1&amp;language=2&amp;skin=1&amp;show_lim=1\" target=\"_blank\" rel=\"noreferrer noopener\">Knihovny Akademie v\u011bd \u010cR<\/a>.<\/p>\n\n\n\n<p>\u00dasek bibliografie vyd\u00e1v\u00e1 ro\u010denku&nbsp;Bibliografie \u010desk\u00e9 lingvistiky, ro\u010denku Bibliografie \u010desk\u00e9 onomastiky a&nbsp;p\u0159\u00edle\u017eitostn\u00e9 tematick\u00e9 nebo person\u00e1ln\u00ed bibliografie. P\u0159isp\u00edv\u00e1 tak\u00e9 do mezin\u00e1rodn\u00edch lingvistick\u00fdch bibliografi\u00ed Bibliographie linguistique \u2013 Linguistic bibliography, Brill, Leiden; Bibliografia J\u0119zykoznawstwa Slawistycznego, Polska Akademia Nauk, Instytut Slawistyki, Warszawa; The Year&#8217;s Work in Modern Language Studies, Modern Humanities Research Association, London; MLA International Bibliography, Modern Language Association of America, New York.<\/p>\n","protected":false},"excerpt":{"rendered":"<p>Adresa: Valentinsk\u00e1 1 116 46&nbsp;Praha 1 1. patro tel.: +420 225 391&nbsp;462, +420 225 391&nbsp;463 e-mail: knihovna at ujc.cas.cz&nbsp;(v\u00fdp\u016fj\u010dky, rezervace, prodlou\u017een\u00ed v\u00fdp\u016fj\u010dek, MVS) Otev\u00edrac\u00ed doba: Pond\u011bl\u00ed: 9:00\u201315:30\u00dater\u00fd: 9:00\u201315:30St\u0159eda: zav\u0159eno\u010ctvrtek: 9:00\u201315:30P\u00e1tek: 9:00\u201314:00 Knihovna odd\u011blen\u00ed v\u011bdeck\u00fdch informac\u00ed se specializuje na lingvistickou a&nbsp;bohemistickou literaturu, v\u00fdb\u011brov\u011b obsahuje tak\u00e9 publikace z&nbsp;p\u0159\u00edbuzn\u00fdch obor\u016f, nap\u0159. z&nbsp;liter\u00e1rn\u00ed v\u011bdy, historie apod., a&nbsp;je budov\u00e1na od [&hellip;]<\/p>\n","protected":false},"author":1,"featured_media":0,"parent":0,"menu_order":0,"comment_status":"closed","ping_status":"closed","template":"","meta":{"footnotes":""},"categories":[29],"tags":[],"class_list":["post-784","page","type-page","status-publish","hentry","category-o-ustavu"],"acf":[],"yoast_head":"<!-- This site is optimized with the Yoast SEO plugin v27.4 - https:\/\/yoast.com\/product\/yoast-seo-wordpress\/ -->\n<title>Knihovna - Kabinet studia jazyk\u016f<\/title>\n<meta name=\"robots\" content=\"noindex, follow, max-snippet:-1, max-image-preview:large, max-video-preview:-1\" \/>\n<meta property=\"og:locale\" content=\"en_US\" \/>\n<meta property=\"og:type\" content=\"article\" \/>\n<meta property=\"og:title\" content=\"Knihovna - Kabinet studia jazyk\u016f\" \/>\n<meta property=\"og:description\" content=\"Adresa: Valentinsk\u00e1 1 116 46&nbsp;Praha 1 1. patro tel.: +420 225 391&nbsp;462, +420 225 391&nbsp;463 e-mail: knihovna at ujc.cas.cz&nbsp;(v\u00fdp\u016fj\u010dky, rezervace, prodlou\u017een\u00ed v\u00fdp\u016fj\u010dek, MVS) Otev\u00edrac\u00ed doba: Pond\u011bl\u00ed: 9:00\u201315:30\u00dater\u00fd: 9:00\u201315:30St\u0159eda: zav\u0159eno\u010ctvrtek: 9:00\u201315:30P\u00e1tek: 9:00\u201314:00 Knihovna odd\u011blen\u00ed v\u011bdeck\u00fdch informac\u00ed se specializuje na lingvistickou a&nbsp;bohemistickou literaturu, v\u00fdb\u011brov\u011b obsahuje tak\u00e9 publikace z&nbsp;p\u0159\u00edbuzn\u00fdch obor\u016f, nap\u0159. z&nbsp;liter\u00e1rn\u00ed v\u011bdy, historie apod., a&nbsp;je budov\u00e1na od [&hellip;]\" \/>\n<meta property=\"og:url\" content=\"https:\/\/ksj.microshop.cz\/oddeleni-vedeckych-informaci-knihovna\/\" \/>\n<meta property=\"og:site_name\" content=\"Kabinet studia jazyk\u016f\" \/>\n<meta property=\"article:modified_time\" content=\"2023-06-24T05:26:38+00:00\" \/>\n<meta name=\"twitter:card\" content=\"summary_large_image\" \/>\n<meta name=\"twitter:label1\" content=\"Est. reading time\" \/>\n\t<meta name=\"twitter:data1\" content=\"3 minutes\" \/>\n<script type=\"application\/ld+json\" class=\"yoast-schema-graph\">{\"@context\":\"https:\\\/\\\/schema.org\",\"@graph\":[{\"@type\":\"WebPage\",\"@id\":\"https:\\\/\\\/ksj.microshop.cz\\\/oddeleni-vedeckych-informaci-knihovna\\\/\",\"url\":\"https:\\\/\\\/ksj.microshop.cz\\\/oddeleni-vedeckych-informaci-knihovna\\\/\",\"name\":\"Knihovna - Kabinet studia jazyk\u016f\",\"isPartOf\":{\"@id\":\"https:\\\/\\\/ksj.microshop.cz\\\/#website\"},\"datePublished\":\"2023-06-24T05:05:47+00:00\",\"dateModified\":\"2023-06-24T05:26:38+00:00\",\"breadcrumb\":{\"@id\":\"https:\\\/\\\/ksj.microshop.cz\\\/oddeleni-vedeckych-informaci-knihovna\\\/#breadcrumb\"},\"inLanguage\":\"en-US\",\"potentialAction\":[{\"@type\":\"ReadAction\",\"target\":[\"https:\\\/\\\/ksj.microshop.cz\\\/oddeleni-vedeckych-informaci-knihovna\\\/\"]}]},{\"@type\":\"BreadcrumbList\",\"@id\":\"https:\\\/\\\/ksj.microshop.cz\\\/oddeleni-vedeckych-informaci-knihovna\\\/#breadcrumb\",\"itemListElement\":[{\"@type\":\"ListItem\",\"position\":1,\"name\":\"Home\",\"item\":\"https:\\\/\\\/ksj.microshop.cz\\\/\"},{\"@type\":\"ListItem\",\"position\":2,\"name\":\"Knihovna\"}]},{\"@type\":\"WebSite\",\"@id\":\"https:\\\/\\\/ksj.microshop.cz\\\/#website\",\"url\":\"https:\\\/\\\/ksj.microshop.cz\\\/\",\"name\":\"Kabinet studia jazyk\u016f\",\"description\":\"\",\"publisher\":{\"@id\":\"https:\\\/\\\/ksj.microshop.cz\\\/#organization\"},\"potentialAction\":[{\"@type\":\"SearchAction\",\"target\":{\"@type\":\"EntryPoint\",\"urlTemplate\":\"https:\\\/\\\/ksj.microshop.cz\\\/?s={search_term_string}\"},\"query-input\":{\"@type\":\"PropertyValueSpecification\",\"valueRequired\":true,\"valueName\":\"search_term_string\"}}],\"inLanguage\":\"en-US\"},{\"@type\":\"Organization\",\"@id\":\"https:\\\/\\\/ksj.microshop.cz\\\/#organization\",\"name\":\"Kabinet studia jazyk\u016f\",\"url\":\"https:\\\/\\\/ksj.microshop.cz\\\/\",\"logo\":{\"@type\":\"ImageObject\",\"inLanguage\":\"en-US\",\"@id\":\"https:\\\/\\\/ksj.microshop.cz\\\/#\\\/schema\\\/logo\\\/image\\\/\",\"url\":\"https:\\\/\\\/ksj.microshop.cz\\\/wp-content\\\/uploads\\\/2023\\\/04\\\/ksj-logo.svg\",\"contentUrl\":\"https:\\\/\\\/ksj.microshop.cz\\\/wp-content\\\/uploads\\\/2023\\\/04\\\/ksj-logo.svg\",\"width\":55,\"height\":63,\"caption\":\"Kabinet studia jazyk\u016f\"},\"image\":{\"@id\":\"https:\\\/\\\/ksj.microshop.cz\\\/#\\\/schema\\\/logo\\\/image\\\/\"}}]}<\/script>\n<!-- \/ Yoast SEO plugin. -->","yoast_head_json":{"title":"Knihovna - Kabinet studia jazyk\u016f","robots":{"index":"noindex","follow":"follow","max-snippet":"max-snippet:-1","max-image-preview":"max-image-preview:large","max-video-preview":"max-video-preview:-1"},"og_locale":"en_US","og_type":"article","og_title":"Knihovna - Kabinet studia jazyk\u016f","og_description":"Adresa: Valentinsk\u00e1 1 116 46&nbsp;Praha 1 1. patro tel.: +420 225 391&nbsp;462, +420 225 391&nbsp;463 e-mail: knihovna at ujc.cas.cz&nbsp;(v\u00fdp\u016fj\u010dky, rezervace, prodlou\u017een\u00ed v\u00fdp\u016fj\u010dek, MVS) Otev\u00edrac\u00ed doba: Pond\u011bl\u00ed: 9:00\u201315:30\u00dater\u00fd: 9:00\u201315:30St\u0159eda: zav\u0159eno\u010ctvrtek: 9:00\u201315:30P\u00e1tek: 9:00\u201314:00 Knihovna odd\u011blen\u00ed v\u011bdeck\u00fdch informac\u00ed se specializuje na lingvistickou a&nbsp;bohemistickou literaturu, v\u00fdb\u011brov\u011b obsahuje tak\u00e9 publikace z&nbsp;p\u0159\u00edbuzn\u00fdch obor\u016f, nap\u0159. z&nbsp;liter\u00e1rn\u00ed v\u011bdy, historie apod., a&nbsp;je budov\u00e1na od [&hellip;]","og_url":"https:\/\/ksj.microshop.cz\/oddeleni-vedeckych-informaci-knihovna\/","og_site_name":"Kabinet studia jazyk\u016f","article_modified_time":"2023-06-24T05:26:38+00:00","twitter_card":"summary_large_image","twitter_misc":{"Est. reading time":"3 minutes"},"schema":{"@context":"https:\/\/schema.org","@graph":[{"@type":"WebPage","@id":"https:\/\/ksj.microshop.cz\/oddeleni-vedeckych-informaci-knihovna\/","url":"https:\/\/ksj.microshop.cz\/oddeleni-vedeckych-informaci-knihovna\/","name":"Knihovna - Kabinet studia jazyk\u016f","isPartOf":{"@id":"https:\/\/ksj.microshop.cz\/#website"},"datePublished":"2023-06-24T05:05:47+00:00","dateModified":"2023-06-24T05:26:38+00:00","breadcrumb":{"@id":"https:\/\/ksj.microshop.cz\/oddeleni-vedeckych-informaci-knihovna\/#breadcrumb"},"inLanguage":"en-US","potentialAction":[{"@type":"ReadAction","target":["https:\/\/ksj.microshop.cz\/oddeleni-vedeckych-informaci-knihovna\/"]}]},{"@type":"BreadcrumbList","@id":"https:\/\/ksj.microshop.cz\/oddeleni-vedeckych-informaci-knihovna\/#breadcrumb","itemListElement":[{"@type":"ListItem","position":1,"name":"Home","item":"https:\/\/ksj.microshop.cz\/"},{"@type":"ListItem","position":2,"name":"Knihovna"}]},{"@type":"WebSite","@id":"https:\/\/ksj.microshop.cz\/#website","url":"https:\/\/ksj.microshop.cz\/","name":"Kabinet studia jazyk\u016f","description":"","publisher":{"@id":"https:\/\/ksj.microshop.cz\/#organization"},"potentialAction":[{"@type":"SearchAction","target":{"@type":"EntryPoint","urlTemplate":"https:\/\/ksj.microshop.cz\/?s={search_term_string}"},"query-input":{"@type":"PropertyValueSpecification","valueRequired":true,"valueName":"search_term_string"}}],"inLanguage":"en-US"},{"@type":"Organization","@id":"https:\/\/ksj.microshop.cz\/#organization","name":"Kabinet studia jazyk\u016f","url":"https:\/\/ksj.microshop.cz\/","logo":{"@type":"ImageObject","inLanguage":"en-US","@id":"https:\/\/ksj.microshop.cz\/#\/schema\/logo\/image\/","url":"https:\/\/ksj.microshop.cz\/wp-content\/uploads\/2023\/04\/ksj-logo.svg","contentUrl":"https:\/\/ksj.microshop.cz\/wp-content\/uploads\/2023\/04\/ksj-logo.svg","width":55,"height":63,"caption":"Kabinet studia jazyk\u016f"},"image":{"@id":"https:\/\/ksj.microshop.cz\/#\/schema\/logo\/image\/"}}]}},"_links":{"self":[{"href":"https:\/\/ksj.microshop.cz\/en\/wp-json\/wp\/v2\/pages\/784","targetHints":{"allow":["GET"]}}],"collection":[{"href":"https:\/\/ksj.microshop.cz\/en\/wp-json\/wp\/v2\/pages"}],"about":[{"href":"https:\/\/ksj.microshop.cz\/en\/wp-json\/wp\/v2\/types\/page"}],"author":[{"embeddable":true,"href":"https:\/\/ksj.microshop.cz\/en\/wp-json\/wp\/v2\/users\/1"}],"replies":[{"embeddable":true,"href":"https:\/\/ksj.microshop.cz\/en\/wp-json\/wp\/v2\/comments?post=784"}],"version-history":[{"count":3,"href":"https:\/\/ksj.microshop.cz\/en\/wp-json\/wp\/v2\/pages\/784\/revisions"}],"predecessor-version":[{"id":819,"href":"https:\/\/ksj.microshop.cz\/en\/wp-json\/wp\/v2\/pages\/784\/revisions\/819"}],"wp:attachment":[{"href":"https:\/\/ksj.microshop.cz\/en\/wp-json\/wp\/v2\/media?parent=784"}],"wp:term":[{"taxonomy":"category","embeddable":true,"href":"https:\/\/ksj.microshop.cz\/en\/wp-json\/wp\/v2\/categories?post=784"},{"taxonomy":"post_tag","embeddable":true,"href":"https:\/\/ksj.microshop.cz\/en\/wp-json\/wp\/v2\/tags?post=784"}],"curies":[{"name":"wp","href":"https:\/\/api.w.org\/{rel}","templated":true}]}}