{"id":782,"date":"2023-06-24T05:05:28","date_gmt":"2023-06-24T05:05:28","guid":{"rendered":"https:\/\/ksj.microshop.cz\/?page_id=782"},"modified":"2023-06-24T05:26:39","modified_gmt":"2023-06-24T05:26:39","slug":"dozorci-rada","status":"publish","type":"page","link":"https:\/\/ksj.microshop.cz\/en\/dozorci-rada\/","title":{"rendered":"Dozor\u010d\u00ed rada"},"content":{"rendered":"\n<p>Dozor\u010d\u00ed rada \u00dastavu pro jazyk \u010desk\u00fd, v.&nbsp;v.&nbsp;i., se ve sv\u00e9m p\u016fsoben\u00ed \u0159\u00edd\u00ed z\u00e1konem \u010d.&nbsp;341\/2005 Sb., o&nbsp;ve\u0159ejn\u00fdch v\u00fdzkumn\u00fdch instituc\u00edch. Mezi jej\u00ed hlavn\u00ed \u00fakoly pat\u0159\u00ed v\u00fdkon dohledu nad \u010dinnost\u00ed a&nbsp;hospoda\u0159en\u00edm \u00daJ\u010c; jej\u00ed \u010dlenov\u00e9 jsou na z\u00e1klad\u011b rozhodnut\u00ed dozor\u010d\u00ed rady opr\u00e1vn\u011bni kdykoliv nahl\u00ed\u017eet do \u00fa\u010detn\u00edch doklad\u016f a&nbsp;dal\u0161\u00edch dokument\u016f instituce, vy\u017eadovat pot\u0159ebn\u00e1 vysv\u011btlen\u00ed a&nbsp;zji\u0161\u0165ovat skute\u010dn\u00fd stav. D\u00e1le dohl\u00ed\u017e\u00ed na nakl\u00e1d\u00e1n\u00ed s&nbsp;majetkem, navrhuje odvol\u00e1n\u00ed \u0159editele, vyjad\u0159uje se k&nbsp;n\u00e1vrhu rozpo\u010dtu a&nbsp;ke zp\u016fsobu hospoda\u0159en\u00ed, k&nbsp;n\u00e1vrhu v\u00fdro\u010dn\u00ed zpr\u00e1vy a&nbsp;dal\u0161\u00edm kl\u00ed\u010dov\u00fdm z\u00e1le\u017eitostem t\u00fdkaj\u00edc\u00edm se instituce.<\/p>\n\n\n\n<p><strong>P\u0159edseda:<\/strong><\/p>\n\n\n\n<p>Ing. Pavel Jan\u00e1\u010dek, Ph.D.<\/p>\n\n\n\n<p><strong>M\u00edstop\u0159edsedkyn\u011b:<\/strong><\/p>\n\n\n\n<p>Mgr. Mark\u00e9ta Pytl\u00edkov\u00e1, Ph.D.<\/p>\n\n\n\n<p><strong>Tajemnice:<\/strong><\/p>\n\n\n\n<p>Ing.&nbsp;Olga \u0160tefanov\u00e1<\/p>\n\n\n\n<p><strong>\u010clenov\u00e9:<\/strong><\/p>\n\n\n\n<p>PhDr.&nbsp;Ad\u00e9la Gjuri\u010dov\u00e1,&nbsp;Ph.D.<\/p>\n\n\n\n<p>prof. RNDr. Jan Haji\u010d,&nbsp;Dr.<\/p>\n\n\n\n<p>doc.&nbsp;PhDr.&nbsp;Lubo\u0161 Jir\u00e1\u0148,&nbsp;CSc.<\/p>\n\n\n\n<p><a href=\"https:\/\/ujc.avcr.cz\/miranda2\/export\/sitesavcr\/ujc\/o-ustavu\/dozorci-rada\/jednaci-rad-DR-2020.pdf\"><strong>Jednac\u00ed \u0159\u00e1d<\/strong><\/a><\/p>\n\n\n\n<p><strong>Usnesen\u00ed z&nbsp;jedn\u00e1n\u00ed:<\/strong><\/p>\n\n\n\n<p><a href=\"https:\/\/ujc.avcr.cz\/miranda2\/export\/sitesavcr\/ujc\/o-ustavu\/dozorci-rada\/dozorci-rada-ujc-usneseni\/230526.pdf\">26. kv\u011btna 2023<\/a><\/p>\n\n\n\n<p><a href=\"https:\/\/ujc.avcr.cz\/miranda2\/export\/sitesavcr\/ujc\/o-ustavu\/dozorci-rada\/dozorci-rada-ujc-usneseni\/230301.pdf\">1. b\u0159ezna 2023<\/a><\/p>\n\n\n\n<p><a href=\"https:\/\/ujc.avcr.cz\/o-ustavu\/dozorci-rada\/dozorci-rada-ujc-usneseni\/221128.html\">28. listopadu 2022<\/a><\/p>\n\n\n\n<p><a href=\"https:\/\/ujc.avcr.cz\/o-ustavu\/dozorci-rada\/dozorci-rada-ujc-usneseni\/220510.html\">10. kv\u011btna 2022<\/a><\/p>\n\n\n\n<p><a href=\"https:\/\/ujc.avcr.cz\/o-ustavu\/dozorci-rada\/dozorci-rada-ujc-usneseni\/220330.html\">30. b\u0159ezna 2022<\/a><\/p>\n\n\n\n<p><a href=\"https:\/\/ujc.avcr.cz\/o-ustavu\/dozorci-rada\/dozorci-rada-ujc-usneseni\/210511.html\">11. kv\u011btna 2021<\/a><\/p>\n\n\n\n<p><a href=\"https:\/\/ujc.avcr.cz\/o-ustavu\/dozorci-rada\/dozorci-rada-ujc-usneseni\/210222.html\">22. \u00fanora 2021<\/a><\/p>\n\n\n\n<p><a href=\"https:\/\/ujc.avcr.cz\/o-ustavu\/dozorci-rada\/dozorci-rada-ujc-usneseni\/200520.html\" target=\"_blank\" rel=\"noreferrer noopener\">20. kv\u011btna 2020<\/a><\/p>\n\n\n\n<p><a href=\"https:\/\/ujc.avcr.cz\/o-ustavu\/dozorci-rada\/dozorci-rada-ujc-usneseni\/200224.html\" target=\"_blank\" rel=\"noreferrer noopener\">24. \u00fanora 2020<\/a><\/p>\n\n\n\n<p><a href=\"https:\/\/ujc.avcr.cz\/o-ustavu\/dozorci-rada\/dozorci-rada-ujc-usneseni\/191114.html\" target=\"_blank\" rel=\"noreferrer noopener\">14. listopadu 2019<\/a><\/p>\n\n\n\n<p><a href=\"https:\/\/ujc.avcr.cz\/o-ustavu\/dozorci-rada\/dozorci-rada-ujc-usneseni\/190425-usneseni-ze-zasedani-DR.html\" target=\"_blank\" rel=\"noreferrer noopener\">25. dubna 2019<\/a><\/p>\n\n\n\n<p><a href=\"https:\/\/ujc.avcr.cz\/o-ustavu\/dozorci-rada\/dozorci-rada-ujc-usneseni\/181115.html\" target=\"_blank\" rel=\"noreferrer noopener\">15. listopadu 2018<\/a><\/p>\n\n\n\n<p><a href=\"https:\/\/ujc.avcr.cz\/o-ustavu\/dozorci-rada\/dozorci-rada-ujc-usneseni\/180409.html\" target=\"_blank\" rel=\"noreferrer noopener\">28. b\u0159ezna 2018<\/a><\/p>\n\n\n\n<p><a href=\"https:\/\/ujc.avcr.cz\/o-ustavu\/dozorci-rada\/dozorci-rada-ujc-usneseni\/171031.html\">31. \u0159\u00edjna 2017<\/a><\/p>\n\n\n\n<p><a href=\"https:\/\/ujc.avcr.cz\/o-ustavu\/dozorci-rada\/dozorci-rada-ujc-usneseni\/170424.html\">10. dubna 2017<\/a><\/p>\n\n\n\n<p><a href=\"https:\/\/ujc.avcr.cz\/o-ustavu\/dozorci-rada\/dozorci-rada-ujc-usneseni\/161103.html\">3. listopadu 2016<\/a><\/p>\n\n\n\n<p><a href=\"https:\/\/ujc.avcr.cz\/o-ustavu\/dozorci-rada\/dozorci-rada-ujc-usneseni\/160509.html\">9. kv\u011btna 2016<\/a><\/p>\n\n\n\n<p><a href=\"https:\/\/ujc.avcr.cz\/o-ustavu\/dozorci-rada\/dozorci-rada-ujc-usneseni\/160215.html\">15. \u00fanora 2016<\/a><\/p>\n\n\n\n<p><a href=\"https:\/\/ujc.avcr.cz\/o-ustavu\/dozorci-rada\/dozorci-rada-ujc-usneseni\/151216.html\">16. prosince 2015<\/a><\/p>\n\n\n\n<p><a href=\"https:\/\/ujc.avcr.cz\/o-ustavu\/dozorci-rada\/dozorci-rada-ujc-usneseni\/150923.html\">23. z\u00e1\u0159\u00ed 2015<\/a><\/p>\n\n\n\n<p><a href=\"https:\/\/ujc.avcr.cz\/o-ustavu\/dozorci-rada\/dozorci-rada-ujc-usneseni\/150608.html\">8. \u010dervna 2015<\/a><\/p>\n\n\n\n<p><a href=\"https:\/\/ujc.avcr.cz\/sitesavcr\/data.avcr.cz\/humansci\/ujc\/zakladni-informace\/o-ustavu\/struktura-ustavu\/dozorci-rada-ujc-usneseni\/141114.html\">14. listopadu 2014<\/a><\/p>\n\n\n\n<p><a href=\"https:\/\/ujc.avcr.cz\/sitesavcr\/data.avcr.cz\/humansci\/ujc\/zakladni-informace\/o-ustavu\/struktura-ustavu\/dozorci-rada-ujc-usneseni\/140521.html\">21. kv\u011btna 2014<\/a><\/p>\n\n\n\n<p><a href=\"https:\/\/ujc.avcr.cz\/sitesavcr\/data.avcr.cz\/humansci\/ujc\/zakladni-informace\/o-ustavu\/struktura-ustavu\/dozorci-rada-ujc-usneseni\/131105.html\">5. listopadu 2013<\/a><\/p>\n\n\n\n<p><a href=\"https:\/\/ujc.avcr.cz\/sitesavcr\/data.avcr.cz\/humansci\/ujc\/zakladni-informace\/o-ustavu\/struktura-ustavu\/dozorci-rada-ujc-usneseni\/130509.html\">9. kv\u011btna 2013<\/a><\/p>\n\n\n\n<p><a href=\"https:\/\/ujc.avcr.cz\/sitesavcr\/data.avcr.cz\/humansci\/ujc\/zakladni-informace\/o-ustavu\/struktura-ustavu\/dozorci-rada-ujc-usneseni\/121109.html\">9. listopadu 2012<\/a><\/p>\n\n\n\n<p><a href=\"https:\/\/ujc.avcr.cz\/sitesavcr\/data.avcr.cz\/humansci\/ujc\/zakladni-informace\/o-ustavu\/struktura-ustavu\/dozorci-rada-ujc-usneseni\/120430.html\">30. dubna 2012<\/a><\/p>\n\n\n\n<p><a href=\"https:\/\/ujc.avcr.cz\/sitesavcr\/data.avcr.cz\/humansci\/ujc\/zakladni-informace\/o-ustavu\/struktura-ustavu\/dozorci-rada-ujc-usneseni\/111116.html\">16. listopadu 2011<\/a><\/p>\n\n\n\n<p><a href=\"https:\/\/ujc.avcr.cz\/sitesavcr\/data.avcr.cz\/humansci\/ujc\/zakladni-informace\/o-ustavu\/struktura-ustavu\/dozorci-rada-ujc-usneseni\/110524.html\">24. kv\u011btna 2011<\/a><\/p>\n\n\n\n<p><a href=\"https:\/\/ujc.avcr.cz\/sitesavcr\/data.avcr.cz\/humansci\/ujc\/zakladni-informace\/o-ustavu\/struktura-ustavu\/dozorci-rada-ujc-usneseni\/101202.html\">2. prosince 2010<\/a><\/p>\n\n\n\n<p><a href=\"https:\/\/ujc.avcr.cz\/sitesavcr\/data.avcr.cz\/humansci\/ujc\/zakladni-informace\/o-ustavu\/struktura-ustavu\/dozorci-rada-ujc-usneseni\/100506.html\">6. kv\u011btna 2010<\/a><\/p>\n\n\n\n<p><a href=\"https:\/\/ujc.avcr.cz\/sitesavcr\/data.avcr.cz\/humansci\/ujc\/zakladni-informace\/o-ustavu\/struktura-ustavu\/dozorci-rada-ujc-usneseni\/091209.html\">9. prosince 2009<\/a><\/p>\n\n\n\n<p><a href=\"https:\/\/ujc.avcr.cz\/sitesavcr\/data.avcr.cz\/humansci\/ujc\/zakladni-informace\/o-ustavu\/struktura-ustavu\/dozorci-rada-ujc-usneseni\/090528.html\">28. kv\u011btna 2009<\/a><\/p>\n\n\n\n<p><a href=\"https:\/\/ujc.avcr.cz\/sitesavcr\/data.avcr.cz\/humansci\/ujc\/zakladni-informace\/o-ustavu\/struktura-ustavu\/dozorci-rada-ujc-usneseni\/081215.html\">15. prosince 2008<\/a><\/p>\n\n\n\n<p><a href=\"https:\/\/ujc.avcr.cz\/sitesavcr\/data.avcr.cz\/humansci\/ujc\/zakladni-informace\/o-ustavu\/struktura-ustavu\/dozorci-rada-ujc-usneseni\/080514.html\">14. kv\u011btna 2008<\/a><\/p>\n\n\n\n<p><a href=\"https:\/\/ujc.avcr.cz\/sitesavcr\/data.avcr.cz\/humansci\/ujc\/zakladni-informace\/o-ustavu\/struktura-ustavu\/dozorci-rada-ujc-usneseni\/071210.html\">10. prosince 2007<\/a><\/p>\n\n\n\n<p><a href=\"https:\/\/ujc.avcr.cz\/sitesavcr\/data.avcr.cz\/humansci\/ujc\/zakladni-informace\/o-ustavu\/struktura-ustavu\/dozorci-rada-ujc-usneseni\/070618.html\">18. \u010dervna 2007<\/a><\/p>\n","protected":false},"excerpt":{"rendered":"<p>Dozor\u010d\u00ed rada \u00dastavu pro jazyk \u010desk\u00fd, v.&nbsp;v.&nbsp;i., se ve sv\u00e9m p\u016fsoben\u00ed \u0159\u00edd\u00ed z\u00e1konem \u010d.&nbsp;341\/2005 Sb., o&nbsp;ve\u0159ejn\u00fdch v\u00fdzkumn\u00fdch instituc\u00edch. Mezi jej\u00ed hlavn\u00ed \u00fakoly pat\u0159\u00ed v\u00fdkon dohledu nad \u010dinnost\u00ed a&nbsp;hospoda\u0159en\u00edm \u00daJ\u010c; jej\u00ed \u010dlenov\u00e9 jsou na z\u00e1klad\u011b rozhodnut\u00ed dozor\u010d\u00ed rady opr\u00e1vn\u011bni kdykoliv nahl\u00ed\u017eet do \u00fa\u010detn\u00edch doklad\u016f a&nbsp;dal\u0161\u00edch dokument\u016f instituce, vy\u017eadovat pot\u0159ebn\u00e1 vysv\u011btlen\u00ed a&nbsp;zji\u0161\u0165ovat skute\u010dn\u00fd stav. D\u00e1le dohl\u00ed\u017e\u00ed na [&hellip;]<\/p>\n","protected":false},"author":1,"featured_media":0,"parent":0,"menu_order":0,"comment_status":"closed","ping_status":"closed","template":"","meta":{"footnotes":""},"categories":[29],"tags":[],"class_list":["post-782","page","type-page","status-publish","hentry","category-o-ustavu"],"acf":[],"yoast_head":"<!-- This site is optimized with the Yoast SEO plugin v27.4 - https:\/\/yoast.com\/product\/yoast-seo-wordpress\/ -->\n<title>Dozor\u010d\u00ed rada - Kabinet studia jazyk\u016f<\/title>\n<meta name=\"robots\" content=\"noindex, follow, max-snippet:-1, max-image-preview:large, max-video-preview:-1\" \/>\n<meta property=\"og:locale\" content=\"en_US\" \/>\n<meta property=\"og:type\" content=\"article\" \/>\n<meta property=\"og:title\" content=\"Dozor\u010d\u00ed rada - Kabinet studia jazyk\u016f\" \/>\n<meta property=\"og:description\" content=\"Dozor\u010d\u00ed rada \u00dastavu pro jazyk \u010desk\u00fd, v.&nbsp;v.&nbsp;i., se ve sv\u00e9m p\u016fsoben\u00ed \u0159\u00edd\u00ed z\u00e1konem \u010d.&nbsp;341\/2005 Sb., o&nbsp;ve\u0159ejn\u00fdch v\u00fdzkumn\u00fdch instituc\u00edch. Mezi jej\u00ed hlavn\u00ed \u00fakoly pat\u0159\u00ed v\u00fdkon dohledu nad \u010dinnost\u00ed a&nbsp;hospoda\u0159en\u00edm \u00daJ\u010c; jej\u00ed \u010dlenov\u00e9 jsou na z\u00e1klad\u011b rozhodnut\u00ed dozor\u010d\u00ed rady opr\u00e1vn\u011bni kdykoliv nahl\u00ed\u017eet do \u00fa\u010detn\u00edch doklad\u016f a&nbsp;dal\u0161\u00edch dokument\u016f instituce, vy\u017eadovat pot\u0159ebn\u00e1 vysv\u011btlen\u00ed a&nbsp;zji\u0161\u0165ovat skute\u010dn\u00fd stav. D\u00e1le dohl\u00ed\u017e\u00ed na [&hellip;]\" \/>\n<meta property=\"og:url\" content=\"https:\/\/ksj.microshop.cz\/dozorci-rada\/\" \/>\n<meta property=\"og:site_name\" content=\"Kabinet studia jazyk\u016f\" \/>\n<meta property=\"article:modified_time\" content=\"2023-06-24T05:26:39+00:00\" \/>\n<meta name=\"twitter:card\" content=\"summary_large_image\" \/>\n<meta name=\"twitter:label1\" content=\"Est. reading time\" \/>\n\t<meta name=\"twitter:data1\" content=\"2 minutes\" \/>\n<script type=\"application\/ld+json\" class=\"yoast-schema-graph\">{\"@context\":\"https:\\\/\\\/schema.org\",\"@graph\":[{\"@type\":\"WebPage\",\"@id\":\"https:\\\/\\\/ksj.microshop.cz\\\/dozorci-rada\\\/\",\"url\":\"https:\\\/\\\/ksj.microshop.cz\\\/dozorci-rada\\\/\",\"name\":\"Dozor\u010d\u00ed rada - Kabinet studia jazyk\u016f\",\"isPartOf\":{\"@id\":\"https:\\\/\\\/ksj.microshop.cz\\\/#website\"},\"datePublished\":\"2023-06-24T05:05:28+00:00\",\"dateModified\":\"2023-06-24T05:26:39+00:00\",\"breadcrumb\":{\"@id\":\"https:\\\/\\\/ksj.microshop.cz\\\/dozorci-rada\\\/#breadcrumb\"},\"inLanguage\":\"en-US\",\"potentialAction\":[{\"@type\":\"ReadAction\",\"target\":[\"https:\\\/\\\/ksj.microshop.cz\\\/dozorci-rada\\\/\"]}]},{\"@type\":\"BreadcrumbList\",\"@id\":\"https:\\\/\\\/ksj.microshop.cz\\\/dozorci-rada\\\/#breadcrumb\",\"itemListElement\":[{\"@type\":\"ListItem\",\"position\":1,\"name\":\"Home\",\"item\":\"https:\\\/\\\/ksj.microshop.cz\\\/\"},{\"@type\":\"ListItem\",\"position\":2,\"name\":\"Dozor\u010d\u00ed rada\"}]},{\"@type\":\"WebSite\",\"@id\":\"https:\\\/\\\/ksj.microshop.cz\\\/#website\",\"url\":\"https:\\\/\\\/ksj.microshop.cz\\\/\",\"name\":\"Kabinet studia jazyk\u016f\",\"description\":\"\",\"publisher\":{\"@id\":\"https:\\\/\\\/ksj.microshop.cz\\\/#organization\"},\"potentialAction\":[{\"@type\":\"SearchAction\",\"target\":{\"@type\":\"EntryPoint\",\"urlTemplate\":\"https:\\\/\\\/ksj.microshop.cz\\\/?s={search_term_string}\"},\"query-input\":{\"@type\":\"PropertyValueSpecification\",\"valueRequired\":true,\"valueName\":\"search_term_string\"}}],\"inLanguage\":\"en-US\"},{\"@type\":\"Organization\",\"@id\":\"https:\\\/\\\/ksj.microshop.cz\\\/#organization\",\"name\":\"Kabinet studia jazyk\u016f\",\"url\":\"https:\\\/\\\/ksj.microshop.cz\\\/\",\"logo\":{\"@type\":\"ImageObject\",\"inLanguage\":\"en-US\",\"@id\":\"https:\\\/\\\/ksj.microshop.cz\\\/#\\\/schema\\\/logo\\\/image\\\/\",\"url\":\"https:\\\/\\\/ksj.microshop.cz\\\/wp-content\\\/uploads\\\/2023\\\/04\\\/ksj-logo.svg\",\"contentUrl\":\"https:\\\/\\\/ksj.microshop.cz\\\/wp-content\\\/uploads\\\/2023\\\/04\\\/ksj-logo.svg\",\"width\":55,\"height\":63,\"caption\":\"Kabinet studia jazyk\u016f\"},\"image\":{\"@id\":\"https:\\\/\\\/ksj.microshop.cz\\\/#\\\/schema\\\/logo\\\/image\\\/\"}}]}<\/script>\n<!-- \/ Yoast SEO plugin. -->","yoast_head_json":{"title":"Dozor\u010d\u00ed rada - Kabinet studia jazyk\u016f","robots":{"index":"noindex","follow":"follow","max-snippet":"max-snippet:-1","max-image-preview":"max-image-preview:large","max-video-preview":"max-video-preview:-1"},"og_locale":"en_US","og_type":"article","og_title":"Dozor\u010d\u00ed rada - Kabinet studia jazyk\u016f","og_description":"Dozor\u010d\u00ed rada \u00dastavu pro jazyk \u010desk\u00fd, v.&nbsp;v.&nbsp;i., se ve sv\u00e9m p\u016fsoben\u00ed \u0159\u00edd\u00ed z\u00e1konem \u010d.&nbsp;341\/2005 Sb., o&nbsp;ve\u0159ejn\u00fdch v\u00fdzkumn\u00fdch instituc\u00edch. Mezi jej\u00ed hlavn\u00ed \u00fakoly pat\u0159\u00ed v\u00fdkon dohledu nad \u010dinnost\u00ed a&nbsp;hospoda\u0159en\u00edm \u00daJ\u010c; jej\u00ed \u010dlenov\u00e9 jsou na z\u00e1klad\u011b rozhodnut\u00ed dozor\u010d\u00ed rady opr\u00e1vn\u011bni kdykoliv nahl\u00ed\u017eet do \u00fa\u010detn\u00edch doklad\u016f a&nbsp;dal\u0161\u00edch dokument\u016f instituce, vy\u017eadovat pot\u0159ebn\u00e1 vysv\u011btlen\u00ed a&nbsp;zji\u0161\u0165ovat skute\u010dn\u00fd stav. D\u00e1le dohl\u00ed\u017e\u00ed na [&hellip;]","og_url":"https:\/\/ksj.microshop.cz\/dozorci-rada\/","og_site_name":"Kabinet studia jazyk\u016f","article_modified_time":"2023-06-24T05:26:39+00:00","twitter_card":"summary_large_image","twitter_misc":{"Est. reading time":"2 minutes"},"schema":{"@context":"https:\/\/schema.org","@graph":[{"@type":"WebPage","@id":"https:\/\/ksj.microshop.cz\/dozorci-rada\/","url":"https:\/\/ksj.microshop.cz\/dozorci-rada\/","name":"Dozor\u010d\u00ed rada - Kabinet studia jazyk\u016f","isPartOf":{"@id":"https:\/\/ksj.microshop.cz\/#website"},"datePublished":"2023-06-24T05:05:28+00:00","dateModified":"2023-06-24T05:26:39+00:00","breadcrumb":{"@id":"https:\/\/ksj.microshop.cz\/dozorci-rada\/#breadcrumb"},"inLanguage":"en-US","potentialAction":[{"@type":"ReadAction","target":["https:\/\/ksj.microshop.cz\/dozorci-rada\/"]}]},{"@type":"BreadcrumbList","@id":"https:\/\/ksj.microshop.cz\/dozorci-rada\/#breadcrumb","itemListElement":[{"@type":"ListItem","position":1,"name":"Home","item":"https:\/\/ksj.microshop.cz\/"},{"@type":"ListItem","position":2,"name":"Dozor\u010d\u00ed rada"}]},{"@type":"WebSite","@id":"https:\/\/ksj.microshop.cz\/#website","url":"https:\/\/ksj.microshop.cz\/","name":"Kabinet studia jazyk\u016f","description":"","publisher":{"@id":"https:\/\/ksj.microshop.cz\/#organization"},"potentialAction":[{"@type":"SearchAction","target":{"@type":"EntryPoint","urlTemplate":"https:\/\/ksj.microshop.cz\/?s={search_term_string}"},"query-input":{"@type":"PropertyValueSpecification","valueRequired":true,"valueName":"search_term_string"}}],"inLanguage":"en-US"},{"@type":"Organization","@id":"https:\/\/ksj.microshop.cz\/#organization","name":"Kabinet studia jazyk\u016f","url":"https:\/\/ksj.microshop.cz\/","logo":{"@type":"ImageObject","inLanguage":"en-US","@id":"https:\/\/ksj.microshop.cz\/#\/schema\/logo\/image\/","url":"https:\/\/ksj.microshop.cz\/wp-content\/uploads\/2023\/04\/ksj-logo.svg","contentUrl":"https:\/\/ksj.microshop.cz\/wp-content\/uploads\/2023\/04\/ksj-logo.svg","width":55,"height":63,"caption":"Kabinet studia jazyk\u016f"},"image":{"@id":"https:\/\/ksj.microshop.cz\/#\/schema\/logo\/image\/"}}]}},"_links":{"self":[{"href":"https:\/\/ksj.microshop.cz\/en\/wp-json\/wp\/v2\/pages\/782","targetHints":{"allow":["GET"]}}],"collection":[{"href":"https:\/\/ksj.microshop.cz\/en\/wp-json\/wp\/v2\/pages"}],"about":[{"href":"https:\/\/ksj.microshop.cz\/en\/wp-json\/wp\/v2\/types\/page"}],"author":[{"embeddable":true,"href":"https:\/\/ksj.microshop.cz\/en\/wp-json\/wp\/v2\/users\/1"}],"replies":[{"embeddable":true,"href":"https:\/\/ksj.microshop.cz\/en\/wp-json\/wp\/v2\/comments?post=782"}],"version-history":[{"count":1,"href":"https:\/\/ksj.microshop.cz\/en\/wp-json\/wp\/v2\/pages\/782\/revisions"}],"predecessor-version":[{"id":783,"href":"https:\/\/ksj.microshop.cz\/en\/wp-json\/wp\/v2\/pages\/782\/revisions\/783"}],"wp:attachment":[{"href":"https:\/\/ksj.microshop.cz\/en\/wp-json\/wp\/v2\/media?parent=782"}],"wp:term":[{"taxonomy":"category","embeddable":true,"href":"https:\/\/ksj.microshop.cz\/en\/wp-json\/wp\/v2\/categories?post=782"},{"taxonomy":"post_tag","embeddable":true,"href":"https:\/\/ksj.microshop.cz\/en\/wp-json\/wp\/v2\/tags?post=782"}],"curies":[{"name":"wp","href":"https:\/\/api.w.org\/{rel}","templated":true}]}}