{"id":777,"date":"2023-06-24T05:04:55","date_gmt":"2023-06-24T05:04:55","guid":{"rendered":"https:\/\/ksj.microshop.cz\/?page_id=777"},"modified":"2023-06-24T05:26:40","modified_gmt":"2023-06-24T05:26:40","slug":"vedeni","status":"publish","type":"page","link":"https:\/\/ksj.microshop.cz\/en\/vedeni\/","title":{"rendered":"Veden\u00ed"},"content":{"rendered":"\n<p><strong>\u0158editel:<\/strong><\/p>\n\n\n\n<p><strong>PhDr. Martin Pro\u0161ek, Ph.D.<\/strong><\/p>\n\n\n\n<p>e-mail: prosek at ujc.cas.cz<\/p>\n\n\n\n<p>tel.: +420 257 533 756, +420 225 391&nbsp;403<\/p>\n\n\n\n<p><strong>Z\u00e1stupci \u0159editele:<\/strong><\/p>\n\n\n\n<p><strong>Mgr. Petr Kaderka, Ph.D.<\/strong><\/p>\n\n\n\n<p>z\u00e1stupce pro v\u011bdeckou \u010dinnost, statut\u00e1rn\u00ed z\u00e1stupce \u0159editele<\/p>\n\n\n\n<p>e-mail: kaderka at ujc.cas.cz<\/p>\n\n\n\n<p>tel.:&nbsp;+420 225 391 401<\/p>\n\n\n\n<p><strong>PhDr. Hana M\u017eourkov\u00e1, Ph.D.<\/strong><\/p>\n\n\n\n<p>z\u00e1stupkyn\u011b pro v\u011bci provozn\u00ed a organiza\u010dn\u00ed<\/p>\n\n\n\n<p>v\u011bdeck\u00e1 tajemnice<\/p>\n\n\n\n<p>e-mail: mzourkova at ujc.cas.cz<\/p>\n\n\n\n<p>tel.: +420 225 391 433<\/p>\n\n\n\n<p><strong>PhDr. Mark\u00e9ta Pravdov\u00e1, Ph.D., MBA<\/strong><\/p>\n\n\n\n<p>z\u00e1stupkyn\u011b pro vn\u011bj\u0161\u00ed vztahy a popularizaci<\/p>\n\n\n\n<p>e-mail: pravdova at ujc.cas.cz<\/p>\n\n\n\n<p>tel.: +420 225 391 426<\/p>\n\n\n\n<p><strong>Mgr. Tamah Sherman, Ph.D.<\/strong><\/p>\n\n\n\n<p>z\u00e1stupkyn\u011b pro zahrani\u010dn\u00ed spolupr\u00e1ci<\/p>\n\n\n\n<p>e-mail: sherman at ujc.cas.cz<\/p>\n\n\n\n<p>tel.: +420 225 391 401<\/p>\n\n\n\n<p><strong>Sekretari\u00e1t \u0159editele:<\/strong><\/p>\n\n\n\n<p><strong>Ing. Olga \u0160tefanov\u00e1<\/strong><\/p>\n\n\n\n<p>e-mail: stefanova at ujc.cas.cz<\/p>\n\n\n\n<p>tel.: +420 257 533 756, +420 225 391&nbsp;402<\/p>\n","protected":false},"excerpt":{"rendered":"<p>\u0158editel: PhDr. Martin Pro\u0161ek, Ph.D. e-mail: prosek at ujc.cas.cz tel.: +420 257 533 756, +420 225 391&nbsp;403 Z\u00e1stupci \u0159editele: Mgr. Petr Kaderka, Ph.D. z\u00e1stupce pro v\u011bdeckou \u010dinnost, statut\u00e1rn\u00ed z\u00e1stupce \u0159editele e-mail: kaderka at ujc.cas.cz tel.:&nbsp;+420 225 391 401 PhDr. Hana M\u017eourkov\u00e1, Ph.D. z\u00e1stupkyn\u011b pro v\u011bci provozn\u00ed a organiza\u010dn\u00ed v\u011bdeck\u00e1 tajemnice e-mail: mzourkova at ujc.cas.cz tel.: [&hellip;]<\/p>\n","protected":false},"author":1,"featured_media":0,"parent":0,"menu_order":0,"comment_status":"closed","ping_status":"closed","template":"","meta":{"footnotes":""},"categories":[29],"tags":[],"class_list":["post-777","page","type-page","status-publish","hentry","category-o-ustavu"],"acf":[],"yoast_head":"<!-- This site is optimized with the Yoast SEO plugin v27.4 - https:\/\/yoast.com\/product\/yoast-seo-wordpress\/ -->\n<title>Veden\u00ed - Kabinet studia jazyk\u016f<\/title>\n<meta name=\"robots\" content=\"noindex, follow, max-snippet:-1, max-image-preview:large, max-video-preview:-1\" \/>\n<meta property=\"og:locale\" content=\"en_US\" \/>\n<meta property=\"og:type\" content=\"article\" \/>\n<meta property=\"og:title\" content=\"Veden\u00ed - Kabinet studia jazyk\u016f\" \/>\n<meta property=\"og:description\" content=\"\u0158editel: PhDr. Martin Pro\u0161ek, Ph.D. e-mail: prosek at ujc.cas.cz tel.: +420 257 533 756, +420 225 391&nbsp;403 Z\u00e1stupci \u0159editele: Mgr. Petr Kaderka, Ph.D. z\u00e1stupce pro v\u011bdeckou \u010dinnost, statut\u00e1rn\u00ed z\u00e1stupce \u0159editele e-mail: kaderka at ujc.cas.cz tel.:&nbsp;+420 225 391 401 PhDr. Hana M\u017eourkov\u00e1, Ph.D. z\u00e1stupkyn\u011b pro v\u011bci provozn\u00ed a organiza\u010dn\u00ed v\u011bdeck\u00e1 tajemnice e-mail: mzourkova at ujc.cas.cz tel.: [&hellip;]\" \/>\n<meta property=\"og:url\" content=\"https:\/\/ksj.microshop.cz\/vedeni\/\" \/>\n<meta property=\"og:site_name\" content=\"Kabinet studia jazyk\u016f\" \/>\n<meta property=\"article:modified_time\" content=\"2023-06-24T05:26:40+00:00\" \/>\n<meta name=\"twitter:card\" content=\"summary_large_image\" \/>\n<meta name=\"twitter:label1\" content=\"Est. reading time\" \/>\n\t<meta name=\"twitter:data1\" content=\"1 minute\" \/>\n<script type=\"application\/ld+json\" class=\"yoast-schema-graph\">{\"@context\":\"https:\\\/\\\/schema.org\",\"@graph\":[{\"@type\":\"WebPage\",\"@id\":\"https:\\\/\\\/ksj.microshop.cz\\\/vedeni\\\/\",\"url\":\"https:\\\/\\\/ksj.microshop.cz\\\/vedeni\\\/\",\"name\":\"Veden\u00ed - Kabinet studia jazyk\u016f\",\"isPartOf\":{\"@id\":\"https:\\\/\\\/ksj.microshop.cz\\\/#website\"},\"datePublished\":\"2023-06-24T05:04:55+00:00\",\"dateModified\":\"2023-06-24T05:26:40+00:00\",\"breadcrumb\":{\"@id\":\"https:\\\/\\\/ksj.microshop.cz\\\/vedeni\\\/#breadcrumb\"},\"inLanguage\":\"en-US\",\"potentialAction\":[{\"@type\":\"ReadAction\",\"target\":[\"https:\\\/\\\/ksj.microshop.cz\\\/vedeni\\\/\"]}]},{\"@type\":\"BreadcrumbList\",\"@id\":\"https:\\\/\\\/ksj.microshop.cz\\\/vedeni\\\/#breadcrumb\",\"itemListElement\":[{\"@type\":\"ListItem\",\"position\":1,\"name\":\"Home\",\"item\":\"https:\\\/\\\/ksj.microshop.cz\\\/\"},{\"@type\":\"ListItem\",\"position\":2,\"name\":\"Veden\u00ed\"}]},{\"@type\":\"WebSite\",\"@id\":\"https:\\\/\\\/ksj.microshop.cz\\\/#website\",\"url\":\"https:\\\/\\\/ksj.microshop.cz\\\/\",\"name\":\"Kabinet studia jazyk\u016f\",\"description\":\"\",\"publisher\":{\"@id\":\"https:\\\/\\\/ksj.microshop.cz\\\/#organization\"},\"potentialAction\":[{\"@type\":\"SearchAction\",\"target\":{\"@type\":\"EntryPoint\",\"urlTemplate\":\"https:\\\/\\\/ksj.microshop.cz\\\/?s={search_term_string}\"},\"query-input\":{\"@type\":\"PropertyValueSpecification\",\"valueRequired\":true,\"valueName\":\"search_term_string\"}}],\"inLanguage\":\"en-US\"},{\"@type\":\"Organization\",\"@id\":\"https:\\\/\\\/ksj.microshop.cz\\\/#organization\",\"name\":\"Kabinet studia jazyk\u016f\",\"url\":\"https:\\\/\\\/ksj.microshop.cz\\\/\",\"logo\":{\"@type\":\"ImageObject\",\"inLanguage\":\"en-US\",\"@id\":\"https:\\\/\\\/ksj.microshop.cz\\\/#\\\/schema\\\/logo\\\/image\\\/\",\"url\":\"https:\\\/\\\/ksj.microshop.cz\\\/wp-content\\\/uploads\\\/2023\\\/04\\\/ksj-logo.svg\",\"contentUrl\":\"https:\\\/\\\/ksj.microshop.cz\\\/wp-content\\\/uploads\\\/2023\\\/04\\\/ksj-logo.svg\",\"width\":55,\"height\":63,\"caption\":\"Kabinet studia jazyk\u016f\"},\"image\":{\"@id\":\"https:\\\/\\\/ksj.microshop.cz\\\/#\\\/schema\\\/logo\\\/image\\\/\"}}]}<\/script>\n<!-- \/ Yoast SEO plugin. -->","yoast_head_json":{"title":"Veden\u00ed - Kabinet studia jazyk\u016f","robots":{"index":"noindex","follow":"follow","max-snippet":"max-snippet:-1","max-image-preview":"max-image-preview:large","max-video-preview":"max-video-preview:-1"},"og_locale":"en_US","og_type":"article","og_title":"Veden\u00ed - Kabinet studia jazyk\u016f","og_description":"\u0158editel: PhDr. Martin Pro\u0161ek, Ph.D. e-mail: prosek at ujc.cas.cz tel.: +420 257 533 756, +420 225 391&nbsp;403 Z\u00e1stupci \u0159editele: Mgr. Petr Kaderka, Ph.D. z\u00e1stupce pro v\u011bdeckou \u010dinnost, statut\u00e1rn\u00ed z\u00e1stupce \u0159editele e-mail: kaderka at ujc.cas.cz tel.:&nbsp;+420 225 391 401 PhDr. Hana M\u017eourkov\u00e1, Ph.D. z\u00e1stupkyn\u011b pro v\u011bci provozn\u00ed a organiza\u010dn\u00ed v\u011bdeck\u00e1 tajemnice e-mail: mzourkova at ujc.cas.cz tel.: [&hellip;]","og_url":"https:\/\/ksj.microshop.cz\/vedeni\/","og_site_name":"Kabinet studia jazyk\u016f","article_modified_time":"2023-06-24T05:26:40+00:00","twitter_card":"summary_large_image","twitter_misc":{"Est. reading time":"1 minute"},"schema":{"@context":"https:\/\/schema.org","@graph":[{"@type":"WebPage","@id":"https:\/\/ksj.microshop.cz\/vedeni\/","url":"https:\/\/ksj.microshop.cz\/vedeni\/","name":"Veden\u00ed - Kabinet studia jazyk\u016f","isPartOf":{"@id":"https:\/\/ksj.microshop.cz\/#website"},"datePublished":"2023-06-24T05:04:55+00:00","dateModified":"2023-06-24T05:26:40+00:00","breadcrumb":{"@id":"https:\/\/ksj.microshop.cz\/vedeni\/#breadcrumb"},"inLanguage":"en-US","potentialAction":[{"@type":"ReadAction","target":["https:\/\/ksj.microshop.cz\/vedeni\/"]}]},{"@type":"BreadcrumbList","@id":"https:\/\/ksj.microshop.cz\/vedeni\/#breadcrumb","itemListElement":[{"@type":"ListItem","position":1,"name":"Home","item":"https:\/\/ksj.microshop.cz\/"},{"@type":"ListItem","position":2,"name":"Veden\u00ed"}]},{"@type":"WebSite","@id":"https:\/\/ksj.microshop.cz\/#website","url":"https:\/\/ksj.microshop.cz\/","name":"Kabinet studia jazyk\u016f","description":"","publisher":{"@id":"https:\/\/ksj.microshop.cz\/#organization"},"potentialAction":[{"@type":"SearchAction","target":{"@type":"EntryPoint","urlTemplate":"https:\/\/ksj.microshop.cz\/?s={search_term_string}"},"query-input":{"@type":"PropertyValueSpecification","valueRequired":true,"valueName":"search_term_string"}}],"inLanguage":"en-US"},{"@type":"Organization","@id":"https:\/\/ksj.microshop.cz\/#organization","name":"Kabinet studia jazyk\u016f","url":"https:\/\/ksj.microshop.cz\/","logo":{"@type":"ImageObject","inLanguage":"en-US","@id":"https:\/\/ksj.microshop.cz\/#\/schema\/logo\/image\/","url":"https:\/\/ksj.microshop.cz\/wp-content\/uploads\/2023\/04\/ksj-logo.svg","contentUrl":"https:\/\/ksj.microshop.cz\/wp-content\/uploads\/2023\/04\/ksj-logo.svg","width":55,"height":63,"caption":"Kabinet studia jazyk\u016f"},"image":{"@id":"https:\/\/ksj.microshop.cz\/#\/schema\/logo\/image\/"}}]}},"_links":{"self":[{"href":"https:\/\/ksj.microshop.cz\/en\/wp-json\/wp\/v2\/pages\/777","targetHints":{"allow":["GET"]}}],"collection":[{"href":"https:\/\/ksj.microshop.cz\/en\/wp-json\/wp\/v2\/pages"}],"about":[{"href":"https:\/\/ksj.microshop.cz\/en\/wp-json\/wp\/v2\/types\/page"}],"author":[{"embeddable":true,"href":"https:\/\/ksj.microshop.cz\/en\/wp-json\/wp\/v2\/users\/1"}],"replies":[{"embeddable":true,"href":"https:\/\/ksj.microshop.cz\/en\/wp-json\/wp\/v2\/comments?post=777"}],"version-history":[{"count":1,"href":"https:\/\/ksj.microshop.cz\/en\/wp-json\/wp\/v2\/pages\/777\/revisions"}],"predecessor-version":[{"id":778,"href":"https:\/\/ksj.microshop.cz\/en\/wp-json\/wp\/v2\/pages\/777\/revisions\/778"}],"wp:attachment":[{"href":"https:\/\/ksj.microshop.cz\/en\/wp-json\/wp\/v2\/media?parent=777"}],"wp:term":[{"taxonomy":"category","embeddable":true,"href":"https:\/\/ksj.microshop.cz\/en\/wp-json\/wp\/v2\/categories?post=777"},{"taxonomy":"post_tag","embeddable":true,"href":"https:\/\/ksj.microshop.cz\/en\/wp-json\/wp\/v2\/tags?post=777"}],"curies":[{"name":"wp","href":"https:\/\/api.w.org\/{rel}","templated":true}]}}