{"id":772,"date":"2023-06-24T05:04:20","date_gmt":"2023-06-24T05:04:20","guid":{"rendered":"https:\/\/ksj.microshop.cz\/?page_id=772"},"modified":"2023-06-24T05:26:41","modified_gmt":"2023-06-24T05:26:41","slug":"historie","status":"publish","type":"page","link":"https:\/\/ksj.microshop.cz\/en\/historie\/","title":{"rendered":"Historie"},"content":{"rendered":"\n<p>Pro historii \u00dastavu pro jazyk \u010desk\u00fd je z\u00e1sadn\u00ed rok 1891, kdy svou \u010dinnost zah\u00e1jila vrcholn\u00e1 dom\u00e1c\u00ed badatelsk\u00e1 instituce \u2013 \u010cesk\u00e1 akademie v\u011bd a&nbsp;um\u011bn\u00ed. Z\u00e1kladn\u00edm \u00fakolem Akademie byla v&nbsp;souladu se zam\u011b\u0159en\u00edm obdobn\u00fdch instituc\u00ed ve sv\u011bt\u011b p\u0159\u00edprava velk\u00e9ho v\u00fdkladov\u00e9ho slovn\u00edku n\u00e1rodn\u00edho jazyka. Roku 1906 podal Franti\u0161ek Pastrnek spolu s&nbsp;p\u0159edn\u00edm lexikografem Franti\u0161kem \u0160t\u011bp\u00e1nem Kottem a Josefem Zubat\u00fdm n\u00e1vrh na zah\u00e1jen\u00ed p\u0159\u00edpravn\u00fdch prac\u00ed na slovn\u00edku. K&nbsp;posouzen\u00ed n\u00e1vrhu byla vytvo\u0159ena komise III. t\u0159\u00eddy Akademie, jej\u00ed\u017e sna\u017een\u00ed vyvrcholilo v&nbsp;roce 1911 zalo\u017een\u00edm nejstar\u0161\u00edho akademick\u00e9ho pracovi\u0161t\u011b \u2013 Kancel\u00e1\u0159e Slovn\u00edku jazyka \u010desk\u00e9ho. Ta okam\u017eit\u011b p\u0159ikro\u010dila ke&nbsp;sb\u011bru lexik\u00e1ln\u00edho materi\u00e1lu pro P\u0159\u00edru\u010dn\u00ed slovn\u00edk jazyka \u010desk\u00e9ho, kter\u00fd za\u010dal v&nbsp;se\u0161itech vych\u00e1zet v&nbsp;roce 1935 a&nbsp;byl dokon\u010den sv\u00fdm dev\u00e1t\u00fdm svazkem v&nbsp;roce 1957.<\/p>\n\n\n\n<p>Po konci 2. sv\u011btov\u00e9 v\u00e1lky byla Kancel\u00e1\u0159 p\u0159em\u011bn\u011bna na \u00fastav, jeho\u017e \u00fakoly byly roz\u0161\u00ed\u0159eny o&nbsp;zkoum\u00e1n\u00ed \u010desk\u00fdch n\u00e1\u0159e\u010d\u00ed, d\u011bjin \u010de\u0161tiny a&nbsp;o&nbsp;problematiku sou\u010dasn\u00e9ho spisovn\u00e9ho jazyka. Tak vznikl v&nbsp;roce 1946 \u00dastav pro jazyk \u010desk\u00fd, jeho\u017e prvn\u00edm \u0159editelem se stal vedouc\u00ed n\u011bkdej\u0161\u00ed Kancel\u00e1\u0159e Alois Z\u00edskal.<\/p>\n\n\n\n<p>Koncem roku 1952 bylo na brn\u011bnsk\u00e9m pracovi\u0161ti \u00fastavu zalo\u017eeno dialektologick\u00e9 odd\u011blen\u00ed a&nbsp;na popud V\u00e1clava Machka i&nbsp;odd\u011blen\u00ed etymologick\u00e9. Po vzniku \u010ceskoslovensk\u00e9 akademie v\u011bd v&nbsp;roce 1952 byl \u00dastav pro jazyk \u010desk\u00fd za\u010dlen\u011bn do jej\u00ed struktury a&nbsp;stal se jedn\u00edm z&nbsp;jej\u00edch z\u00e1kladn\u00edch pracovi\u0161\u0165. Funkci \u0159editele vykon\u00e1val jeden ze zakladatel\u016f Pra\u017esk\u00e9ho lingvistick\u00e9ho krou\u017eku Bohuslav Havr\u00e1nek (do&nbsp;1965). V&nbsp;\u010dele \u00fastavu se pot\u00e9 vyst\u0159\u00eddala \u0159ada p\u0159edn\u00edch p\u0159edstavitel\u016f dom\u00e1c\u00ed lingvistiky:&nbsp;Franti\u0161ek Dane\u0161, Milo\u0161 Dokulil, Karel Hor\u00e1lek, Jan Petr. Po roce 1989 se vr\u00e1til do funkce \u0159editele Franti\u0161ek Dane\u0161. V&nbsp;letech 1994\u20132002 byl jeho n\u00e1stupcem Ji\u0159\u00ed Kraus, mezi roky 2003 a 2016 vedl \u00fastav Karel Oliva. Od roku 2016 je \u0159editelem Martin Pro\u0161ek.<\/p>\n\n\n\n<p>\u00dastav pro jazyk \u010desk\u00fd je od roku 1992 sou\u010d\u00e1st\u00ed nov\u011b transformovan\u00e9 Akademie v\u011bd \u010cesk\u00e9 republiky.<\/p>\n\n\n\n<p>V roce 2011 oslavil \u00dastav pro jazyk \u010desk\u00fd st\u00e9 v\u00fdro\u010d\u00ed od zalo\u017een\u00ed Kancel\u00e1\u0159e Slovn\u00edku jazyka \u010desk\u00e9ho. V\u00edce informac\u00ed&nbsp;<a href=\"https:\/\/ujc.avcr.cz\/sd\/novinky\/hlavni-stranka\/110601-ste-vyroci-ujc-konference.html\">zde<\/a>.<\/p>\n","protected":false},"excerpt":{"rendered":"<p>Pro historii \u00dastavu pro jazyk \u010desk\u00fd je z\u00e1sadn\u00ed rok 1891, kdy svou \u010dinnost zah\u00e1jila vrcholn\u00e1 dom\u00e1c\u00ed badatelsk\u00e1 instituce \u2013 \u010cesk\u00e1 akademie v\u011bd a&nbsp;um\u011bn\u00ed. Z\u00e1kladn\u00edm \u00fakolem Akademie byla v&nbsp;souladu se zam\u011b\u0159en\u00edm obdobn\u00fdch instituc\u00ed ve sv\u011bt\u011b p\u0159\u00edprava velk\u00e9ho v\u00fdkladov\u00e9ho slovn\u00edku n\u00e1rodn\u00edho jazyka. Roku 1906 podal Franti\u0161ek Pastrnek spolu s&nbsp;p\u0159edn\u00edm lexikografem Franti\u0161kem \u0160t\u011bp\u00e1nem Kottem a Josefem Zubat\u00fdm n\u00e1vrh [&hellip;]<\/p>\n","protected":false},"author":1,"featured_media":0,"parent":0,"menu_order":0,"comment_status":"closed","ping_status":"closed","template":"","meta":{"footnotes":""},"categories":[29],"tags":[],"class_list":["post-772","page","type-page","status-publish","hentry","category-o-ustavu"],"acf":[],"yoast_head":"<!-- This site is optimized with the Yoast SEO plugin v27.4 - https:\/\/yoast.com\/product\/yoast-seo-wordpress\/ -->\n<title>Historie - Kabinet studia jazyk\u016f<\/title>\n<meta name=\"robots\" content=\"noindex, follow, max-snippet:-1, max-image-preview:large, max-video-preview:-1\" \/>\n<meta property=\"og:locale\" content=\"en_US\" \/>\n<meta property=\"og:type\" content=\"article\" \/>\n<meta property=\"og:title\" content=\"Historie - Kabinet studia jazyk\u016f\" \/>\n<meta property=\"og:description\" content=\"Pro historii \u00dastavu pro jazyk \u010desk\u00fd je z\u00e1sadn\u00ed rok 1891, kdy svou \u010dinnost zah\u00e1jila vrcholn\u00e1 dom\u00e1c\u00ed badatelsk\u00e1 instituce \u2013 \u010cesk\u00e1 akademie v\u011bd a&nbsp;um\u011bn\u00ed. Z\u00e1kladn\u00edm \u00fakolem Akademie byla v&nbsp;souladu se zam\u011b\u0159en\u00edm obdobn\u00fdch instituc\u00ed ve sv\u011bt\u011b p\u0159\u00edprava velk\u00e9ho v\u00fdkladov\u00e9ho slovn\u00edku n\u00e1rodn\u00edho jazyka. Roku 1906 podal Franti\u0161ek Pastrnek spolu s&nbsp;p\u0159edn\u00edm lexikografem Franti\u0161kem \u0160t\u011bp\u00e1nem Kottem a Josefem Zubat\u00fdm n\u00e1vrh [&hellip;]\" \/>\n<meta property=\"og:url\" content=\"https:\/\/ksj.microshop.cz\/historie\/\" \/>\n<meta property=\"og:site_name\" content=\"Kabinet studia jazyk\u016f\" \/>\n<meta property=\"article:modified_time\" content=\"2023-06-24T05:26:41+00:00\" \/>\n<meta name=\"twitter:card\" content=\"summary_large_image\" \/>\n<script type=\"application\/ld+json\" class=\"yoast-schema-graph\">{\"@context\":\"https:\\\/\\\/schema.org\",\"@graph\":[{\"@type\":\"WebPage\",\"@id\":\"https:\\\/\\\/ksj.microshop.cz\\\/historie\\\/\",\"url\":\"https:\\\/\\\/ksj.microshop.cz\\\/historie\\\/\",\"name\":\"Historie - Kabinet studia jazyk\u016f\",\"isPartOf\":{\"@id\":\"https:\\\/\\\/ksj.microshop.cz\\\/#website\"},\"datePublished\":\"2023-06-24T05:04:20+00:00\",\"dateModified\":\"2023-06-24T05:26:41+00:00\",\"breadcrumb\":{\"@id\":\"https:\\\/\\\/ksj.microshop.cz\\\/historie\\\/#breadcrumb\"},\"inLanguage\":\"en-US\",\"potentialAction\":[{\"@type\":\"ReadAction\",\"target\":[\"https:\\\/\\\/ksj.microshop.cz\\\/historie\\\/\"]}]},{\"@type\":\"BreadcrumbList\",\"@id\":\"https:\\\/\\\/ksj.microshop.cz\\\/historie\\\/#breadcrumb\",\"itemListElement\":[{\"@type\":\"ListItem\",\"position\":1,\"name\":\"Home\",\"item\":\"https:\\\/\\\/ksj.microshop.cz\\\/\"},{\"@type\":\"ListItem\",\"position\":2,\"name\":\"Historie\"}]},{\"@type\":\"WebSite\",\"@id\":\"https:\\\/\\\/ksj.microshop.cz\\\/#website\",\"url\":\"https:\\\/\\\/ksj.microshop.cz\\\/\",\"name\":\"Kabinet studia jazyk\u016f\",\"description\":\"\",\"publisher\":{\"@id\":\"https:\\\/\\\/ksj.microshop.cz\\\/#organization\"},\"potentialAction\":[{\"@type\":\"SearchAction\",\"target\":{\"@type\":\"EntryPoint\",\"urlTemplate\":\"https:\\\/\\\/ksj.microshop.cz\\\/?s={search_term_string}\"},\"query-input\":{\"@type\":\"PropertyValueSpecification\",\"valueRequired\":true,\"valueName\":\"search_term_string\"}}],\"inLanguage\":\"en-US\"},{\"@type\":\"Organization\",\"@id\":\"https:\\\/\\\/ksj.microshop.cz\\\/#organization\",\"name\":\"Kabinet studia jazyk\u016f\",\"url\":\"https:\\\/\\\/ksj.microshop.cz\\\/\",\"logo\":{\"@type\":\"ImageObject\",\"inLanguage\":\"en-US\",\"@id\":\"https:\\\/\\\/ksj.microshop.cz\\\/#\\\/schema\\\/logo\\\/image\\\/\",\"url\":\"https:\\\/\\\/ksj.microshop.cz\\\/wp-content\\\/uploads\\\/2023\\\/04\\\/ksj-logo.svg\",\"contentUrl\":\"https:\\\/\\\/ksj.microshop.cz\\\/wp-content\\\/uploads\\\/2023\\\/04\\\/ksj-logo.svg\",\"width\":55,\"height\":63,\"caption\":\"Kabinet studia jazyk\u016f\"},\"image\":{\"@id\":\"https:\\\/\\\/ksj.microshop.cz\\\/#\\\/schema\\\/logo\\\/image\\\/\"}}]}<\/script>\n<!-- \/ Yoast SEO plugin. -->","yoast_head_json":{"title":"Historie - Kabinet studia jazyk\u016f","robots":{"index":"noindex","follow":"follow","max-snippet":"max-snippet:-1","max-image-preview":"max-image-preview:large","max-video-preview":"max-video-preview:-1"},"og_locale":"en_US","og_type":"article","og_title":"Historie - Kabinet studia jazyk\u016f","og_description":"Pro historii \u00dastavu pro jazyk \u010desk\u00fd je z\u00e1sadn\u00ed rok 1891, kdy svou \u010dinnost zah\u00e1jila vrcholn\u00e1 dom\u00e1c\u00ed badatelsk\u00e1 instituce \u2013 \u010cesk\u00e1 akademie v\u011bd a&nbsp;um\u011bn\u00ed. Z\u00e1kladn\u00edm \u00fakolem Akademie byla v&nbsp;souladu se zam\u011b\u0159en\u00edm obdobn\u00fdch instituc\u00ed ve sv\u011bt\u011b p\u0159\u00edprava velk\u00e9ho v\u00fdkladov\u00e9ho slovn\u00edku n\u00e1rodn\u00edho jazyka. Roku 1906 podal Franti\u0161ek Pastrnek spolu s&nbsp;p\u0159edn\u00edm lexikografem Franti\u0161kem \u0160t\u011bp\u00e1nem Kottem a Josefem Zubat\u00fdm n\u00e1vrh [&hellip;]","og_url":"https:\/\/ksj.microshop.cz\/historie\/","og_site_name":"Kabinet studia jazyk\u016f","article_modified_time":"2023-06-24T05:26:41+00:00","twitter_card":"summary_large_image","schema":{"@context":"https:\/\/schema.org","@graph":[{"@type":"WebPage","@id":"https:\/\/ksj.microshop.cz\/historie\/","url":"https:\/\/ksj.microshop.cz\/historie\/","name":"Historie - Kabinet studia jazyk\u016f","isPartOf":{"@id":"https:\/\/ksj.microshop.cz\/#website"},"datePublished":"2023-06-24T05:04:20+00:00","dateModified":"2023-06-24T05:26:41+00:00","breadcrumb":{"@id":"https:\/\/ksj.microshop.cz\/historie\/#breadcrumb"},"inLanguage":"en-US","potentialAction":[{"@type":"ReadAction","target":["https:\/\/ksj.microshop.cz\/historie\/"]}]},{"@type":"BreadcrumbList","@id":"https:\/\/ksj.microshop.cz\/historie\/#breadcrumb","itemListElement":[{"@type":"ListItem","position":1,"name":"Home","item":"https:\/\/ksj.microshop.cz\/"},{"@type":"ListItem","position":2,"name":"Historie"}]},{"@type":"WebSite","@id":"https:\/\/ksj.microshop.cz\/#website","url":"https:\/\/ksj.microshop.cz\/","name":"Kabinet studia jazyk\u016f","description":"","publisher":{"@id":"https:\/\/ksj.microshop.cz\/#organization"},"potentialAction":[{"@type":"SearchAction","target":{"@type":"EntryPoint","urlTemplate":"https:\/\/ksj.microshop.cz\/?s={search_term_string}"},"query-input":{"@type":"PropertyValueSpecification","valueRequired":true,"valueName":"search_term_string"}}],"inLanguage":"en-US"},{"@type":"Organization","@id":"https:\/\/ksj.microshop.cz\/#organization","name":"Kabinet studia jazyk\u016f","url":"https:\/\/ksj.microshop.cz\/","logo":{"@type":"ImageObject","inLanguage":"en-US","@id":"https:\/\/ksj.microshop.cz\/#\/schema\/logo\/image\/","url":"https:\/\/ksj.microshop.cz\/wp-content\/uploads\/2023\/04\/ksj-logo.svg","contentUrl":"https:\/\/ksj.microshop.cz\/wp-content\/uploads\/2023\/04\/ksj-logo.svg","width":55,"height":63,"caption":"Kabinet studia jazyk\u016f"},"image":{"@id":"https:\/\/ksj.microshop.cz\/#\/schema\/logo\/image\/"}}]}},"_links":{"self":[{"href":"https:\/\/ksj.microshop.cz\/en\/wp-json\/wp\/v2\/pages\/772","targetHints":{"allow":["GET"]}}],"collection":[{"href":"https:\/\/ksj.microshop.cz\/en\/wp-json\/wp\/v2\/pages"}],"about":[{"href":"https:\/\/ksj.microshop.cz\/en\/wp-json\/wp\/v2\/types\/page"}],"author":[{"embeddable":true,"href":"https:\/\/ksj.microshop.cz\/en\/wp-json\/wp\/v2\/users\/1"}],"replies":[{"embeddable":true,"href":"https:\/\/ksj.microshop.cz\/en\/wp-json\/wp\/v2\/comments?post=772"}],"version-history":[{"count":1,"href":"https:\/\/ksj.microshop.cz\/en\/wp-json\/wp\/v2\/pages\/772\/revisions"}],"predecessor-version":[{"id":773,"href":"https:\/\/ksj.microshop.cz\/en\/wp-json\/wp\/v2\/pages\/772\/revisions\/773"}],"wp:attachment":[{"href":"https:\/\/ksj.microshop.cz\/en\/wp-json\/wp\/v2\/media?parent=772"}],"wp:term":[{"taxonomy":"category","embeddable":true,"href":"https:\/\/ksj.microshop.cz\/en\/wp-json\/wp\/v2\/categories?post=772"},{"taxonomy":"post_tag","embeddable":true,"href":"https:\/\/ksj.microshop.cz\/en\/wp-json\/wp\/v2\/tags?post=772"}],"curies":[{"name":"wp","href":"https:\/\/api.w.org\/{rel}","templated":true}]}}