{"id":770,"date":"2023-06-24T05:04:06","date_gmt":"2023-06-24T05:04:06","guid":{"rendered":"https:\/\/ksj.microshop.cz\/?page_id=770"},"modified":"2023-06-24T05:26:41","modified_gmt":"2023-06-24T05:26:41","slug":"poslani-a-cinnost","status":"publish","type":"page","link":"https:\/\/ksj.microshop.cz\/en\/poslani-a-cinnost\/","title":{"rendered":"Posl\u00e1n\u00ed a \u010dinnost"},"content":{"rendered":"\n<p>\u00da\u010delem \u00daJ\u010c je uskute\u010d\u0148ovat v\u011bdeck\u00fd v\u00fdzkum v oblasti \u010desk\u00e9ho jazyka a jazykov\u00e9ho vzd\u011bl\u00e1v\u00e1n\u00ed, p\u0159isp\u00edvat k vyu\u017eit\u00ed v\u00fdsledk\u016f v\u00fdzkumu a zaji\u0161\u0165ovat infrastrukturu v\u00fdzkumu v\u010detn\u011b specializovan\u00e9 v\u00fduky jazyk\u016f.<\/p>\n\n\n\n<p>P\u0159edm\u011btem hlavn\u00ed \u010dinnosti \u00daJ\u010c je v\u011bdeck\u00fd v\u00fdzkum v oblasti \u010desk\u00e9ho n\u00e1rodn\u00edho jazyka, jeho sou\u010dasn\u00e9ho stavu a historick\u00e9ho v\u00fdvoje a jeho vztahu k jin\u00fdm jazyk\u016fm, zejm\u00e9na pokud jde o slovn\u00ed z\u00e1sobu, gramatickou stavbu, slohovou diferenciaci a v\u00fdstavbu text\u016f, a d\u00e1le v oblasti obecn\u00e9 lingvistiky a didaktiky jazyk\u016f.<\/p>\n\n\n\n<p>P\u0159edm\u011btem jin\u00e9 \u010dinnosti \u00daJ\u010c je v\u00fduka \u010desk\u00e9ho jazyka i ciz\u00edch jazyk\u016f pro subjekty mimo AV \u010cR v rozsahu voln\u00e9 kapacity jazykov\u00fdch kurz\u016f. Podm\u00ednky jin\u00e9 \u010dinnosti ur\u010duj\u00ed p\u0159\u00edslu\u0161n\u00e1 podnikatelsk\u00e1 opr\u00e1vn\u011bn\u00ed a z\u00e1kon o ve\u0159ejn\u00fdch v\u00fdzkumn\u00fdch instituc\u00edch.<\/p>\n\n\n\n<p>Pracovn\u00edci \u00daJ\u010c pedagogicky p\u016fsob\u00ed na \u0159ad\u011b vysok\u00fdch \u0161kol a&nbsp;p\u0159isp\u00edvaj\u00ed tak k&nbsp;rozvoji vzd\u011blanosti \u010desk\u00e9 spole\u010dnosti v&nbsp;oblasti \u010desk\u00e9ho jazyka. Zapojuj\u00ed se t\u00e9\u017e do populariza\u010dn\u00edch aktivit a&nbsp;zprost\u0159edkov\u00e1vaj\u00ed aktu\u00e1ln\u00ed v\u00fdsledky v\u00fdzkumu ve\u0159ejnosti.<\/p>\n\n\n\n<p><a href=\"https:\/\/ujc.avcr.cz\/o-ustavu\/dokumenty\/index.html\">V\u00fdro\u010dn\u00ed zpr\u00e1vy<\/a><\/p>\n","protected":false},"excerpt":{"rendered":"<p>\u00da\u010delem \u00daJ\u010c je uskute\u010d\u0148ovat v\u011bdeck\u00fd v\u00fdzkum v oblasti \u010desk\u00e9ho jazyka a jazykov\u00e9ho vzd\u011bl\u00e1v\u00e1n\u00ed, p\u0159isp\u00edvat k vyu\u017eit\u00ed v\u00fdsledk\u016f v\u00fdzkumu a zaji\u0161\u0165ovat infrastrukturu v\u00fdzkumu v\u010detn\u011b specializovan\u00e9 v\u00fduky jazyk\u016f. P\u0159edm\u011btem hlavn\u00ed \u010dinnosti \u00daJ\u010c je v\u011bdeck\u00fd v\u00fdzkum v oblasti \u010desk\u00e9ho n\u00e1rodn\u00edho jazyka, jeho sou\u010dasn\u00e9ho stavu a historick\u00e9ho v\u00fdvoje a jeho vztahu k jin\u00fdm jazyk\u016fm, zejm\u00e9na pokud jde o slovn\u00ed [&hellip;]<\/p>\n","protected":false},"author":1,"featured_media":0,"parent":0,"menu_order":0,"comment_status":"closed","ping_status":"closed","template":"","meta":{"footnotes":""},"categories":[29],"tags":[],"class_list":["post-770","page","type-page","status-publish","hentry","category-o-ustavu"],"acf":[],"yoast_head":"<!-- This site is optimized with the Yoast SEO plugin v27.4 - https:\/\/yoast.com\/product\/yoast-seo-wordpress\/ -->\n<title>Posl\u00e1n\u00ed a \u010dinnost - Kabinet studia jazyk\u016f<\/title>\n<meta name=\"robots\" content=\"noindex, follow, max-snippet:-1, max-image-preview:large, max-video-preview:-1\" \/>\n<meta property=\"og:locale\" content=\"en_US\" \/>\n<meta property=\"og:type\" content=\"article\" \/>\n<meta property=\"og:title\" content=\"Posl\u00e1n\u00ed a \u010dinnost - Kabinet studia jazyk\u016f\" \/>\n<meta property=\"og:description\" content=\"\u00da\u010delem \u00daJ\u010c je uskute\u010d\u0148ovat v\u011bdeck\u00fd v\u00fdzkum v oblasti \u010desk\u00e9ho jazyka a jazykov\u00e9ho vzd\u011bl\u00e1v\u00e1n\u00ed, p\u0159isp\u00edvat k vyu\u017eit\u00ed v\u00fdsledk\u016f v\u00fdzkumu a zaji\u0161\u0165ovat infrastrukturu v\u00fdzkumu v\u010detn\u011b specializovan\u00e9 v\u00fduky jazyk\u016f. P\u0159edm\u011btem hlavn\u00ed \u010dinnosti \u00daJ\u010c je v\u011bdeck\u00fd v\u00fdzkum v oblasti \u010desk\u00e9ho n\u00e1rodn\u00edho jazyka, jeho sou\u010dasn\u00e9ho stavu a historick\u00e9ho v\u00fdvoje a jeho vztahu k jin\u00fdm jazyk\u016fm, zejm\u00e9na pokud jde o slovn\u00ed [&hellip;]\" \/>\n<meta property=\"og:url\" content=\"https:\/\/ksj.microshop.cz\/poslani-a-cinnost\/\" \/>\n<meta property=\"og:site_name\" content=\"Kabinet studia jazyk\u016f\" \/>\n<meta property=\"article:modified_time\" content=\"2023-06-24T05:26:41+00:00\" \/>\n<meta name=\"twitter:card\" content=\"summary_large_image\" \/>\n<meta name=\"twitter:label1\" content=\"Est. reading time\" \/>\n\t<meta name=\"twitter:data1\" content=\"1 minute\" \/>\n<script type=\"application\/ld+json\" class=\"yoast-schema-graph\">{\"@context\":\"https:\\\/\\\/schema.org\",\"@graph\":[{\"@type\":\"WebPage\",\"@id\":\"https:\\\/\\\/ksj.microshop.cz\\\/poslani-a-cinnost\\\/\",\"url\":\"https:\\\/\\\/ksj.microshop.cz\\\/poslani-a-cinnost\\\/\",\"name\":\"Posl\u00e1n\u00ed a \u010dinnost - Kabinet studia jazyk\u016f\",\"isPartOf\":{\"@id\":\"https:\\\/\\\/ksj.microshop.cz\\\/#website\"},\"datePublished\":\"2023-06-24T05:04:06+00:00\",\"dateModified\":\"2023-06-24T05:26:41+00:00\",\"breadcrumb\":{\"@id\":\"https:\\\/\\\/ksj.microshop.cz\\\/poslani-a-cinnost\\\/#breadcrumb\"},\"inLanguage\":\"en-US\",\"potentialAction\":[{\"@type\":\"ReadAction\",\"target\":[\"https:\\\/\\\/ksj.microshop.cz\\\/poslani-a-cinnost\\\/\"]}]},{\"@type\":\"BreadcrumbList\",\"@id\":\"https:\\\/\\\/ksj.microshop.cz\\\/poslani-a-cinnost\\\/#breadcrumb\",\"itemListElement\":[{\"@type\":\"ListItem\",\"position\":1,\"name\":\"Home\",\"item\":\"https:\\\/\\\/ksj.microshop.cz\\\/\"},{\"@type\":\"ListItem\",\"position\":2,\"name\":\"Posl\u00e1n\u00ed a \u010dinnost\"}]},{\"@type\":\"WebSite\",\"@id\":\"https:\\\/\\\/ksj.microshop.cz\\\/#website\",\"url\":\"https:\\\/\\\/ksj.microshop.cz\\\/\",\"name\":\"Kabinet studia jazyk\u016f\",\"description\":\"\",\"publisher\":{\"@id\":\"https:\\\/\\\/ksj.microshop.cz\\\/#organization\"},\"potentialAction\":[{\"@type\":\"SearchAction\",\"target\":{\"@type\":\"EntryPoint\",\"urlTemplate\":\"https:\\\/\\\/ksj.microshop.cz\\\/?s={search_term_string}\"},\"query-input\":{\"@type\":\"PropertyValueSpecification\",\"valueRequired\":true,\"valueName\":\"search_term_string\"}}],\"inLanguage\":\"en-US\"},{\"@type\":\"Organization\",\"@id\":\"https:\\\/\\\/ksj.microshop.cz\\\/#organization\",\"name\":\"Kabinet studia jazyk\u016f\",\"url\":\"https:\\\/\\\/ksj.microshop.cz\\\/\",\"logo\":{\"@type\":\"ImageObject\",\"inLanguage\":\"en-US\",\"@id\":\"https:\\\/\\\/ksj.microshop.cz\\\/#\\\/schema\\\/logo\\\/image\\\/\",\"url\":\"https:\\\/\\\/ksj.microshop.cz\\\/wp-content\\\/uploads\\\/2023\\\/04\\\/ksj-logo.svg\",\"contentUrl\":\"https:\\\/\\\/ksj.microshop.cz\\\/wp-content\\\/uploads\\\/2023\\\/04\\\/ksj-logo.svg\",\"width\":55,\"height\":63,\"caption\":\"Kabinet studia jazyk\u016f\"},\"image\":{\"@id\":\"https:\\\/\\\/ksj.microshop.cz\\\/#\\\/schema\\\/logo\\\/image\\\/\"}}]}<\/script>\n<!-- \/ Yoast SEO plugin. -->","yoast_head_json":{"title":"Posl\u00e1n\u00ed a \u010dinnost - Kabinet studia jazyk\u016f","robots":{"index":"noindex","follow":"follow","max-snippet":"max-snippet:-1","max-image-preview":"max-image-preview:large","max-video-preview":"max-video-preview:-1"},"og_locale":"en_US","og_type":"article","og_title":"Posl\u00e1n\u00ed a \u010dinnost - Kabinet studia jazyk\u016f","og_description":"\u00da\u010delem \u00daJ\u010c je uskute\u010d\u0148ovat v\u011bdeck\u00fd v\u00fdzkum v oblasti \u010desk\u00e9ho jazyka a jazykov\u00e9ho vzd\u011bl\u00e1v\u00e1n\u00ed, p\u0159isp\u00edvat k vyu\u017eit\u00ed v\u00fdsledk\u016f v\u00fdzkumu a zaji\u0161\u0165ovat infrastrukturu v\u00fdzkumu v\u010detn\u011b specializovan\u00e9 v\u00fduky jazyk\u016f. P\u0159edm\u011btem hlavn\u00ed \u010dinnosti \u00daJ\u010c je v\u011bdeck\u00fd v\u00fdzkum v oblasti \u010desk\u00e9ho n\u00e1rodn\u00edho jazyka, jeho sou\u010dasn\u00e9ho stavu a historick\u00e9ho v\u00fdvoje a jeho vztahu k jin\u00fdm jazyk\u016fm, zejm\u00e9na pokud jde o slovn\u00ed [&hellip;]","og_url":"https:\/\/ksj.microshop.cz\/poslani-a-cinnost\/","og_site_name":"Kabinet studia jazyk\u016f","article_modified_time":"2023-06-24T05:26:41+00:00","twitter_card":"summary_large_image","twitter_misc":{"Est. reading time":"1 minute"},"schema":{"@context":"https:\/\/schema.org","@graph":[{"@type":"WebPage","@id":"https:\/\/ksj.microshop.cz\/poslani-a-cinnost\/","url":"https:\/\/ksj.microshop.cz\/poslani-a-cinnost\/","name":"Posl\u00e1n\u00ed a \u010dinnost - Kabinet studia jazyk\u016f","isPartOf":{"@id":"https:\/\/ksj.microshop.cz\/#website"},"datePublished":"2023-06-24T05:04:06+00:00","dateModified":"2023-06-24T05:26:41+00:00","breadcrumb":{"@id":"https:\/\/ksj.microshop.cz\/poslani-a-cinnost\/#breadcrumb"},"inLanguage":"en-US","potentialAction":[{"@type":"ReadAction","target":["https:\/\/ksj.microshop.cz\/poslani-a-cinnost\/"]}]},{"@type":"BreadcrumbList","@id":"https:\/\/ksj.microshop.cz\/poslani-a-cinnost\/#breadcrumb","itemListElement":[{"@type":"ListItem","position":1,"name":"Home","item":"https:\/\/ksj.microshop.cz\/"},{"@type":"ListItem","position":2,"name":"Posl\u00e1n\u00ed a \u010dinnost"}]},{"@type":"WebSite","@id":"https:\/\/ksj.microshop.cz\/#website","url":"https:\/\/ksj.microshop.cz\/","name":"Kabinet studia jazyk\u016f","description":"","publisher":{"@id":"https:\/\/ksj.microshop.cz\/#organization"},"potentialAction":[{"@type":"SearchAction","target":{"@type":"EntryPoint","urlTemplate":"https:\/\/ksj.microshop.cz\/?s={search_term_string}"},"query-input":{"@type":"PropertyValueSpecification","valueRequired":true,"valueName":"search_term_string"}}],"inLanguage":"en-US"},{"@type":"Organization","@id":"https:\/\/ksj.microshop.cz\/#organization","name":"Kabinet studia jazyk\u016f","url":"https:\/\/ksj.microshop.cz\/","logo":{"@type":"ImageObject","inLanguage":"en-US","@id":"https:\/\/ksj.microshop.cz\/#\/schema\/logo\/image\/","url":"https:\/\/ksj.microshop.cz\/wp-content\/uploads\/2023\/04\/ksj-logo.svg","contentUrl":"https:\/\/ksj.microshop.cz\/wp-content\/uploads\/2023\/04\/ksj-logo.svg","width":55,"height":63,"caption":"Kabinet studia jazyk\u016f"},"image":{"@id":"https:\/\/ksj.microshop.cz\/#\/schema\/logo\/image\/"}}]}},"_links":{"self":[{"href":"https:\/\/ksj.microshop.cz\/en\/wp-json\/wp\/v2\/pages\/770","targetHints":{"allow":["GET"]}}],"collection":[{"href":"https:\/\/ksj.microshop.cz\/en\/wp-json\/wp\/v2\/pages"}],"about":[{"href":"https:\/\/ksj.microshop.cz\/en\/wp-json\/wp\/v2\/types\/page"}],"author":[{"embeddable":true,"href":"https:\/\/ksj.microshop.cz\/en\/wp-json\/wp\/v2\/users\/1"}],"replies":[{"embeddable":true,"href":"https:\/\/ksj.microshop.cz\/en\/wp-json\/wp\/v2\/comments?post=770"}],"version-history":[{"count":1,"href":"https:\/\/ksj.microshop.cz\/en\/wp-json\/wp\/v2\/pages\/770\/revisions"}],"predecessor-version":[{"id":771,"href":"https:\/\/ksj.microshop.cz\/en\/wp-json\/wp\/v2\/pages\/770\/revisions\/771"}],"wp:attachment":[{"href":"https:\/\/ksj.microshop.cz\/en\/wp-json\/wp\/v2\/media?parent=770"}],"wp:term":[{"taxonomy":"category","embeddable":true,"href":"https:\/\/ksj.microshop.cz\/en\/wp-json\/wp\/v2\/categories?post=770"},{"taxonomy":"post_tag","embeddable":true,"href":"https:\/\/ksj.microshop.cz\/en\/wp-json\/wp\/v2\/tags?post=770"}],"curies":[{"name":"wp","href":"https:\/\/api.w.org\/{rel}","templated":true}]}}