{"id":4504,"date":"2023-06-23T16:15:18","date_gmt":"2023-06-23T16:15:18","guid":{"rendered":"https:\/\/ksj.microshop.cz\/centrum-akademickeho-psani-cap\/"},"modified":"2024-05-31T08:25:53","modified_gmt":"2024-05-31T08:25:53","slug":"centrum-akademickeho-psani-cap","status":"publish","type":"page","link":"https:\/\/ksj.microshop.cz\/en\/centrum-akademickeho-psani-cap\/","title":{"rendered":"EN: Centrum akademick\u00e9ho psan\u00ed (CAP)"},"content":{"rendered":"\n<p><\/p>\n\n\n\n<p>Od roku 2011 nab\u00edz\u00edme podporu v odborn\u00e9 komunikaci v angli\u010dtin\u011b pro akademick\u00e9 pracovn\u00edky AV \u010cR i \u0161ir\u0161\u00ed ve\u0159ejnost. Psan\u00ed je v \u010desk\u00e9m prost\u0159ed\u00ed opom\u00edjeno. Studenti se ve \u0161kol\u00e1ch u\u010d\u00ed gramatiku a stylistiku, ale nejsou systematicky vedeni k tomu, aby psali s ohledem na \u010dten\u00e1\u0159e a aby se um\u011bli p\u0159izp\u016fsobovat odli\u0161n\u00fdm konvenc\u00edm publika, pro kter\u00e9 p\u00ed\u0161\u00ed. Tyto nedostatky se pak p\u0159irozen\u011b projevuj\u00ed p\u0159i psan\u00ed v angli\u010dtin\u011b. Na\u0161e centrum se sna\u017e\u00ed poskytovat slu\u017eby, kter\u00e9 klient\u016fm umo\u017en\u00ed osvojit si strategie, kter\u00e9 jim psan\u00ed usnadn\u00ed a povedou je k tvorb\u011b text\u016f, v nich\u017e se \u010dten\u00e1\u0159i budou snadno orientovat.<\/p>\n\n\n\n<p><\/p>\n\n\n\n<p><\/p>\n\n\n\n<p><\/p>\n\n\n\n<div class=\"wp-block-group is-layout-constrained wp-block-group-is-layout-constrained\">\n<div class=\"wp-block-columns is-layout-flex wp-container-core-columns-is-layout-9d6595d7 wp-block-columns-is-layout-flex\">\n<div class=\"wp-block-column is-layout-flow wp-block-column-is-layout-flow\" style=\"flex-basis:33.33%\">\n<figure class=\"wp-block-image size-large is-resized\"><img loading=\"lazy\" decoding=\"async\" width=\"683\" height=\"1024\" src=\"https:\/\/ksj.microshop.cz\/wp-content\/uploads\/2024\/04\/2023-10-24_UJC-Kabinet-jazyku_web-40-683x1024.jpg\" alt=\"\" class=\"wp-image-3108\" style=\"width:348px;height:auto\" srcset=\"https:\/\/ksj.microshop.cz\/wp-content\/uploads\/2024\/04\/2023-10-24_UJC-Kabinet-jazyku_web-40-683x1024.jpg 683w, https:\/\/ksj.microshop.cz\/wp-content\/uploads\/2024\/04\/2023-10-24_UJC-Kabinet-jazyku_web-40-200x300.jpg 200w, https:\/\/ksj.microshop.cz\/wp-content\/uploads\/2024\/04\/2023-10-24_UJC-Kabinet-jazyku_web-40-768x1152.jpg 768w, https:\/\/ksj.microshop.cz\/wp-content\/uploads\/2024\/04\/2023-10-24_UJC-Kabinet-jazyku_web-40-1024x1536.jpg 1024w, https:\/\/ksj.microshop.cz\/wp-content\/uploads\/2024\/04\/2023-10-24_UJC-Kabinet-jazyku_web-40.jpg 1365w\" sizes=\"auto, (max-width: 683px) 100vw, 683px\" \/><\/figure>\n<\/div>\n\n\n\n<div class=\"wp-block-column is-layout-flow wp-block-column-is-layout-flow\"><\/div>\n\n\n\n<div class=\"wp-block-column is-layout-flow wp-block-column-is-layout-flow\">\n<div class=\"wp-block-columns is-layout-flex wp-container-core-columns-is-layout-9d6595d7 wp-block-columns-is-layout-flex\">\n<div class=\"wp-block-column is-layout-flow wp-block-column-is-layout-flow\"><\/div>\n\n\n\n<div class=\"wp-block-column is-layout-flow wp-block-column-is-layout-flow\"><\/div>\n<\/div>\n<\/div>\n\n\n\n<div class=\"wp-block-column is-vertically-aligned-top is-layout-flow wp-block-column-is-layout-flow\" style=\"flex-basis:66.66%\">\n<h2 class=\"wp-block-heading\">Na\u0161e slu\u017eby:<\/h2>\n\n\n\n<h3 class=\"wp-block-heading\">Kurzy<\/h3>\n\n\n\n<p>V kurzech \u00fa\u010dastn\u00edky prov\u00e1z\u00edme procesem psan\u00ed odborn\u00e9ho textu \u010di tvorby v\u011bdeck\u00e9 prezentace v duchu anglofonn\u00edch v\u00fdukov\u00fdch p\u0159\u00edstup\u016f. U\u010d\u00edme je strategie, kter\u00e9 vedou k pochopen\u00ed \u017e\u00e1nr\u016f a \u017e\u00e1nrov\u00fdch konvenc\u00ed, p\u0159ij\u00edm\u00e1n\u00ed a poskytov\u00e1n\u00ed zp\u011btn\u00e9 vazby a postupn\u00e9mu pl\u00e1nov\u00e1n\u00ed, tvorb\u011b a \u00faprav vlastn\u00edho textu. \u00da\u010dastn\u00edk\u016fm na\u0161ich kurz\u016f umo\u017e\u0148ujeme, aby pod na\u0161im veden\u00edm a s na\u0161\u00ed zp\u011btnou vazbou postupn\u011b pracovali na sv\u00fdch projektech a u\u010dili se vn\u00edmat texty i z pohledu \u010dten\u00e1\u0159e. <\/p>\n\n\n\n<p>V\u011bt\u0161inu kurz\u016f nab\u00edz\u00edme online, nebo kombinovan\u011b, tzn. st\u0159\u00edd\u00e1me prezen\u010dn\u00ed setk\u00e1n\u00ed se samostatnou prac\u00ed v LMS platform\u011b Moodle. Je to proto, \u017ee pro zdokonalen\u00ed dovednosti ps\u00e1t je t\u0159eba hodn\u011b \u010d\u00edst a ps\u00e1t, a k tomu je pot\u0159eba \u010das, kter\u00fd v setk\u00e1n\u00edch vyu\u017e\u00edv\u00e1me k rozbor\u016fm a diskus\u00edm. <a href=\"https:\/\/ksj.microshop.cz\/en\/?page_id=4176\">P\u0159ehled kurz\u016f zde<\/a>.<\/p>\n\n\n\n<p><\/p>\n\n\n\n<p><\/p>\n\n\n\n<h3 class=\"wp-block-heading\">Individu\u00e1ln\u00ed konzultace<\/h3>\n\n\n\n<p>M\u016f\u017eete se na n\u00e1s obr\u00e1tit s rozepsan\u00fdm textem nebo napl\u00e1novanou prezentac\u00ed o va\u0161em v\u00fdzkumu. V\u0161e s v\u00e1mi projdeme, rozebereme a doporu\u010d\u00edme kroky k dal\u0161\u00edm reviz\u00edm. O pr\u016fb\u011bhu konzultac\u00ed <a href=\"https:\/\/ksj.microshop.cz\/centrum-akademickeho-psani\/\">v\u00edce zde<\/a>.<\/p>\n\n\n\n<p><\/p>\n\n\n\n<h3 class=\"wp-block-heading\">Semin\u00e1\u0159e<\/h3>\n\n\n\n<p>Na\u0161e semin\u00e1\u0159e jsou ur\u010den\u00e9 pro v\u011bdeck\u00e1 pracovi\u0161t\u011b, univerzity a studenty doktorsk\u00fdch i magistersk\u00fdch program\u016f, kte\u0159\u00ed pot\u0159ebuj\u00ed komunikovat v angli\u010dtin\u011b. Semin\u00e1\u0159e jsou velmi prakticky orientovan\u00e9, tak\u017ee si \u00fa\u010dastn\u00edci mnoh\u00e9 strategie vyzkou\u0161\u00ed. V nab\u00eddce m\u00e1me n\u011bkolik t\u00e9mat, ale semin\u00e1\u0159e m\u016f\u017eeme vytvo\u0159it i na m\u00edru, dle konkr\u00e9tn\u00edch po\u017eadavk\u016f. O semin\u00e1\u0159\u00edch <a href=\"\/seminare\">v\u00edce zde<\/a>.<\/p>\n\n\n\n<p><\/p>\n\n\n\n<h2 class=\"wp-block-heading\">Na\u0161e c\u00edle:<\/h2>\n\n\n\n<ul class=\"wp-block-list\">\n<li>uk\u00e1zat, \u017ee v psan\u00ed se lze neust\u00e1le zdokonalovat a \u017ee psan\u00ed je kultivace my\u0161len\u00ed<\/li>\n\n\n\n<li>v\u00e9st klienty k pochopen\u00ed \u017e\u00e1nr\u016f a k p\u0159em\u00fd\u0161len\u00ed o c\u00edlov\u00e9m \u010dten\u00e1\u0159i<\/li>\n\n\n\n<li>propagovat jasn\u00e9, srozumiteln\u00e9 a \u010dtiv\u00e9 psan\u00ed ve v\u011bd\u011b<\/li>\n\n\n\n<li>u\u010dit odborn\u00e9 psan\u00ed smyslupln\u011b, dle inovativn\u00edch pedagogick\u00fdch metod<\/li>\n\n\n\n<li>v\u00e9st klienty k samostatnosti a v\u011bt\u0161\u00ed sebed\u016fv\u011b\u0159e p\u0159i psan\u00ed nebo p\u0159edn\u00e1\u0161en\u00ed v ciz\u00edm jazyce<\/li>\n\n\n\n<li>fungovat jako zdroj u\u017eite\u010dn\u00fdch informac\u00ed t\u00fdkaj\u00edc\u00edch se odborn\u00e9 komunikace v angli\u010dtin\u011b<\/li>\n<\/ul>\n<\/div>\n<\/div>\n\n\n\n<p><\/p>\n<\/div>\n","protected":false},"excerpt":{"rendered":"<p>Od roku 2011 nab\u00edz\u00edme podporu v odborn\u00e9 komunikaci v angli\u010dtin\u011b pro akademick\u00e9 pracovn\u00edky AV \u010cR i \u0161ir\u0161\u00ed ve\u0159ejnost. Psan\u00ed je v \u010desk\u00e9m prost\u0159ed\u00ed opom\u00edjeno. Studenti se ve \u0161kol\u00e1ch u\u010d\u00ed gramatiku a stylistiku, ale nejsou systematicky vedeni k tomu, aby psali s ohledem na \u010dten\u00e1\u0159e a aby se um\u011bli p\u0159izp\u016fsobovat odli\u0161n\u00fdm konvenc\u00edm publika, pro kter\u00e9 p\u00ed\u0161\u00ed. [&hellip;]<\/p>\n","protected":false},"author":1,"featured_media":0,"parent":0,"menu_order":0,"comment_status":"closed","ping_status":"closed","template":"","meta":{"footnotes":""},"categories":[],"tags":[],"class_list":["post-4504","page","type-page","status-publish","hentry"],"acf":[],"yoast_head":"<!-- This site is optimized with the Yoast SEO plugin v27.4 - https:\/\/yoast.com\/product\/yoast-seo-wordpress\/ -->\n<title>EN: Centrum akademick\u00e9ho psan\u00ed (CAP) - Kabinet studia jazyk\u016f<\/title>\n<meta name=\"robots\" content=\"noindex, follow, max-snippet:-1, max-image-preview:large, max-video-preview:-1\" \/>\n<meta property=\"og:locale\" content=\"en_US\" \/>\n<meta property=\"og:type\" content=\"article\" \/>\n<meta property=\"og:title\" content=\"EN: Centrum akademick\u00e9ho psan\u00ed (CAP) - Kabinet studia jazyk\u016f\" \/>\n<meta property=\"og:description\" content=\"Od roku 2011 nab\u00edz\u00edme podporu v odborn\u00e9 komunikaci v angli\u010dtin\u011b pro akademick\u00e9 pracovn\u00edky AV \u010cR i \u0161ir\u0161\u00ed ve\u0159ejnost. Psan\u00ed je v \u010desk\u00e9m prost\u0159ed\u00ed opom\u00edjeno. Studenti se ve \u0161kol\u00e1ch u\u010d\u00ed gramatiku a stylistiku, ale nejsou systematicky vedeni k tomu, aby psali s ohledem na \u010dten\u00e1\u0159e a aby se um\u011bli p\u0159izp\u016fsobovat odli\u0161n\u00fdm konvenc\u00edm publika, pro kter\u00e9 p\u00ed\u0161\u00ed. [&hellip;]\" \/>\n<meta property=\"og:url\" content=\"https:\/\/ksj.microshop.cz\/en\/centrum-akademickeho-psani-cap\/\" \/>\n<meta property=\"og:site_name\" content=\"Kabinet studia jazyk\u016f\" \/>\n<meta property=\"article:modified_time\" content=\"2024-05-31T08:25:53+00:00\" \/>\n<meta property=\"og:image\" content=\"https:\/\/ksj.microshop.cz\/wp-content\/uploads\/2024\/04\/2023-10-24_UJC-Kabinet-jazyku_web-40-683x1024.jpg\" \/>\n<meta name=\"twitter:card\" content=\"summary_large_image\" \/>\n<script type=\"application\/ld+json\" class=\"yoast-schema-graph\">{\"@context\":\"https:\\\/\\\/schema.org\",\"@graph\":[{\"@type\":\"WebPage\",\"@id\":\"https:\\\/\\\/ksj.microshop.cz\\\/en\\\/centrum-akademickeho-psani-cap\\\/\",\"url\":\"https:\\\/\\\/ksj.microshop.cz\\\/en\\\/centrum-akademickeho-psani-cap\\\/\",\"name\":\"EN: Centrum akademick\u00e9ho psan\u00ed (CAP) - Kabinet studia jazyk\u016f\",\"isPartOf\":{\"@id\":\"https:\\\/\\\/ksj.microshop.cz\\\/#website\"},\"primaryImageOfPage\":{\"@id\":\"https:\\\/\\\/ksj.microshop.cz\\\/en\\\/centrum-akademickeho-psani-cap\\\/#primaryimage\"},\"image\":{\"@id\":\"https:\\\/\\\/ksj.microshop.cz\\\/en\\\/centrum-akademickeho-psani-cap\\\/#primaryimage\"},\"thumbnailUrl\":\"https:\\\/\\\/ksj.microshop.cz\\\/wp-content\\\/uploads\\\/2024\\\/04\\\/2023-10-24_UJC-Kabinet-jazyku_web-40-683x1024.jpg\",\"datePublished\":\"2023-06-23T16:15:18+00:00\",\"dateModified\":\"2024-05-31T08:25:53+00:00\",\"breadcrumb\":{\"@id\":\"https:\\\/\\\/ksj.microshop.cz\\\/en\\\/centrum-akademickeho-psani-cap\\\/#breadcrumb\"},\"inLanguage\":\"en-US\",\"potentialAction\":[{\"@type\":\"ReadAction\",\"target\":[\"https:\\\/\\\/ksj.microshop.cz\\\/en\\\/centrum-akademickeho-psani-cap\\\/\"]}]},{\"@type\":\"ImageObject\",\"inLanguage\":\"en-US\",\"@id\":\"https:\\\/\\\/ksj.microshop.cz\\\/en\\\/centrum-akademickeho-psani-cap\\\/#primaryimage\",\"url\":\"https:\\\/\\\/ksj.microshop.cz\\\/wp-content\\\/uploads\\\/2024\\\/04\\\/2023-10-24_UJC-Kabinet-jazyku_web-40-683x1024.jpg\",\"contentUrl\":\"https:\\\/\\\/ksj.microshop.cz\\\/wp-content\\\/uploads\\\/2024\\\/04\\\/2023-10-24_UJC-Kabinet-jazyku_web-40-683x1024.jpg\"},{\"@type\":\"BreadcrumbList\",\"@id\":\"https:\\\/\\\/ksj.microshop.cz\\\/en\\\/centrum-akademickeho-psani-cap\\\/#breadcrumb\",\"itemListElement\":[{\"@type\":\"ListItem\",\"position\":1,\"name\":\"Home\",\"item\":\"https:\\\/\\\/ksj.microshop.cz\\\/\"},{\"@type\":\"ListItem\",\"position\":2,\"name\":\"EN: Centrum akademick\u00e9ho psan\u00ed (CAP)\"}]},{\"@type\":\"WebSite\",\"@id\":\"https:\\\/\\\/ksj.microshop.cz\\\/#website\",\"url\":\"https:\\\/\\\/ksj.microshop.cz\\\/\",\"name\":\"Kabinet studia jazyk\u016f\",\"description\":\"\",\"publisher\":{\"@id\":\"https:\\\/\\\/ksj.microshop.cz\\\/#organization\"},\"potentialAction\":[{\"@type\":\"SearchAction\",\"target\":{\"@type\":\"EntryPoint\",\"urlTemplate\":\"https:\\\/\\\/ksj.microshop.cz\\\/?s={search_term_string}\"},\"query-input\":{\"@type\":\"PropertyValueSpecification\",\"valueRequired\":true,\"valueName\":\"search_term_string\"}}],\"inLanguage\":\"en-US\"},{\"@type\":\"Organization\",\"@id\":\"https:\\\/\\\/ksj.microshop.cz\\\/#organization\",\"name\":\"Kabinet studia jazyk\u016f\",\"url\":\"https:\\\/\\\/ksj.microshop.cz\\\/\",\"logo\":{\"@type\":\"ImageObject\",\"inLanguage\":\"en-US\",\"@id\":\"https:\\\/\\\/ksj.microshop.cz\\\/#\\\/schema\\\/logo\\\/image\\\/\",\"url\":\"https:\\\/\\\/ksj.microshop.cz\\\/wp-content\\\/uploads\\\/2023\\\/04\\\/ksj-logo.svg\",\"contentUrl\":\"https:\\\/\\\/ksj.microshop.cz\\\/wp-content\\\/uploads\\\/2023\\\/04\\\/ksj-logo.svg\",\"width\":55,\"height\":63,\"caption\":\"Kabinet studia jazyk\u016f\"},\"image\":{\"@id\":\"https:\\\/\\\/ksj.microshop.cz\\\/#\\\/schema\\\/logo\\\/image\\\/\"}}]}<\/script>\n<!-- \/ Yoast SEO plugin. -->","yoast_head_json":{"title":"EN: Centrum akademick\u00e9ho psan\u00ed (CAP) - Kabinet studia jazyk\u016f","robots":{"index":"noindex","follow":"follow","max-snippet":"max-snippet:-1","max-image-preview":"max-image-preview:large","max-video-preview":"max-video-preview:-1"},"og_locale":"en_US","og_type":"article","og_title":"EN: Centrum akademick\u00e9ho psan\u00ed (CAP) - Kabinet studia jazyk\u016f","og_description":"Od roku 2011 nab\u00edz\u00edme podporu v odborn\u00e9 komunikaci v angli\u010dtin\u011b pro akademick\u00e9 pracovn\u00edky AV \u010cR i \u0161ir\u0161\u00ed ve\u0159ejnost. Psan\u00ed je v \u010desk\u00e9m prost\u0159ed\u00ed opom\u00edjeno. Studenti se ve \u0161kol\u00e1ch u\u010d\u00ed gramatiku a stylistiku, ale nejsou systematicky vedeni k tomu, aby psali s ohledem na \u010dten\u00e1\u0159e a aby se um\u011bli p\u0159izp\u016fsobovat odli\u0161n\u00fdm konvenc\u00edm publika, pro kter\u00e9 p\u00ed\u0161\u00ed. [&hellip;]","og_url":"https:\/\/ksj.microshop.cz\/en\/centrum-akademickeho-psani-cap\/","og_site_name":"Kabinet studia jazyk\u016f","article_modified_time":"2024-05-31T08:25:53+00:00","og_image":[{"url":"https:\/\/ksj.microshop.cz\/wp-content\/uploads\/2024\/04\/2023-10-24_UJC-Kabinet-jazyku_web-40-683x1024.jpg","type":"","width":"","height":""}],"twitter_card":"summary_large_image","schema":{"@context":"https:\/\/schema.org","@graph":[{"@type":"WebPage","@id":"https:\/\/ksj.microshop.cz\/en\/centrum-akademickeho-psani-cap\/","url":"https:\/\/ksj.microshop.cz\/en\/centrum-akademickeho-psani-cap\/","name":"EN: Centrum akademick\u00e9ho psan\u00ed (CAP) - Kabinet studia jazyk\u016f","isPartOf":{"@id":"https:\/\/ksj.microshop.cz\/#website"},"primaryImageOfPage":{"@id":"https:\/\/ksj.microshop.cz\/en\/centrum-akademickeho-psani-cap\/#primaryimage"},"image":{"@id":"https:\/\/ksj.microshop.cz\/en\/centrum-akademickeho-psani-cap\/#primaryimage"},"thumbnailUrl":"https:\/\/ksj.microshop.cz\/wp-content\/uploads\/2024\/04\/2023-10-24_UJC-Kabinet-jazyku_web-40-683x1024.jpg","datePublished":"2023-06-23T16:15:18+00:00","dateModified":"2024-05-31T08:25:53+00:00","breadcrumb":{"@id":"https:\/\/ksj.microshop.cz\/en\/centrum-akademickeho-psani-cap\/#breadcrumb"},"inLanguage":"en-US","potentialAction":[{"@type":"ReadAction","target":["https:\/\/ksj.microshop.cz\/en\/centrum-akademickeho-psani-cap\/"]}]},{"@type":"ImageObject","inLanguage":"en-US","@id":"https:\/\/ksj.microshop.cz\/en\/centrum-akademickeho-psani-cap\/#primaryimage","url":"https:\/\/ksj.microshop.cz\/wp-content\/uploads\/2024\/04\/2023-10-24_UJC-Kabinet-jazyku_web-40-683x1024.jpg","contentUrl":"https:\/\/ksj.microshop.cz\/wp-content\/uploads\/2024\/04\/2023-10-24_UJC-Kabinet-jazyku_web-40-683x1024.jpg"},{"@type":"BreadcrumbList","@id":"https:\/\/ksj.microshop.cz\/en\/centrum-akademickeho-psani-cap\/#breadcrumb","itemListElement":[{"@type":"ListItem","position":1,"name":"Home","item":"https:\/\/ksj.microshop.cz\/"},{"@type":"ListItem","position":2,"name":"EN: Centrum akademick\u00e9ho psan\u00ed (CAP)"}]},{"@type":"WebSite","@id":"https:\/\/ksj.microshop.cz\/#website","url":"https:\/\/ksj.microshop.cz\/","name":"Kabinet studia jazyk\u016f","description":"","publisher":{"@id":"https:\/\/ksj.microshop.cz\/#organization"},"potentialAction":[{"@type":"SearchAction","target":{"@type":"EntryPoint","urlTemplate":"https:\/\/ksj.microshop.cz\/?s={search_term_string}"},"query-input":{"@type":"PropertyValueSpecification","valueRequired":true,"valueName":"search_term_string"}}],"inLanguage":"en-US"},{"@type":"Organization","@id":"https:\/\/ksj.microshop.cz\/#organization","name":"Kabinet studia jazyk\u016f","url":"https:\/\/ksj.microshop.cz\/","logo":{"@type":"ImageObject","inLanguage":"en-US","@id":"https:\/\/ksj.microshop.cz\/#\/schema\/logo\/image\/","url":"https:\/\/ksj.microshop.cz\/wp-content\/uploads\/2023\/04\/ksj-logo.svg","contentUrl":"https:\/\/ksj.microshop.cz\/wp-content\/uploads\/2023\/04\/ksj-logo.svg","width":55,"height":63,"caption":"Kabinet studia jazyk\u016f"},"image":{"@id":"https:\/\/ksj.microshop.cz\/#\/schema\/logo\/image\/"}}]}},"_links":{"self":[{"href":"https:\/\/ksj.microshop.cz\/en\/wp-json\/wp\/v2\/pages\/4504","targetHints":{"allow":["GET"]}}],"collection":[{"href":"https:\/\/ksj.microshop.cz\/en\/wp-json\/wp\/v2\/pages"}],"about":[{"href":"https:\/\/ksj.microshop.cz\/en\/wp-json\/wp\/v2\/types\/page"}],"author":[{"embeddable":true,"href":"https:\/\/ksj.microshop.cz\/en\/wp-json\/wp\/v2\/users\/1"}],"replies":[{"embeddable":true,"href":"https:\/\/ksj.microshop.cz\/en\/wp-json\/wp\/v2\/comments?post=4504"}],"version-history":[{"count":1,"href":"https:\/\/ksj.microshop.cz\/en\/wp-json\/wp\/v2\/pages\/4504\/revisions"}],"predecessor-version":[{"id":4505,"href":"https:\/\/ksj.microshop.cz\/en\/wp-json\/wp\/v2\/pages\/4504\/revisions\/4505"}],"wp:attachment":[{"href":"https:\/\/ksj.microshop.cz\/en\/wp-json\/wp\/v2\/media?parent=4504"}],"wp:term":[{"taxonomy":"category","embeddable":true,"href":"https:\/\/ksj.microshop.cz\/en\/wp-json\/wp\/v2\/categories?post=4504"},{"taxonomy":"post_tag","embeddable":true,"href":"https:\/\/ksj.microshop.cz\/en\/wp-json\/wp\/v2\/tags?post=4504"}],"curies":[{"name":"wp","href":"https:\/\/api.w.org\/{rel}","templated":true}]}}