{"id":2875,"date":"2024-03-21T11:05:44","date_gmt":"2024-03-21T11:05:44","guid":{"rendered":"https:\/\/ksj.microshop.cz\/?page_id=2875"},"modified":"2024-05-02T19:31:23","modified_gmt":"2024-05-02T19:31:23","slug":"kurzy-akademickeho-psani","status":"publish","type":"page","link":"https:\/\/ksj.microshop.cz\/en\/kurzy-akademickeho-psani\/","title":{"rendered":"Kurzy Centra akademick\u00e9ho psan\u00ed"},"content":{"rendered":"\n<div class=\"wp-block-columns is-layout-flex wp-container-core-columns-is-layout-9d6595d7 wp-block-columns-is-layout-flex\">\n<div class=\"wp-block-column is-layout-flow wp-block-column-is-layout-flow\" style=\"flex-basis:100%\">\n<figure class=\"wp-block-table\"><table><tbody><tr><td>asd\u00a7\u016fwerpoi kl\u016fa\u00a7sdf\u00fapowierkl\u016f\u00a7 a\u00fapsodif\u00a7\u016fwlka\u00a7e\u016fri\u00fawopea k kas\u00a7d\u016ffi kwpoeirk posdkf\u00a7 \u016flkqwpeori\u00a7\u016falsdkf\u00a7\u00fap oiwe\u016flrk\u00a7a\u016flkw\u00a7paosdfkl\u016f\u00a7pqowierkl\u016f\u00a7s\u00fapoikl\u016f\u00a7vp<\/td><td><img loading=\"lazy\" decoding=\"async\" width=\"150\" height=\"100\" class=\"wp-image-3134\" style=\"width: 150px;\" src=\"https:\/\/ksj.microshop.cz\/wp-content\/uploads\/2024\/04\/2023-10-24_UJC-Kabinet-jazyku_web-109.jpg\" alt=\"\" srcset=\"https:\/\/ksj.microshop.cz\/wp-content\/uploads\/2024\/04\/2023-10-24_UJC-Kabinet-jazyku_web-109.jpg 2048w, https:\/\/ksj.microshop.cz\/wp-content\/uploads\/2024\/04\/2023-10-24_UJC-Kabinet-jazyku_web-109-300x200.jpg 300w, https:\/\/ksj.microshop.cz\/wp-content\/uploads\/2024\/04\/2023-10-24_UJC-Kabinet-jazyku_web-109-1024x683.jpg 1024w, https:\/\/ksj.microshop.cz\/wp-content\/uploads\/2024\/04\/2023-10-24_UJC-Kabinet-jazyku_web-109-768x512.jpg 768w, https:\/\/ksj.microshop.cz\/wp-content\/uploads\/2024\/04\/2023-10-24_UJC-Kabinet-jazyku_web-109-1536x1024.jpg 1536w\" sizes=\"auto, (max-width: 150px) 100vw, 150px\" \/><\/td><\/tr><tr><td><\/td><td>asowierym aslkdfjwoieur\u016flknjk oiasdfkwel\u016fr <\/td><\/tr><\/tbody><\/table><figcaption class=\"wp-element-caption\">Test<\/figcaption><\/figure>\n<\/div>\n<\/div>\n\n\n\n<div class=\"wp-block-columns is-layout-flex wp-container-core-columns-is-layout-9d6595d7 wp-block-columns-is-layout-flex\">\n<div class=\"wp-block-column is-layout-flow wp-block-column-is-layout-flow\" style=\"flex-basis:100%\">\n<figure class=\"wp-block-gallery has-nested-images columns-default is-cropped wp-block-gallery-1 is-layout-flex wp-block-gallery-is-layout-flex\">\n<figure class=\"wp-block-image size-large\"><img loading=\"lazy\" decoding=\"async\" width=\"683\" height=\"1024\" data-id=\"3120\" src=\"https:\/\/ksj.microshop.cz\/wp-content\/uploads\/2024\/04\/2023-10-24_UJC-Kabinet-jazyku_web-112-683x1024.jpg\" alt=\"\" class=\"wp-image-3120\" srcset=\"https:\/\/ksj.microshop.cz\/wp-content\/uploads\/2024\/04\/2023-10-24_UJC-Kabinet-jazyku_web-112-683x1024.jpg 683w, https:\/\/ksj.microshop.cz\/wp-content\/uploads\/2024\/04\/2023-10-24_UJC-Kabinet-jazyku_web-112-200x300.jpg 200w, https:\/\/ksj.microshop.cz\/wp-content\/uploads\/2024\/04\/2023-10-24_UJC-Kabinet-jazyku_web-112-768x1152.jpg 768w, https:\/\/ksj.microshop.cz\/wp-content\/uploads\/2024\/04\/2023-10-24_UJC-Kabinet-jazyku_web-112-1024x1536.jpg 1024w, https:\/\/ksj.microshop.cz\/wp-content\/uploads\/2024\/04\/2023-10-24_UJC-Kabinet-jazyku_web-112.jpg 1365w\" sizes=\"auto, (max-width: 683px) 100vw, 683px\" \/><\/figure>\n\n\n\n<figure class=\"wp-block-image size-large\"><img loading=\"lazy\" decoding=\"async\" width=\"1024\" height=\"683\" data-id=\"3110\" src=\"https:\/\/ksj.microshop.cz\/wp-content\/uploads\/2024\/04\/2023-10-24_UJC-Kabinet-jazyku_web-27-1024x683.jpg\" alt=\"\" class=\"wp-image-3110\" srcset=\"https:\/\/ksj.microshop.cz\/wp-content\/uploads\/2024\/04\/2023-10-24_UJC-Kabinet-jazyku_web-27-1024x683.jpg 1024w, https:\/\/ksj.microshop.cz\/wp-content\/uploads\/2024\/04\/2023-10-24_UJC-Kabinet-jazyku_web-27-300x200.jpg 300w, https:\/\/ksj.microshop.cz\/wp-content\/uploads\/2024\/04\/2023-10-24_UJC-Kabinet-jazyku_web-27-768x512.jpg 768w, https:\/\/ksj.microshop.cz\/wp-content\/uploads\/2024\/04\/2023-10-24_UJC-Kabinet-jazyku_web-27-1536x1024.jpg 1536w, https:\/\/ksj.microshop.cz\/wp-content\/uploads\/2024\/04\/2023-10-24_UJC-Kabinet-jazyku_web-27.jpg 2048w\" sizes=\"auto, (max-width: 1024px) 100vw, 1024px\" \/><\/figure>\n<\/figure>\n<\/div>\n<\/div>\n\n\n\n<div class=\"wp-block-cover alignfull wp-duotone-rgb4448102-ffb23d-2\" style=\"margin-top:0;padding-top:4vw;padding-right:4vw;padding-bottom:4vw;padding-left:4vw;min-height:50vh;aspect-ratio:unset;\"><span aria-hidden=\"true\" class=\"wp-block-cover__background has-background-dim-90 has-background-dim\" style=\"background-color:#2c3066\"><\/span><img decoding=\"async\" class=\"wp-block-cover__image-background wp-image-334\" alt=\"\" src=\"https:\/\/pd.w.org\/2022\/01\/2661f82cd1ba9172.16386413.jpg\" data-object-fit=\"cover\"\/><div class=\"wp-block-cover__inner-container is-layout-flow wp-block-cover-is-layout-flow\">\n<div class=\"wp-block-group is-layout-flow wp-block-group-is-layout-flow\">\n<p class=\"has-text-align-center has-text-color\" style=\"color:#ffb23d;font-size:160px;font-style:normal;font-weight:700;letter-spacing:-2px;line-height:0.9;text-transform:uppercase\">test<\/p>\n\n\n\n<p class=\"has-text-align-center has-text-color\" style=\"color:#ffb23d;font-size:160px;font-style:normal;font-weight:700;letter-spacing:-2px;line-height:0.9;text-transform:uppercase\">+1234<\/p>\n\n\n\n<div style=\"height:48px\" aria-hidden=\"true\" class=\"wp-block-spacer\"><\/div>\n<\/div>\n<\/div><\/div>\n","protected":false},"excerpt":{"rendered":"<p>asd\u00a7\u016fwerpoi kl\u016fa\u00a7sdf\u00fapowierkl\u016f\u00a7 a\u00fapsodif\u00a7\u016fwlka\u00a7e\u016fri\u00fawopea k kas\u00a7d\u016ffi kwpoeirk posdkf\u00a7 \u016flkqwpeori\u00a7\u016falsdkf\u00a7\u00fap oiwe\u016flrk\u00a7a\u016flkw\u00a7paosdfkl\u016f\u00a7pqowierkl\u016f\u00a7s\u00fapoikl\u016f\u00a7vp asowierym aslkdfjwoieur\u016flknjk oiasdfkwel\u016fr Test<\/p>\n","protected":false},"author":1,"featured_media":0,"parent":0,"menu_order":0,"comment_status":"closed","ping_status":"closed","template":"","meta":{"footnotes":""},"categories":[],"tags":[],"class_list":["post-2875","page","type-page","status-publish","hentry"],"acf":[],"yoast_head":"<!-- This site is optimized with the Yoast SEO plugin v27.4 - https:\/\/yoast.com\/product\/yoast-seo-wordpress\/ -->\n<title>Kurzy Centra akademick\u00e9ho psan\u00ed - Kabinet studia jazyk\u016f<\/title>\n<meta name=\"robots\" content=\"noindex, follow, max-snippet:-1, max-image-preview:large, max-video-preview:-1\" \/>\n<meta property=\"og:locale\" content=\"en_US\" \/>\n<meta property=\"og:type\" content=\"article\" \/>\n<meta property=\"og:title\" content=\"Kurzy Centra akademick\u00e9ho psan\u00ed - Kabinet studia jazyk\u016f\" \/>\n<meta property=\"og:description\" content=\"asd\u00a7\u016fwerpoi kl\u016fa\u00a7sdf\u00fapowierkl\u016f\u00a7 a\u00fapsodif\u00a7\u016fwlka\u00a7e\u016fri\u00fawopea k kas\u00a7d\u016ffi kwpoeirk posdkf\u00a7 \u016flkqwpeori\u00a7\u016falsdkf\u00a7\u00fap oiwe\u016flrk\u00a7a\u016flkw\u00a7paosdfkl\u016f\u00a7pqowierkl\u016f\u00a7s\u00fapoikl\u016f\u00a7vp asowierym aslkdfjwoieur\u016flknjk oiasdfkwel\u016fr Test\" \/>\n<meta property=\"og:url\" content=\"https:\/\/ksj.microshop.cz\/kurzy-akademickeho-psani\/\" \/>\n<meta property=\"og:site_name\" content=\"Kabinet studia jazyk\u016f\" \/>\n<meta property=\"article:modified_time\" content=\"2024-05-02T19:31:23+00:00\" \/>\n<meta property=\"og:image\" content=\"https:\/\/ksj.microshop.cz\/wp-content\/uploads\/2024\/04\/2023-10-24_UJC-Kabinet-jazyku_web-109.jpg\" \/>\n<meta name=\"twitter:card\" content=\"summary_large_image\" \/>\n<meta name=\"twitter:label1\" content=\"Est. reading time\" \/>\n\t<meta name=\"twitter:data1\" content=\"1 minute\" \/>\n<script type=\"application\/ld+json\" class=\"yoast-schema-graph\">{\"@context\":\"https:\\\/\\\/schema.org\",\"@graph\":[{\"@type\":\"WebPage\",\"@id\":\"https:\\\/\\\/ksj.microshop.cz\\\/kurzy-akademickeho-psani\\\/\",\"url\":\"https:\\\/\\\/ksj.microshop.cz\\\/kurzy-akademickeho-psani\\\/\",\"name\":\"Kurzy Centra akademick\u00e9ho psan\u00ed - Kabinet studia jazyk\u016f\",\"isPartOf\":{\"@id\":\"https:\\\/\\\/ksj.microshop.cz\\\/#website\"},\"primaryImageOfPage\":{\"@id\":\"https:\\\/\\\/ksj.microshop.cz\\\/kurzy-akademickeho-psani\\\/#primaryimage\"},\"image\":{\"@id\":\"https:\\\/\\\/ksj.microshop.cz\\\/kurzy-akademickeho-psani\\\/#primaryimage\"},\"thumbnailUrl\":\"https:\\\/\\\/ksj.microshop.cz\\\/wp-content\\\/uploads\\\/2024\\\/04\\\/2023-10-24_UJC-Kabinet-jazyku_web-109.jpg\",\"datePublished\":\"2024-03-21T11:05:44+00:00\",\"dateModified\":\"2024-05-02T19:31:23+00:00\",\"breadcrumb\":{\"@id\":\"https:\\\/\\\/ksj.microshop.cz\\\/kurzy-akademickeho-psani\\\/#breadcrumb\"},\"inLanguage\":\"en-US\",\"potentialAction\":[{\"@type\":\"ReadAction\",\"target\":[\"https:\\\/\\\/ksj.microshop.cz\\\/kurzy-akademickeho-psani\\\/\"]}]},{\"@type\":\"ImageObject\",\"inLanguage\":\"en-US\",\"@id\":\"https:\\\/\\\/ksj.microshop.cz\\\/kurzy-akademickeho-psani\\\/#primaryimage\",\"url\":\"https:\\\/\\\/ksj.microshop.cz\\\/wp-content\\\/uploads\\\/2024\\\/04\\\/2023-10-24_UJC-Kabinet-jazyku_web-109.jpg\",\"contentUrl\":\"https:\\\/\\\/ksj.microshop.cz\\\/wp-content\\\/uploads\\\/2024\\\/04\\\/2023-10-24_UJC-Kabinet-jazyku_web-109.jpg\"},{\"@type\":\"BreadcrumbList\",\"@id\":\"https:\\\/\\\/ksj.microshop.cz\\\/kurzy-akademickeho-psani\\\/#breadcrumb\",\"itemListElement\":[{\"@type\":\"ListItem\",\"position\":1,\"name\":\"Home\",\"item\":\"https:\\\/\\\/ksj.microshop.cz\\\/\"},{\"@type\":\"ListItem\",\"position\":2,\"name\":\"Kurzy Centra akademick\u00e9ho psan\u00ed\"}]},{\"@type\":\"WebSite\",\"@id\":\"https:\\\/\\\/ksj.microshop.cz\\\/#website\",\"url\":\"https:\\\/\\\/ksj.microshop.cz\\\/\",\"name\":\"Kabinet studia jazyk\u016f\",\"description\":\"\",\"publisher\":{\"@id\":\"https:\\\/\\\/ksj.microshop.cz\\\/#organization\"},\"potentialAction\":[{\"@type\":\"SearchAction\",\"target\":{\"@type\":\"EntryPoint\",\"urlTemplate\":\"https:\\\/\\\/ksj.microshop.cz\\\/?s={search_term_string}\"},\"query-input\":{\"@type\":\"PropertyValueSpecification\",\"valueRequired\":true,\"valueName\":\"search_term_string\"}}],\"inLanguage\":\"en-US\"},{\"@type\":\"Organization\",\"@id\":\"https:\\\/\\\/ksj.microshop.cz\\\/#organization\",\"name\":\"Kabinet studia jazyk\u016f\",\"url\":\"https:\\\/\\\/ksj.microshop.cz\\\/\",\"logo\":{\"@type\":\"ImageObject\",\"inLanguage\":\"en-US\",\"@id\":\"https:\\\/\\\/ksj.microshop.cz\\\/#\\\/schema\\\/logo\\\/image\\\/\",\"url\":\"https:\\\/\\\/ksj.microshop.cz\\\/wp-content\\\/uploads\\\/2023\\\/04\\\/ksj-logo.svg\",\"contentUrl\":\"https:\\\/\\\/ksj.microshop.cz\\\/wp-content\\\/uploads\\\/2023\\\/04\\\/ksj-logo.svg\",\"width\":55,\"height\":63,\"caption\":\"Kabinet studia jazyk\u016f\"},\"image\":{\"@id\":\"https:\\\/\\\/ksj.microshop.cz\\\/#\\\/schema\\\/logo\\\/image\\\/\"}}]}<\/script>\n<!-- \/ Yoast SEO plugin. -->","yoast_head_json":{"title":"Kurzy Centra akademick\u00e9ho psan\u00ed - Kabinet studia jazyk\u016f","robots":{"index":"noindex","follow":"follow","max-snippet":"max-snippet:-1","max-image-preview":"max-image-preview:large","max-video-preview":"max-video-preview:-1"},"og_locale":"en_US","og_type":"article","og_title":"Kurzy Centra akademick\u00e9ho psan\u00ed - Kabinet studia jazyk\u016f","og_description":"asd\u00a7\u016fwerpoi kl\u016fa\u00a7sdf\u00fapowierkl\u016f\u00a7 a\u00fapsodif\u00a7\u016fwlka\u00a7e\u016fri\u00fawopea k kas\u00a7d\u016ffi kwpoeirk posdkf\u00a7 \u016flkqwpeori\u00a7\u016falsdkf\u00a7\u00fap oiwe\u016flrk\u00a7a\u016flkw\u00a7paosdfkl\u016f\u00a7pqowierkl\u016f\u00a7s\u00fapoikl\u016f\u00a7vp asowierym aslkdfjwoieur\u016flknjk oiasdfkwel\u016fr Test","og_url":"https:\/\/ksj.microshop.cz\/kurzy-akademickeho-psani\/","og_site_name":"Kabinet studia jazyk\u016f","article_modified_time":"2024-05-02T19:31:23+00:00","og_image":[{"url":"https:\/\/ksj.microshop.cz\/wp-content\/uploads\/2024\/04\/2023-10-24_UJC-Kabinet-jazyku_web-109.jpg","type":"","width":"","height":""}],"twitter_card":"summary_large_image","twitter_misc":{"Est. reading time":"1 minute"},"schema":{"@context":"https:\/\/schema.org","@graph":[{"@type":"WebPage","@id":"https:\/\/ksj.microshop.cz\/kurzy-akademickeho-psani\/","url":"https:\/\/ksj.microshop.cz\/kurzy-akademickeho-psani\/","name":"Kurzy Centra akademick\u00e9ho psan\u00ed - Kabinet studia jazyk\u016f","isPartOf":{"@id":"https:\/\/ksj.microshop.cz\/#website"},"primaryImageOfPage":{"@id":"https:\/\/ksj.microshop.cz\/kurzy-akademickeho-psani\/#primaryimage"},"image":{"@id":"https:\/\/ksj.microshop.cz\/kurzy-akademickeho-psani\/#primaryimage"},"thumbnailUrl":"https:\/\/ksj.microshop.cz\/wp-content\/uploads\/2024\/04\/2023-10-24_UJC-Kabinet-jazyku_web-109.jpg","datePublished":"2024-03-21T11:05:44+00:00","dateModified":"2024-05-02T19:31:23+00:00","breadcrumb":{"@id":"https:\/\/ksj.microshop.cz\/kurzy-akademickeho-psani\/#breadcrumb"},"inLanguage":"en-US","potentialAction":[{"@type":"ReadAction","target":["https:\/\/ksj.microshop.cz\/kurzy-akademickeho-psani\/"]}]},{"@type":"ImageObject","inLanguage":"en-US","@id":"https:\/\/ksj.microshop.cz\/kurzy-akademickeho-psani\/#primaryimage","url":"https:\/\/ksj.microshop.cz\/wp-content\/uploads\/2024\/04\/2023-10-24_UJC-Kabinet-jazyku_web-109.jpg","contentUrl":"https:\/\/ksj.microshop.cz\/wp-content\/uploads\/2024\/04\/2023-10-24_UJC-Kabinet-jazyku_web-109.jpg"},{"@type":"BreadcrumbList","@id":"https:\/\/ksj.microshop.cz\/kurzy-akademickeho-psani\/#breadcrumb","itemListElement":[{"@type":"ListItem","position":1,"name":"Home","item":"https:\/\/ksj.microshop.cz\/"},{"@type":"ListItem","position":2,"name":"Kurzy Centra akademick\u00e9ho psan\u00ed"}]},{"@type":"WebSite","@id":"https:\/\/ksj.microshop.cz\/#website","url":"https:\/\/ksj.microshop.cz\/","name":"Kabinet studia jazyk\u016f","description":"","publisher":{"@id":"https:\/\/ksj.microshop.cz\/#organization"},"potentialAction":[{"@type":"SearchAction","target":{"@type":"EntryPoint","urlTemplate":"https:\/\/ksj.microshop.cz\/?s={search_term_string}"},"query-input":{"@type":"PropertyValueSpecification","valueRequired":true,"valueName":"search_term_string"}}],"inLanguage":"en-US"},{"@type":"Organization","@id":"https:\/\/ksj.microshop.cz\/#organization","name":"Kabinet studia jazyk\u016f","url":"https:\/\/ksj.microshop.cz\/","logo":{"@type":"ImageObject","inLanguage":"en-US","@id":"https:\/\/ksj.microshop.cz\/#\/schema\/logo\/image\/","url":"https:\/\/ksj.microshop.cz\/wp-content\/uploads\/2023\/04\/ksj-logo.svg","contentUrl":"https:\/\/ksj.microshop.cz\/wp-content\/uploads\/2023\/04\/ksj-logo.svg","width":55,"height":63,"caption":"Kabinet studia jazyk\u016f"},"image":{"@id":"https:\/\/ksj.microshop.cz\/#\/schema\/logo\/image\/"}}]}},"_links":{"self":[{"href":"https:\/\/ksj.microshop.cz\/en\/wp-json\/wp\/v2\/pages\/2875","targetHints":{"allow":["GET"]}}],"collection":[{"href":"https:\/\/ksj.microshop.cz\/en\/wp-json\/wp\/v2\/pages"}],"about":[{"href":"https:\/\/ksj.microshop.cz\/en\/wp-json\/wp\/v2\/types\/page"}],"author":[{"embeddable":true,"href":"https:\/\/ksj.microshop.cz\/en\/wp-json\/wp\/v2\/users\/1"}],"replies":[{"embeddable":true,"href":"https:\/\/ksj.microshop.cz\/en\/wp-json\/wp\/v2\/comments?post=2875"}],"version-history":[{"count":5,"href":"https:\/\/ksj.microshop.cz\/en\/wp-json\/wp\/v2\/pages\/2875\/revisions"}],"predecessor-version":[{"id":3715,"href":"https:\/\/ksj.microshop.cz\/en\/wp-json\/wp\/v2\/pages\/2875\/revisions\/3715"}],"wp:attachment":[{"href":"https:\/\/ksj.microshop.cz\/en\/wp-json\/wp\/v2\/media?parent=2875"}],"wp:term":[{"taxonomy":"category","embeddable":true,"href":"https:\/\/ksj.microshop.cz\/en\/wp-json\/wp\/v2\/categories?post=2875"},{"taxonomy":"post_tag","embeddable":true,"href":"https:\/\/ksj.microshop.cz\/en\/wp-json\/wp\/v2\/tags?post=2875"}],"curies":[{"name":"wp","href":"https:\/\/api.w.org\/{rel}","templated":true}]}}