{"id":2729,"date":"2024-01-31T20:03:58","date_gmt":"2024-01-31T20:03:58","guid":{"rendered":"https:\/\/ksj.microshop.cz\/?page_id=2729"},"modified":"2024-05-30T07:17:22","modified_gmt":"2024-05-30T07:17:22","slug":"o-studiu","status":"publish","type":"page","link":"https:\/\/ksj.microshop.cz\/en\/o-studiu\/","title":{"rendered":"O studiu"},"content":{"rendered":"\n<h2 class=\"wp-block-heading\" id=\"harmonogram\">Harmonogram \u0161koln\u00edho roku 2024\/25<\/h2>\n\n\n\n<ul class=\"wp-block-list\">\n<li><strong>16. 9.&nbsp;2024 &#8211; 20. 12.&nbsp;2024<\/strong>&nbsp;v\u00fduka 1.&nbsp;semestr v&nbsp;roce 2024 (POZOR&nbsp;&#8211; n\u011bkter\u00e9 kurzy za\u010d\u00ednaj\u00ed pozd\u011bji, nap\u0159. v \u0159\u00edjnu, v p\u0159ihla\u0161ovac\u00ed aplikaci si p\u0159ekontrolujte, kdy za\u010d\u00edn\u00e1 V\u00e1\u0161 kurz)<\/li>\n\n\n\n<li><strong>6. 1. 2025 &#8211; 31. 1.&nbsp;2025<\/strong>&nbsp;v\u00fduka 1.&nbsp;semestr v&nbsp;roce 2025<\/li>\n\n\n\n<li><strong>3. 2. 2025 &#8211; 7. 2.&nbsp;2025<\/strong>&nbsp;v\u00fduka se&nbsp;nekon\u00e1 (pauza mezi semestry)<\/li>\n\n\n\n<li><strong>10. 2.&nbsp;2025 &#8211; 15. 6.&nbsp;2025<\/strong>&nbsp;v\u00fduka 2.&nbsp;semestr v&nbsp;roce 2025<\/li>\n<\/ul>\n\n\n\n<p><\/p>\n\n\n\n<h2 class=\"wp-block-heading\" id=\"cenik\">Cen\u00edk<\/h2>\n\n\n\n<p>Prohl\u00e9dn\u011bte\u00a0si\u00a0<a href=\"https:\/\/ksj.microshop.cz\/wp-content\/uploads\/2024\/01\/Cenik_2023_2024.pdf\" target=\"_blank\" rel=\"noreferrer noopener\">aktu\u00e1ln\u00ed cen\u00edk pro \u0161koln\u00ed rok\u00a02024\/25<\/a><\/p>\n\n\n\n<p>Dotazy k&nbsp;platb\u00e1m:&nbsp;<a href=\"https:\/\/web.archive.org\/web\/20231213210237\/mailto:martynkova@langdpt.cas.cz\">martynkova@langdpt.cas.cz<\/a><\/p>\n\n\n\n<p>\u010c\u00edslo \u00fa\u010dtu:&nbsp;<strong>987654386\/5500<\/strong><\/p>\n\n\n\n<p><strong>Kurzy pro ve\u0159ejnost&nbsp;<\/strong>nab\u00edz\u00edme pouze&nbsp;na dopln\u011bn\u00ed voln\u00e9 kapacity kurz\u016f pro zam\u011bstnance AV \u010cR s omezen\u00fdmi mo\u017enostmi v\u00fdb\u011bru term\u00ednu kon\u00e1n\u00ed kurzu.&nbsp;<\/p>\n\n\n\n<p><\/p>\n\n\n\n<h2 class=\"wp-block-heading\" id=\"pravidla\">Pravidla a&nbsp;podm\u00ednky studia<\/h2>\n\n\n\n<p>P\u0159e\u010dt\u011bte&nbsp;si&nbsp;<a href=\"https:\/\/ksj.microshop.cz\/wp-content\/uploads\/2024\/01\/Pravidla-a-podminky-studia-22-23.pdf\" target=\"_blank\" rel=\"noreferrer noopener\">aktu\u00e1ln\u00ed pravidla a&nbsp;podm\u00ednky studia<\/a>.<\/p>\n\n\n\n<p><\/p>\n\n\n\n<p><\/p>\n\n\n\n<h2 class=\"wp-block-heading\" id=\"struktura\">Struktura v\u00fduky<\/h2>\n\n\n\n<p><strong>Organizace:<\/strong>&nbsp;V\u00fduka je organizov\u00e1na po semestrech. Kurzy&nbsp;se konaj\u00ed prezen\u010dn\u011b nebo online, p\u0159\u00edp. kombinovan\u011b (tedy st\u0159\u00edd\u00e1 se prezen\u010dn\u00ed v\u00fduka s v\u00fdukou online), a to zpravidla:<\/p>\n\n\n\n<ul class=\"wp-block-list\">\n<li>1x&nbsp;t\u00fddn\u011b po 90 minut\u00e1ch (obecn\u00e9 a&nbsp;odborn\u00e9 kurzy), nebo&nbsp; <\/li>\n\n\n\n<li>2x&nbsp;t\u00fddn\u011b po 90&nbsp;minut\u00e1ch (zkou\u0161kov\u00e9 kurzy zam\u011b\u0159en\u00e9 na p\u0159\u00edpravu ke zkou\u0161k\u00e1m B2-First, C1-Advanced). <\/li>\n\n\n\n<li>Kombinovan\u00e9 kurzy prob\u00edhaj\u00ed online nebo \u010d\u00e1ste\u010dn\u011b online, dle specifik konkr\u00e9tn\u00edho kurzu.<\/li>\n<\/ul>\n\n\n\n<p><strong>M\u00edsto:<\/strong>&nbsp;Prezen\u010dn\u00ed kurzy prob\u00edhaj\u00ed v&nbsp;Praze a v Brn\u011b. Praha: Kabinetu studia jazyk\u016f na adrese Pod Vod\u00e1renskou v\u011b\u017e\u00ed 2, Praha 8. V Brn\u011b na r\u016fzn\u00fdch m\u00edstech dle aktu\u00e1ln\u00edho rozvrhu.<\/p>\n\n\n\n<p><strong>Skupiny:<\/strong>&nbsp;Jazykov\u00e1 v\u00fduka prob\u00edh\u00e1 ve skupin\u00e1ch o&nbsp;8-12 poslucha\u010d\u00edch v&nbsp;u\u010debn\u00e1ch vybaven\u00fdch modern\u00ed v\u00fdukovou technikou <\/p>\n\n\n\n<p><strong>U\u010debnice:<\/strong>&nbsp;U\u010debnice si po\u0159izujete a\u017e po dohod\u011b s lektorem na prvn\u00ed hodin\u011b. Na\u0161i poslucha\u010di maj\u00ed 15% slevu v knihkupectv\u00ed Academia Na Florenci.<\/p>\n\n\n\n<p><strong>Moodle:<\/strong>&nbsp;Aplikace Moodle a p\u0159ihl\u00e1\u0161en\u00ed do kurz\u016f nejsou toto\u017en\u00e9. P\u0159ihla\u0161ovac\u00ed aplikace slou\u017e\u00ed k registraci u\u017eivatel\u016f a p\u0159ihla\u0161ov\u00e1n\u00ed do kurz\u016f, Moodle je online platforma vyu\u017e\u00edvan\u00e1 p\u0159i v\u00fduce.<\/p>\n\n\n\n<p><\/p>\n\n\n\n<h2 class=\"wp-block-heading\" id=\"rozvrh\"><strong>Rozvrh<\/strong><\/h2>\n\n\n\n<p>PRAHA:&nbsp;<a href=\"https:\/\/ksj.microshop.cz\/wp-content\/uploads\/2024\/01\/Rozvrh-prezencnich-kurzu-Praha_2023_24.pdf\" target=\"_blank\" rel=\"noreferrer noopener\">Rozvrh prezen\u010dn\u00edch kurz\u016f na rok 2023\/24 naleznete zde.<\/a>&nbsp;Prohl\u00e9dnout si ho m\u016f\u017eete tak\u00e9 v p\u0159ihla\u0161ovac\u00ed aplikaci.<\/p>\n\n\n\n<p>BRNO:&nbsp;&nbsp;<a href=\"https:\/\/ksj.microshop.cz\/wp-content\/uploads\/2024\/01\/Rozvrh-Brno_2023-24.pdf\" target=\"_blank\" rel=\"noreferrer noopener\">Rozvrh si m\u016f\u017eete prohl\u00e9dnout zde.<\/a>&nbsp;<\/p>\n\n\n\n<p><a href=\"https:\/\/ksj.microshop.cz\/wp-content\/uploads\/2024\/01\/Rozvrh-online-kurzu-Praha_Brno_2023_24.pdf\" target=\"_blank\" rel=\"noreferrer noopener\">Rozvrh online kurz\u016f pro Prahu i Brno na rok 2023\/24 naleznete zde.<\/a><\/p>\n","protected":false},"excerpt":{"rendered":"<p>Harmonogram \u0161koln\u00edho roku 2024\/25 Cen\u00edk Prohl\u00e9dn\u011bte\u00a0si\u00a0aktu\u00e1ln\u00ed cen\u00edk pro \u0161koln\u00ed rok\u00a02024\/25 Dotazy k&nbsp;platb\u00e1m:&nbsp;martynkova@langdpt.cas.cz \u010c\u00edslo \u00fa\u010dtu:&nbsp;987654386\/5500 Kurzy pro ve\u0159ejnost&nbsp;nab\u00edz\u00edme pouze&nbsp;na dopln\u011bn\u00ed voln\u00e9 kapacity kurz\u016f pro zam\u011bstnance AV \u010cR s omezen\u00fdmi mo\u017enostmi v\u00fdb\u011bru term\u00ednu kon\u00e1n\u00ed kurzu.&nbsp; Pravidla a&nbsp;podm\u00ednky studia P\u0159e\u010dt\u011bte&nbsp;si&nbsp;aktu\u00e1ln\u00ed pravidla a&nbsp;podm\u00ednky studia. Struktura v\u00fduky Organizace:&nbsp;V\u00fduka je organizov\u00e1na po semestrech. Kurzy&nbsp;se konaj\u00ed prezen\u010dn\u011b nebo online, p\u0159\u00edp. kombinovan\u011b (tedy [&hellip;]<\/p>\n","protected":false},"author":1,"featured_media":0,"parent":0,"menu_order":0,"comment_status":"closed","ping_status":"closed","template":"","meta":{"footnotes":""},"categories":[],"tags":[],"class_list":["post-2729","page","type-page","status-publish","hentry"],"acf":[],"yoast_head":"<!-- This site is optimized with the Yoast SEO plugin v27.4 - https:\/\/yoast.com\/product\/yoast-seo-wordpress\/ -->\n<title>O studiu - Kabinet studia jazyk\u016f<\/title>\n<meta name=\"robots\" content=\"noindex, follow, max-snippet:-1, max-image-preview:large, max-video-preview:-1\" \/>\n<meta property=\"og:locale\" content=\"en_US\" \/>\n<meta property=\"og:type\" content=\"article\" \/>\n<meta property=\"og:title\" content=\"O studiu - Kabinet studia jazyk\u016f\" \/>\n<meta property=\"og:description\" content=\"Harmonogram \u0161koln\u00edho roku 2024\/25 Cen\u00edk Prohl\u00e9dn\u011bte\u00a0si\u00a0aktu\u00e1ln\u00ed cen\u00edk pro \u0161koln\u00ed rok\u00a02024\/25 Dotazy k&nbsp;platb\u00e1m:&nbsp;martynkova@langdpt.cas.cz \u010c\u00edslo \u00fa\u010dtu:&nbsp;987654386\/5500 Kurzy pro ve\u0159ejnost&nbsp;nab\u00edz\u00edme pouze&nbsp;na dopln\u011bn\u00ed voln\u00e9 kapacity kurz\u016f pro zam\u011bstnance AV \u010cR s omezen\u00fdmi mo\u017enostmi v\u00fdb\u011bru term\u00ednu kon\u00e1n\u00ed kurzu.&nbsp; Pravidla a&nbsp;podm\u00ednky studia P\u0159e\u010dt\u011bte&nbsp;si&nbsp;aktu\u00e1ln\u00ed pravidla a&nbsp;podm\u00ednky studia. Struktura v\u00fduky Organizace:&nbsp;V\u00fduka je organizov\u00e1na po semestrech. Kurzy&nbsp;se konaj\u00ed prezen\u010dn\u011b nebo online, p\u0159\u00edp. kombinovan\u011b (tedy [&hellip;]\" \/>\n<meta property=\"og:url\" content=\"https:\/\/ksj.microshop.cz\/o-studiu\/\" \/>\n<meta property=\"og:site_name\" content=\"Kabinet studia jazyk\u016f\" \/>\n<meta property=\"article:modified_time\" content=\"2024-05-30T07:17:22+00:00\" \/>\n<meta name=\"twitter:card\" content=\"summary_large_image\" \/>\n<meta name=\"twitter:label1\" content=\"Est. reading time\" \/>\n\t<meta name=\"twitter:data1\" content=\"2 minutes\" \/>\n<script type=\"application\/ld+json\" class=\"yoast-schema-graph\">{\"@context\":\"https:\\\/\\\/schema.org\",\"@graph\":[{\"@type\":\"WebPage\",\"@id\":\"https:\\\/\\\/ksj.microshop.cz\\\/o-studiu\\\/\",\"url\":\"https:\\\/\\\/ksj.microshop.cz\\\/o-studiu\\\/\",\"name\":\"O studiu - Kabinet studia jazyk\u016f\",\"isPartOf\":{\"@id\":\"https:\\\/\\\/ksj.microshop.cz\\\/#website\"},\"datePublished\":\"2024-01-31T20:03:58+00:00\",\"dateModified\":\"2024-05-30T07:17:22+00:00\",\"breadcrumb\":{\"@id\":\"https:\\\/\\\/ksj.microshop.cz\\\/o-studiu\\\/#breadcrumb\"},\"inLanguage\":\"en-US\",\"potentialAction\":[{\"@type\":\"ReadAction\",\"target\":[\"https:\\\/\\\/ksj.microshop.cz\\\/o-studiu\\\/\"]}]},{\"@type\":\"BreadcrumbList\",\"@id\":\"https:\\\/\\\/ksj.microshop.cz\\\/o-studiu\\\/#breadcrumb\",\"itemListElement\":[{\"@type\":\"ListItem\",\"position\":1,\"name\":\"Home\",\"item\":\"https:\\\/\\\/ksj.microshop.cz\\\/\"},{\"@type\":\"ListItem\",\"position\":2,\"name\":\"O studiu\"}]},{\"@type\":\"WebSite\",\"@id\":\"https:\\\/\\\/ksj.microshop.cz\\\/#website\",\"url\":\"https:\\\/\\\/ksj.microshop.cz\\\/\",\"name\":\"Kabinet studia jazyk\u016f\",\"description\":\"\",\"publisher\":{\"@id\":\"https:\\\/\\\/ksj.microshop.cz\\\/#organization\"},\"potentialAction\":[{\"@type\":\"SearchAction\",\"target\":{\"@type\":\"EntryPoint\",\"urlTemplate\":\"https:\\\/\\\/ksj.microshop.cz\\\/?s={search_term_string}\"},\"query-input\":{\"@type\":\"PropertyValueSpecification\",\"valueRequired\":true,\"valueName\":\"search_term_string\"}}],\"inLanguage\":\"en-US\"},{\"@type\":\"Organization\",\"@id\":\"https:\\\/\\\/ksj.microshop.cz\\\/#organization\",\"name\":\"Kabinet studia jazyk\u016f\",\"url\":\"https:\\\/\\\/ksj.microshop.cz\\\/\",\"logo\":{\"@type\":\"ImageObject\",\"inLanguage\":\"en-US\",\"@id\":\"https:\\\/\\\/ksj.microshop.cz\\\/#\\\/schema\\\/logo\\\/image\\\/\",\"url\":\"https:\\\/\\\/ksj.microshop.cz\\\/wp-content\\\/uploads\\\/2023\\\/04\\\/ksj-logo.svg\",\"contentUrl\":\"https:\\\/\\\/ksj.microshop.cz\\\/wp-content\\\/uploads\\\/2023\\\/04\\\/ksj-logo.svg\",\"width\":55,\"height\":63,\"caption\":\"Kabinet studia jazyk\u016f\"},\"image\":{\"@id\":\"https:\\\/\\\/ksj.microshop.cz\\\/#\\\/schema\\\/logo\\\/image\\\/\"}}]}<\/script>\n<!-- \/ Yoast SEO plugin. -->","yoast_head_json":{"title":"O studiu - Kabinet studia jazyk\u016f","robots":{"index":"noindex","follow":"follow","max-snippet":"max-snippet:-1","max-image-preview":"max-image-preview:large","max-video-preview":"max-video-preview:-1"},"og_locale":"en_US","og_type":"article","og_title":"O studiu - Kabinet studia jazyk\u016f","og_description":"Harmonogram \u0161koln\u00edho roku 2024\/25 Cen\u00edk Prohl\u00e9dn\u011bte\u00a0si\u00a0aktu\u00e1ln\u00ed cen\u00edk pro \u0161koln\u00ed rok\u00a02024\/25 Dotazy k&nbsp;platb\u00e1m:&nbsp;martynkova@langdpt.cas.cz \u010c\u00edslo \u00fa\u010dtu:&nbsp;987654386\/5500 Kurzy pro ve\u0159ejnost&nbsp;nab\u00edz\u00edme pouze&nbsp;na dopln\u011bn\u00ed voln\u00e9 kapacity kurz\u016f pro zam\u011bstnance AV \u010cR s omezen\u00fdmi mo\u017enostmi v\u00fdb\u011bru term\u00ednu kon\u00e1n\u00ed kurzu.&nbsp; Pravidla a&nbsp;podm\u00ednky studia P\u0159e\u010dt\u011bte&nbsp;si&nbsp;aktu\u00e1ln\u00ed pravidla a&nbsp;podm\u00ednky studia. Struktura v\u00fduky Organizace:&nbsp;V\u00fduka je organizov\u00e1na po semestrech. Kurzy&nbsp;se konaj\u00ed prezen\u010dn\u011b nebo online, p\u0159\u00edp. kombinovan\u011b (tedy [&hellip;]","og_url":"https:\/\/ksj.microshop.cz\/o-studiu\/","og_site_name":"Kabinet studia jazyk\u016f","article_modified_time":"2024-05-30T07:17:22+00:00","twitter_card":"summary_large_image","twitter_misc":{"Est. reading time":"2 minutes"},"schema":{"@context":"https:\/\/schema.org","@graph":[{"@type":"WebPage","@id":"https:\/\/ksj.microshop.cz\/o-studiu\/","url":"https:\/\/ksj.microshop.cz\/o-studiu\/","name":"O studiu - Kabinet studia jazyk\u016f","isPartOf":{"@id":"https:\/\/ksj.microshop.cz\/#website"},"datePublished":"2024-01-31T20:03:58+00:00","dateModified":"2024-05-30T07:17:22+00:00","breadcrumb":{"@id":"https:\/\/ksj.microshop.cz\/o-studiu\/#breadcrumb"},"inLanguage":"en-US","potentialAction":[{"@type":"ReadAction","target":["https:\/\/ksj.microshop.cz\/o-studiu\/"]}]},{"@type":"BreadcrumbList","@id":"https:\/\/ksj.microshop.cz\/o-studiu\/#breadcrumb","itemListElement":[{"@type":"ListItem","position":1,"name":"Home","item":"https:\/\/ksj.microshop.cz\/"},{"@type":"ListItem","position":2,"name":"O studiu"}]},{"@type":"WebSite","@id":"https:\/\/ksj.microshop.cz\/#website","url":"https:\/\/ksj.microshop.cz\/","name":"Kabinet studia jazyk\u016f","description":"","publisher":{"@id":"https:\/\/ksj.microshop.cz\/#organization"},"potentialAction":[{"@type":"SearchAction","target":{"@type":"EntryPoint","urlTemplate":"https:\/\/ksj.microshop.cz\/?s={search_term_string}"},"query-input":{"@type":"PropertyValueSpecification","valueRequired":true,"valueName":"search_term_string"}}],"inLanguage":"en-US"},{"@type":"Organization","@id":"https:\/\/ksj.microshop.cz\/#organization","name":"Kabinet studia jazyk\u016f","url":"https:\/\/ksj.microshop.cz\/","logo":{"@type":"ImageObject","inLanguage":"en-US","@id":"https:\/\/ksj.microshop.cz\/#\/schema\/logo\/image\/","url":"https:\/\/ksj.microshop.cz\/wp-content\/uploads\/2023\/04\/ksj-logo.svg","contentUrl":"https:\/\/ksj.microshop.cz\/wp-content\/uploads\/2023\/04\/ksj-logo.svg","width":55,"height":63,"caption":"Kabinet studia jazyk\u016f"},"image":{"@id":"https:\/\/ksj.microshop.cz\/#\/schema\/logo\/image\/"}}]}},"_links":{"self":[{"href":"https:\/\/ksj.microshop.cz\/en\/wp-json\/wp\/v2\/pages\/2729","targetHints":{"allow":["GET"]}}],"collection":[{"href":"https:\/\/ksj.microshop.cz\/en\/wp-json\/wp\/v2\/pages"}],"about":[{"href":"https:\/\/ksj.microshop.cz\/en\/wp-json\/wp\/v2\/types\/page"}],"author":[{"embeddable":true,"href":"https:\/\/ksj.microshop.cz\/en\/wp-json\/wp\/v2\/users\/1"}],"replies":[{"embeddable":true,"href":"https:\/\/ksj.microshop.cz\/en\/wp-json\/wp\/v2\/comments?post=2729"}],"version-history":[{"count":19,"href":"https:\/\/ksj.microshop.cz\/en\/wp-json\/wp\/v2\/pages\/2729\/revisions"}],"predecessor-version":[{"id":4438,"href":"https:\/\/ksj.microshop.cz\/en\/wp-json\/wp\/v2\/pages\/2729\/revisions\/4438"}],"wp:attachment":[{"href":"https:\/\/ksj.microshop.cz\/en\/wp-json\/wp\/v2\/media?parent=2729"}],"wp:term":[{"taxonomy":"category","embeddable":true,"href":"https:\/\/ksj.microshop.cz\/en\/wp-json\/wp\/v2\/categories?post=2729"},{"taxonomy":"post_tag","embeddable":true,"href":"https:\/\/ksj.microshop.cz\/en\/wp-json\/wp\/v2\/tags?post=2729"}],"curies":[{"name":"wp","href":"https:\/\/api.w.org\/{rel}","templated":true}]}}