{"id":2484,"date":"2023-12-07T19:36:53","date_gmt":"2023-12-07T19:36:53","guid":{"rendered":"https:\/\/ksj.microshop.cz\/?page_id=2484"},"modified":"2024-05-10T11:05:08","modified_gmt":"2024-05-10T11:05:08","slug":"kurz-pro-lektory","status":"publish","type":"page","link":"https:\/\/ksj.microshop.cz\/en\/kurz-pro-lektory\/","title":{"rendered":"Writing for Publication: Supervisor\/Lecturer Training"},"content":{"rendered":"\n<div class=\"wp-block-columns is-layout-flex wp-container-core-columns-is-layout-9d6595d7 wp-block-columns-is-layout-flex\">\n<div class=\"wp-block-column is-layout-flow wp-block-column-is-layout-flow\" style=\"flex-basis:100%\">\n<p><strong>Course Lecturer<\/strong>: Dr.&nbsp;<a href=\"https:\/\/danadriscoll.com\/\">Dana Lynn Driscoll<\/a>&nbsp;(Director of the Kathleen Jones White Writing Center, Professor in English, Indiana University of Pennsylvania, USA)<\/p>\n<\/div>\n<\/div>\n\n\n\n<p><strong>Course Aims<\/strong>: to prepare course participants to design and teach courses in which doctoral students, under the guidance of the lecturer, gradually write a publishable English article about their research, with an emphasis on adherence to the basic principles of scientific work. Course participants as future lecturers will be able to guide students through the entire publication process, including selecting an appropriate journal, communicating with editors and reviewers, preparing the manuscript for peer review, etc. They will also be able to use their acquired skills to teach the general principles of academic writing in English, which their students will appreciate, for example, when writing their dissertations. The course does not deal with academic English.<\/p>\n\n\n\n<p><strong>Target Group<\/strong>: Academics\/post-doctoral students from various disciplines with perfect knowledge of English (C1 level according to CEFR) or English language teachers. For English language teachers, knowledge of the basics of scientific work or experience in the publication\/review process is an advantage.<\/p>\n\n\n\n<p><strong>Course Dates<\/strong>: we plan to open the next session in September\/Oct 2023 (13 weeks)<\/p>\n\n\n\n<p><strong>Format<\/strong>: blended-learning (Moodle e-learning platform + meetings with the course lecturer via Zoom)<\/p>\n\n\n\n<p><strong>Course content<\/strong>:<\/p>\n\n\n\n<ul class=\"wp-block-list\">\n<li>10 modules with video lectures on the theoretical foundations of teaching publication skills. Main topics: Threshold concepts, genre analysis, plagiarism, empirical article, publication process, peer-review, feedback, and writing conferences<\/li>\n\n\n\n<li>Each topic is accompanied by study materials and assignments that the participants can later use in their own teaching practice. The participants will receive individualized feedback on each assignment<\/li>\n\n\n\n<li>Once every 3 weeks a reflective meeting with other course participants and the lecturer (via Zoom)<\/li>\n\n\n\n<li>Course participants also receive the handbook&nbsp;<em>Teaching Writing for Publication to EAL learners<\/em>&nbsp;(authored by Etchegoyen Rosolov\u00e1 K., Lurring, E. and Ka\u0161p\u00e1rkov\u00e1 A.). This handbook summarizes the basic approaches to teaching publication skills in English and contains many practical examples of students\u2019 texts.<\/li>\n<\/ul>\n\n\n\n<p><strong>Graduates will be able to<\/strong>:<\/p>\n\n\n\n<ul class=\"wp-block-list\">\n<li>guide students in scientific writing according to English-language conventions (i.e. those required by most international peer-reviewed journals)<\/li>\n\n\n\n<li>apply various teaching approaches to the teaching of writing (genre pedagogy, corpus linguistics, social pedagogy in writing, etc.)<\/li>\n\n\n\n<li>work in the Moodle e-learning environment<\/li>\n\n\n\n<li>guide students through the publishing process and prepare them for peer review<\/li>\n\n\n\n<li>provide constructive feedback (written and oral in writing conferences)<\/li>\n\n\n\n<li>tailor the course \u201cWriting for Publication\u201d for the needs of their group\/department\/faculty (if they follow the basic course with&nbsp;<strong>the Practical Training<\/strong>&nbsp;module \u2014 please, see below)<\/li>\n<\/ul>\n\n\n\n<p class=\"has-dark-blue-color has-text-color has-link-color wp-elements-a68f6ec22f80267dbe56cba78107708a\"><strong>Course fee:&nbsp;<\/strong>600 EUR + VAT \/ 15 000 CZK + DPH<\/p>\n\n\n\n<p><strong>Time commitment:&nbsp;<\/strong>3-5 hours of study on average per week<\/p>\n\n\n\n<p>In addition to this course, we strongly recommend following up with a semester of&nbsp;<strong>Practical Training&nbsp;<\/strong>with mentors from the Czech Academy of Sciences or the Technical University of Ostrava<\/p>\n\n\n\n<ul class=\"wp-block-list\">\n<li>hands-on experience in a real blended-learning course Writing for Publication for doctoral students and researchers<\/li>\n\n\n\n<li>participants work with 2-3 students under the guidance of a mentor, give them feedback (the course is run under the \u00daJ\u010c AV \u010cR or V\u0160B-TUO) and assist in writing conferences<\/li>\n\n\n\n<li>regular reflective meetings (approx. once a month) to share experiences and consult upcoming course tasks<\/li>\n\n\n\n<li>shadowing and teaching in an authentic, successful course that participants can use as a model for creating their own courses<\/li>\n<\/ul>\n\n\n\n<p class=\"has-dark-blue-color has-text-color has-link-color wp-elements-d4c45b34b909d4a19cdd690f1bab3ab7\"><strong>Training Fee<\/strong>: 400 EUR + VAT (course length 13-15 weeks) \/ 10 000 CZK + DPH<\/p>\n\n\n\n<p>If interested, please contact Alena Ka\u0161p\u00e1rkov\u00e1 (<a href=\"mailto:alena.kasparkova@vsb.cz\">alena.kasparkova@vsb.cz<\/a>) or Kamila Etchegoyen Rosolova (<a href=\"mailto:etchegoyen@langdpt.cas.cz\">etchegoyen@langdpt.cas.cz<\/a>)<\/p>\n","protected":false},"excerpt":{"rendered":"<p>Course Lecturer: Dr.&nbsp;Dana Lynn Driscoll&nbsp;(Director of the Kathleen Jones White Writing Center, Professor in English, Indiana University of Pennsylvania, USA) Course Aims: to prepare course participants to design and teach courses in which doctoral students, under the guidance of the lecturer, gradually write a publishable English article about their research, with an emphasis on adherence [&hellip;]<\/p>\n","protected":false},"author":1,"featured_media":0,"parent":0,"menu_order":0,"comment_status":"closed","ping_status":"closed","template":"","meta":{"footnotes":""},"categories":[],"tags":[],"class_list":["post-2484","page","type-page","status-publish","hentry"],"acf":[],"yoast_head":"<!-- This site is optimized with the Yoast SEO plugin v27.4 - https:\/\/yoast.com\/product\/yoast-seo-wordpress\/ -->\n<title>Writing for Publication: Supervisor\/Lecturer Training - Kabinet studia jazyk\u016f<\/title>\n<meta name=\"robots\" content=\"noindex, follow, max-snippet:-1, max-image-preview:large, max-video-preview:-1\" \/>\n<meta property=\"og:locale\" content=\"en_US\" \/>\n<meta property=\"og:type\" content=\"article\" \/>\n<meta property=\"og:title\" content=\"Writing for Publication: Supervisor\/Lecturer Training - Kabinet studia jazyk\u016f\" \/>\n<meta property=\"og:description\" content=\"Course Lecturer: Dr.&nbsp;Dana Lynn Driscoll&nbsp;(Director of the Kathleen Jones White Writing Center, Professor in English, Indiana University of Pennsylvania, USA) Course Aims: to prepare course participants to design and teach courses in which doctoral students, under the guidance of the lecturer, gradually write a publishable English article about their research, with an emphasis on adherence [&hellip;]\" \/>\n<meta property=\"og:url\" content=\"https:\/\/ksj.microshop.cz\/kurz-pro-lektory\/\" \/>\n<meta property=\"og:site_name\" content=\"Kabinet studia jazyk\u016f\" \/>\n<meta property=\"article:modified_time\" content=\"2024-05-10T11:05:08+00:00\" \/>\n<meta name=\"twitter:card\" content=\"summary_large_image\" \/>\n<meta name=\"twitter:label1\" content=\"Est. reading time\" \/>\n\t<meta name=\"twitter:data1\" content=\"4 minutes\" \/>\n<script type=\"application\/ld+json\" class=\"yoast-schema-graph\">{\"@context\":\"https:\\\/\\\/schema.org\",\"@graph\":[{\"@type\":\"WebPage\",\"@id\":\"https:\\\/\\\/ksj.microshop.cz\\\/kurz-pro-lektory\\\/\",\"url\":\"https:\\\/\\\/ksj.microshop.cz\\\/kurz-pro-lektory\\\/\",\"name\":\"Writing for Publication: Supervisor\\\/Lecturer Training - Kabinet studia jazyk\u016f\",\"isPartOf\":{\"@id\":\"https:\\\/\\\/ksj.microshop.cz\\\/#website\"},\"datePublished\":\"2023-12-07T19:36:53+00:00\",\"dateModified\":\"2024-05-10T11:05:08+00:00\",\"breadcrumb\":{\"@id\":\"https:\\\/\\\/ksj.microshop.cz\\\/kurz-pro-lektory\\\/#breadcrumb\"},\"inLanguage\":\"en-US\",\"potentialAction\":[{\"@type\":\"ReadAction\",\"target\":[\"https:\\\/\\\/ksj.microshop.cz\\\/kurz-pro-lektory\\\/\"]}]},{\"@type\":\"BreadcrumbList\",\"@id\":\"https:\\\/\\\/ksj.microshop.cz\\\/kurz-pro-lektory\\\/#breadcrumb\",\"itemListElement\":[{\"@type\":\"ListItem\",\"position\":1,\"name\":\"Home\",\"item\":\"https:\\\/\\\/ksj.microshop.cz\\\/\"},{\"@type\":\"ListItem\",\"position\":2,\"name\":\"Writing for Publication: Supervisor\\\/Lecturer Training\"}]},{\"@type\":\"WebSite\",\"@id\":\"https:\\\/\\\/ksj.microshop.cz\\\/#website\",\"url\":\"https:\\\/\\\/ksj.microshop.cz\\\/\",\"name\":\"Kabinet studia jazyk\u016f\",\"description\":\"\",\"publisher\":{\"@id\":\"https:\\\/\\\/ksj.microshop.cz\\\/#organization\"},\"potentialAction\":[{\"@type\":\"SearchAction\",\"target\":{\"@type\":\"EntryPoint\",\"urlTemplate\":\"https:\\\/\\\/ksj.microshop.cz\\\/?s={search_term_string}\"},\"query-input\":{\"@type\":\"PropertyValueSpecification\",\"valueRequired\":true,\"valueName\":\"search_term_string\"}}],\"inLanguage\":\"en-US\"},{\"@type\":\"Organization\",\"@id\":\"https:\\\/\\\/ksj.microshop.cz\\\/#organization\",\"name\":\"Kabinet studia jazyk\u016f\",\"url\":\"https:\\\/\\\/ksj.microshop.cz\\\/\",\"logo\":{\"@type\":\"ImageObject\",\"inLanguage\":\"en-US\",\"@id\":\"https:\\\/\\\/ksj.microshop.cz\\\/#\\\/schema\\\/logo\\\/image\\\/\",\"url\":\"https:\\\/\\\/ksj.microshop.cz\\\/wp-content\\\/uploads\\\/2023\\\/04\\\/ksj-logo.svg\",\"contentUrl\":\"https:\\\/\\\/ksj.microshop.cz\\\/wp-content\\\/uploads\\\/2023\\\/04\\\/ksj-logo.svg\",\"width\":55,\"height\":63,\"caption\":\"Kabinet studia jazyk\u016f\"},\"image\":{\"@id\":\"https:\\\/\\\/ksj.microshop.cz\\\/#\\\/schema\\\/logo\\\/image\\\/\"}}]}<\/script>\n<!-- \/ Yoast SEO plugin. -->","yoast_head_json":{"title":"Writing for Publication: Supervisor\/Lecturer Training - Kabinet studia jazyk\u016f","robots":{"index":"noindex","follow":"follow","max-snippet":"max-snippet:-1","max-image-preview":"max-image-preview:large","max-video-preview":"max-video-preview:-1"},"og_locale":"en_US","og_type":"article","og_title":"Writing for Publication: Supervisor\/Lecturer Training - Kabinet studia jazyk\u016f","og_description":"Course Lecturer: Dr.&nbsp;Dana Lynn Driscoll&nbsp;(Director of the Kathleen Jones White Writing Center, Professor in English, Indiana University of Pennsylvania, USA) Course Aims: to prepare course participants to design and teach courses in which doctoral students, under the guidance of the lecturer, gradually write a publishable English article about their research, with an emphasis on adherence [&hellip;]","og_url":"https:\/\/ksj.microshop.cz\/kurz-pro-lektory\/","og_site_name":"Kabinet studia jazyk\u016f","article_modified_time":"2024-05-10T11:05:08+00:00","twitter_card":"summary_large_image","twitter_misc":{"Est. reading time":"4 minutes"},"schema":{"@context":"https:\/\/schema.org","@graph":[{"@type":"WebPage","@id":"https:\/\/ksj.microshop.cz\/kurz-pro-lektory\/","url":"https:\/\/ksj.microshop.cz\/kurz-pro-lektory\/","name":"Writing for Publication: Supervisor\/Lecturer Training - Kabinet studia jazyk\u016f","isPartOf":{"@id":"https:\/\/ksj.microshop.cz\/#website"},"datePublished":"2023-12-07T19:36:53+00:00","dateModified":"2024-05-10T11:05:08+00:00","breadcrumb":{"@id":"https:\/\/ksj.microshop.cz\/kurz-pro-lektory\/#breadcrumb"},"inLanguage":"en-US","potentialAction":[{"@type":"ReadAction","target":["https:\/\/ksj.microshop.cz\/kurz-pro-lektory\/"]}]},{"@type":"BreadcrumbList","@id":"https:\/\/ksj.microshop.cz\/kurz-pro-lektory\/#breadcrumb","itemListElement":[{"@type":"ListItem","position":1,"name":"Home","item":"https:\/\/ksj.microshop.cz\/"},{"@type":"ListItem","position":2,"name":"Writing for Publication: Supervisor\/Lecturer Training"}]},{"@type":"WebSite","@id":"https:\/\/ksj.microshop.cz\/#website","url":"https:\/\/ksj.microshop.cz\/","name":"Kabinet studia jazyk\u016f","description":"","publisher":{"@id":"https:\/\/ksj.microshop.cz\/#organization"},"potentialAction":[{"@type":"SearchAction","target":{"@type":"EntryPoint","urlTemplate":"https:\/\/ksj.microshop.cz\/?s={search_term_string}"},"query-input":{"@type":"PropertyValueSpecification","valueRequired":true,"valueName":"search_term_string"}}],"inLanguage":"en-US"},{"@type":"Organization","@id":"https:\/\/ksj.microshop.cz\/#organization","name":"Kabinet studia jazyk\u016f","url":"https:\/\/ksj.microshop.cz\/","logo":{"@type":"ImageObject","inLanguage":"en-US","@id":"https:\/\/ksj.microshop.cz\/#\/schema\/logo\/image\/","url":"https:\/\/ksj.microshop.cz\/wp-content\/uploads\/2023\/04\/ksj-logo.svg","contentUrl":"https:\/\/ksj.microshop.cz\/wp-content\/uploads\/2023\/04\/ksj-logo.svg","width":55,"height":63,"caption":"Kabinet studia jazyk\u016f"},"image":{"@id":"https:\/\/ksj.microshop.cz\/#\/schema\/logo\/image\/"}}]}},"_links":{"self":[{"href":"https:\/\/ksj.microshop.cz\/en\/wp-json\/wp\/v2\/pages\/2484","targetHints":{"allow":["GET"]}}],"collection":[{"href":"https:\/\/ksj.microshop.cz\/en\/wp-json\/wp\/v2\/pages"}],"about":[{"href":"https:\/\/ksj.microshop.cz\/en\/wp-json\/wp\/v2\/types\/page"}],"author":[{"embeddable":true,"href":"https:\/\/ksj.microshop.cz\/en\/wp-json\/wp\/v2\/users\/1"}],"replies":[{"embeddable":true,"href":"https:\/\/ksj.microshop.cz\/en\/wp-json\/wp\/v2\/comments?post=2484"}],"version-history":[{"count":4,"href":"https:\/\/ksj.microshop.cz\/en\/wp-json\/wp\/v2\/pages\/2484\/revisions"}],"predecessor-version":[{"id":3773,"href":"https:\/\/ksj.microshop.cz\/en\/wp-json\/wp\/v2\/pages\/2484\/revisions\/3773"}],"wp:attachment":[{"href":"https:\/\/ksj.microshop.cz\/en\/wp-json\/wp\/v2\/media?parent=2484"}],"wp:term":[{"taxonomy":"category","embeddable":true,"href":"https:\/\/ksj.microshop.cz\/en\/wp-json\/wp\/v2\/categories?post=2484"},{"taxonomy":"post_tag","embeddable":true,"href":"https:\/\/ksj.microshop.cz\/en\/wp-json\/wp\/v2\/tags?post=2484"}],"curies":[{"name":"wp","href":"https:\/\/api.w.org\/{rel}","templated":true}]}}